{"id":112790,"date":"2026-04-18T00:00:00","date_gmt":"2026-04-18T05:00:00","guid":{"rendered":"http:\/\/gpl-love.com\/es\/producto\/groups-para-woocommerce\/"},"modified":"2026-04-18T17:15:48","modified_gmt":"2026-04-18T22:15:48","slug":"groups-para-woocommerce","status":"publish","type":"product","link":"https:\/\/gpl-love.com\/es\/producto\/groups-para-woocommerce\/","title":{"rendered":"Groups para WooCommerce 4.1.0"},"content":{"rendered":"<h3>Groups para WooCommerce Caracteristicas<\/h3>\n<p>Los grupos para el complemento de WooCommerce son una herramienta inmensamente poderosa que le otorga la capacidad de generar y supervisar grupos de clientes dentro de su tienda WooCommerce. Este complemento excepcional facilita la asignaci\u00f3n de precios distintos, descuentos y otras ofertas ventajosas para grupos de clientes espec\u00edficos. Adem\u00e1s, le permite imponer limitaciones a la accesibilidad de ciertos productos, categor\u00edas o p\u00e1ginas, dependiendo de las membres\u00edas de los clientes en los respectivos grupos. Los grupos para el complemento de WooCommerce poseen una interfaz de usuario sin esfuerzo, lo que la hace navegable sin esfuerzo, al tiempo que lo endurece con una amplia gama de opciones de personalizaci\u00f3n. Esto le permite crear una experiencia hecha a medida para sus clientes, una que atiende a sus deseos y preferencias \u00fanicas. Ya sea que su objetivo sea presentar ofertas exclusivas exclusivamente a sus clientes m\u00e1s leales o regular el acceso a unos pocos productos seleccionados, este notable complemento tiene todas sus necesidades cubiertas. Al integrar grupos para WooCommerce en los procesos de gesti\u00f3n de sus clientes, puede optimizar y optimizar sus operaciones, lo que lleva a un aumento en las ventas, al proporcionar a cada grupo de clientes una experiencia completamente personalizada.<\/p>\n<ul>\n<li>Habilita la creaci\u00f3n de precios y descuentos espec\u00edficos del grupo en WooCommerce<\/li>\n<li>Permite una f\u00e1cil gesti\u00f3n de las membres\u00edas y restricciones del grupo de clientes.<\/li>\n<li>Ofrece la capacidad de crear formularios de registro personalizados y asignar clientes a grupos espec\u00edficos al registrarse<\/li>\n<li>Proporciona una forma simple de mostrar contenido y productos espec\u00edficos de grupo en su sitio de WooCommerce<\/li>\n<li>Ayuda a optimizar su proceso de ventas ofreciendo precios y promociones personalizadas para cada grupo de clientes<\/li>\n<li>Compatible con una amplia gama de otras extensiones y complementos de WooCommerce<\/li>\n<li>Incluye documentaci\u00f3n detallada y apoyo de desarrolladores experimentados de WooCommerce<\/li>\n<li>Altamente personalizable, con una variedad de opciones para el estilo y la marca para satisfacer las necesidades de su negocio.<\/li>\n<\/ul>\n","protected":false},"excerpt":{"rendered":"<p>Estamos entusiasmados de presentar la nueva y mejorada entrada: \u00a1Grupos para el complemento WooCommerce! Esta herramienta altamente efectiva y avanzada le ofrece la incre\u00edble capacidad de crear y administrar sin esfuerzo grupos de clientes dentro de su tienda WooCommerce. Le proporciona una amplia gama de m\u00e9todos innovadores para involucrarse efectivamente con su audiencia, establecer campa\u00f1as de marketing espec\u00edficas y mucho m\u00e1s. Ya sea que desee clasificar a sus clientes en funci\u00f3n de su ubicaci\u00f3n geogr\u00e1fica, el historial de compras o cualquier otro criterio espec\u00edfico, tenga la seguridad de que la entrada: los grupos lo tienen completamente cubierto. Adem\u00e1s, este complemento indispensable viene equipado con una interfaz f\u00e1cil de usar que es notablemente intuitiva. Su integraci\u00f3n perfecta en su tienda existente lo convierte en una necesidad absoluta para cualquier minorista de WooCommerce dedicado y dedicado. Por lo tanto, \u00bfpor qu\u00e9 posponer esta oportunidad incomparable? Comience la transformaci\u00f3n de su negocio hoy adoptando el aporte sobresaliente: Grupos para WooCommerce.<\/p>\n","protected":false},"featured_media":166395,"comment_status":"open","ping_status":"open","template":"","meta":[],"product_brand":[2344],"product_cat":[1208,1207,1206],"product_tag":[1423],"class_list":{"0":"post-112790","1":"product","2":"type-product","3":"status-publish","4":"has-post-thumbnail","6":"product_brand-woocommerce","7":"product_cat-administracion","8":"product_cat-comercio-electronico-plugins","9":"product_cat-plugins","10":"product_tag-woocommerce","11":"member-discount","12":"discount-restricted","14":"first","15":"instock","16":"sale","17":"downloadable","18":"virtual","19":"sold-individually","20":"purchasable","21":"product-type-simple"},"_links":{"self":[{"href":"https:\/\/gpl-love.com\/es\/wp-json\/wp\/v2\/product\/112790","targetHints":{"allow":["GET"]}}],"collection":[{"href":"https:\/\/gpl-love.com\/es\/wp-json\/wp\/v2\/product"}],"about":[{"href":"https:\/\/gpl-love.com\/es\/wp-json\/wp\/v2\/types\/product"}],"replies":[{"embeddable":true,"href":"https:\/\/gpl-love.com\/es\/wp-json\/wp\/v2\/comments?post=112790"}],"wp:featuredmedia":[{"embeddable":true,"href":"https:\/\/gpl-love.com\/es\/wp-json\/wp\/v2\/media\/166395"}],"wp:attachment":[{"href":"https:\/\/gpl-love.com\/es\/wp-json\/wp\/v2\/media?parent=112790"}],"wp:term":[{"taxonomy":"product_brand","embeddable":true,"href":"https:\/\/gpl-love.com\/es\/wp-json\/wp\/v2\/product_brand?post=112790"},{"taxonomy":"product_cat","embeddable":true,"href":"https:\/\/gpl-love.com\/es\/wp-json\/wp\/v2\/product_cat?post=112790"},{"taxonomy":"product_tag","embeddable":true,"href":"https:\/\/gpl-love.com\/es\/wp-json\/wp\/v2\/product_tag?post=112790"}],"curies":[{"name":"wp","href":"https:\/\/api.w.org\/{rel}","templated":true}]}}