{"id":112788,"date":"2025-04-16T00:00:00","date_gmt":"2025-04-16T05:00:00","guid":{"rendered":"http:\/\/gpl-love.com\/es\/producto\/wp-cafe-restaurant-reservation-food-menu-y-food-ordering-para-woocommerce\/"},"modified":"2026-03-09T08:27:56","modified_gmt":"2026-03-09T13:27:56","slug":"wp-cafe-restaurant-reservation-food-menu-y-food-ordering-para-woocommerce","status":"publish","type":"product","link":"https:\/\/gpl-love.com\/es\/producto\/wp-cafe-restaurant-reservation-food-menu-y-food-ordering-para-woocommerce\/","title":{"rendered":"WP Cafe Restaurant Reservation Food Menu y Food Ordering para WooCommerce 2.2.27"},"content":{"rendered":"<h3>WP Cafe Restaurant Reservation Food Menu y Food Ordering para WooCommerce Caracteristicas<\/h3>\n<p>El men\u00fa de alimentos de reserva de restaurantes WP Cafe y el pedido de alimentos para WooCommerce es un complemento incre\u00edblemente robusto que mejora en gran medida la funcionalidad de su sitio web de WooCommerce al incorporar a la perfecci\u00f3n la reserva de restaurantes, el men\u00fa de alimentos y las caracter\u00edsticas de pedidos de alimentos. Al implementar este complemento, establecer\u00e1 sin esfuerzo un sistema de reserva, exhibir\u00e1 sin esfuerzo el delicioso men\u00fa de su restaurante y permitir\u00e1 a los clientes colocar los pedidos de alimentos en l\u00ednea. La interfaz notablemente f\u00e1cil de usar y las amplias opciones de personalizaci\u00f3n garantizan que este complemento es excepcionalmente sencillo para navegar y integra sin esfuerzo con la perfecci\u00f3n con su sitio web. Los clientes tienen la maravillosa capacidad de examinar su men\u00fa, realizan pedidos sin esfuerzo con solo unos pocos clics r\u00e1pidos y hacer reservas sin esfuerzo dentro de una ubicaci\u00f3n convenientemente accesible. Este complemento fenomenal se adapta indudablemente a las necesidades de los propietarios de restaurantes que desean optimizar sus esfuerzos en l\u00ednea y proporcionar una experiencia gastron\u00f3mica asombrosamente perfecta para sus estimados patrocinadores.<\/p>\n<ul>\n<li>El complemento de reserva de restaurantes WP Cafe permite a los clientes hacer reservas directamente desde su sitio web<\/li>\n<li>El men\u00fa de alimentos y el sistema de pedidos acompa\u00f1antes se integran perfectamente con WooCommerce, lo que facilita la gesti\u00f3n de pedidos e inventario<\/li>\n<li>Los clientes pueden explorar su men\u00fa de alimentos y hacer pedidos en l\u00ednea, eliminando la necesidad de pedidos telef\u00f3nicos o pedidos en persona<\/li>\n<li>El sistema de reserva permite tiempos de reserva y tama\u00f1os de fiesta personalizados, lo que facilita la administraci\u00f3n de la disponibilidad de la mesa.<\/li>\n<li>Puede optar por requerir un dep\u00f3sito o pago para reservas, reduciendo la probabilidad de no tener shows<\/li>\n<li>El complemento proporciona funciones \u00fatiles de an\u00e1lisis e informes, lo que le permite rastrear pedidos, reservas e ingresos<\/li>\n<li>La interfaz de usuario intuitiva facilita tanto a los clientes como al personal del restaurante navegar y administrar pedidos<\/li>\n<li>El complemento es totalmente personalizable, lo que le permite adaptarlo a las necesidades y la marca de su restaurante espec\u00edfico.<\/li>\n<li>Se integra con las pasarelas de pago populares como PayPal y Stripe, lo que hace que los pagos en l\u00ednea sean simples y seguros.<\/li>\n<\/ul>\n","protected":false},"excerpt":{"rendered":"<p>Presentamos WP Cafe, un producto extraordinario e incomparable dise\u00f1ado exclusivamente para los estimados propietarios de restaurantes que anhelan optimizar y acelerar las complejidades de sus procedimientos de reserva y pedido de alimentos. Al aprovechar este complemento que lo abarca meticulosamente adaptado para las plataformas de WordPress y WooCommerce, los restauradores obtienen la capacidad de supervisar y administrar reservas sin esfuerzo mientras presentan simult\u00e1neamente su delicioso repertorio de delicias culinarias. Esta oferta impecablemente dise\u00f1ada y cargada abarca todos los aspectos concebibles esenciales para elevar y aumentar la experiencia gastron\u00f3mica general de los clientes, todos sin someter a los propietarios a la ardua carga del seguimiento manual de las reservas. Abrace el futuro de la eficiencia gastron\u00f3mica y la conveniencia, a medida que los clientes se exubrieran en la facilidad incomparable de ordenar sus comidas deseadas con un simple poco clic de clics. Revolucione su establecimiento hoy adoptando las capacidades extraordinarias de WP Cafe.<\/p>\n","protected":false},"featured_media":168374,"comment_status":"open","ping_status":"open","template":"","meta":[],"product_brand":[2339],"product_cat":[1207,1248,1206],"product_tag":[1256],"class_list":{"0":"post-112788","1":"product","2":"type-product","3":"status-publish","4":"has-post-thumbnail","6":"product_brand-codecanyon","7":"product_cat-comercio-electronico-plugins","8":"product_cat-personalizacion-comercio-electronico-plugins","9":"product_cat-plugins","10":"product_tag-codecanyon","11":"member-discount","12":"discount-restricted","14":"first","15":"instock","16":"sale","17":"downloadable","18":"virtual","19":"sold-individually","20":"purchasable","21":"product-type-simple"},"_links":{"self":[{"href":"https:\/\/gpl-love.com\/es\/wp-json\/wp\/v2\/product\/112788","targetHints":{"allow":["GET"]}}],"collection":[{"href":"https:\/\/gpl-love.com\/es\/wp-json\/wp\/v2\/product"}],"about":[{"href":"https:\/\/gpl-love.com\/es\/wp-json\/wp\/v2\/types\/product"}],"replies":[{"embeddable":true,"href":"https:\/\/gpl-love.com\/es\/wp-json\/wp\/v2\/comments?post=112788"}],"wp:featuredmedia":[{"embeddable":true,"href":"https:\/\/gpl-love.com\/es\/wp-json\/wp\/v2\/media\/168374"}],"wp:attachment":[{"href":"https:\/\/gpl-love.com\/es\/wp-json\/wp\/v2\/media?parent=112788"}],"wp:term":[{"taxonomy":"product_brand","embeddable":true,"href":"https:\/\/gpl-love.com\/es\/wp-json\/wp\/v2\/product_brand?post=112788"},{"taxonomy":"product_cat","embeddable":true,"href":"https:\/\/gpl-love.com\/es\/wp-json\/wp\/v2\/product_cat?post=112788"},{"taxonomy":"product_tag","embeddable":true,"href":"https:\/\/gpl-love.com\/es\/wp-json\/wp\/v2\/product_tag?post=112788"}],"curies":[{"name":"wp","href":"https:\/\/api.w.org\/{rel}","templated":true}]}}