{"id":112784,"date":"2024-05-10T00:00:00","date_gmt":"2024-05-10T05:00:00","guid":{"rendered":"http:\/\/gpl-love.com\/es\/producto\/domnoo-pizza-y-restaurant-wordpress-tema\/"},"modified":"2026-03-13T17:19:24","modified_gmt":"2026-03-13T22:19:24","slug":"domnoo-pizza-y-restaurant-wordpress-tema","status":"publish","type":"product","link":"https:\/\/gpl-love.com\/es\/producto\/domnoo-pizza-y-restaurant-wordpress-tema\/","title":{"rendered":"Domnoo Pizza y Restaurant WordPress Theme 1.38"},"content":{"rendered":"<h3>Domnoo Pizza y Restaurant WordPress Theme Caracteristicas<\/h3>\n<p>El tema de WordPress de Domnoo Pizza and Restaurant es un tema muy vers\u00e1til y notablemente receptivo que ha sido meticulosamente elaborado para satisfacer las necesidades espec\u00edficas de las empresas relacionadas con la comida, incluidas, entre otros, pizzias, restaurantes, cafeter\u00edas, bares y panader\u00edas. Con una interfaz notablemente f\u00e1cil de usar y una extensa gama de caracter\u00edsticas a su disposici\u00f3n, administrar sin esfuerzo su sitio web al tiempo que muestra efectivamente sus diversos men\u00fas, eventos emocionantes, m\u00faltiples ubicaciones y servicios de primer nivel se convierten en una brisa absoluta. Adem\u00e1s, el dise\u00f1o moderno y elegante de este tema garantiza no solo un sitio web visualmente cautivador, sino tambi\u00e9n uno que puede ser personalizado para alinearse perfectamente con sus requisitos \u00fanicos de marca y marketing. Adem\u00e1s, Domnoo lleva su presencia en l\u00ednea a nuevas alturas al optimizar el motor de b\u00fasqueda y ofrecer opciones avanzadas para la optimizaci\u00f3n de motores de b\u00fasqueda (SEO) que sirven para mejorar su visibilidad en el panorama digital y atraer una afluencia sustancial de clientes. En resumen, el tema Domnoo Pizza and Restaurant WordPress se destaca como el ep\u00edtome de una elecci\u00f3n prudente para las personas en busca de un sitio web navegable y profesionalmente pulido sin esfuerzo para su estimada empresa relacionada con la comida.<\/p>\n<ul>\n<li>Un tema de WordPress moderno y visualmente atractivo dise\u00f1ado espec\u00edficamente para sitios web de pizza y restaurantes<\/li>\n<li>Dise\u00f1os predise\u00f1ados para p\u00e1ginas de men\u00fa, formularios de reserva y sobre las secciones de EE. UU.<\/li>\n<li>Integraci\u00f3n con Visual Composer, que permite una f\u00e1cil personalizaci\u00f3n y creaci\u00f3n de nuevas p\u00e1ginas y secciones<\/li>\n<li>Dise\u00f1o receptivo para garantizar una visualizaci\u00f3n \u00f3ptima en todos los tama\u00f1os de los dispositivos<\/li>\n<li>Compatibilidad con complementos populares de WordPress como WooCommerce y WPML para una funcionalidad adicional y soporte de varios idiomas<\/li>\n<li>Documentaci\u00f3n y soporte extenso proporcionado para ayudar con la configuraci\u00f3n y la personalizaci\u00f3n<\/li>\n<li>Retina Ready Graphics para visualizaci\u00f3n de im\u00e1genes de alta calidad en dispositivos Retina<\/li>\n<li>C\u00f3digo y optimizaci\u00f3n amigable para SEO para una mejor visibilidad del motor de b\u00fasqueda<\/li>\n<li>Opciones de tipograf\u00eda avanzada para mejorar el atractivo visual del sitio web<\/li>\n<li>Integraci\u00f3n de las redes sociales para f\u00e1cil compartir y promoci\u00f3n en varias plataformas.<\/li>\n<\/ul>\n","protected":false},"excerpt":{"rendered":"<p>Presentaci\u00f3n de Domnoo: un tema de WordPress de pizza y restaurante premium, perfecto para negocios de entrega de pizzas, cafeter\u00edas, panader\u00edas y otros establecimientos relacionados con la comida. Cargados de caracter\u00edsticas potentes como pedidos en l\u00ednea, sistemas de reserva y un constructor de men\u00fa interactivo, este tema ofrece una plataforma f\u00e1cil de usar para que los clientes realicen pedidos f\u00e1cilmente. Adem\u00e1s, incluye una variedad de plantillas personalizables, lo que le brinda control total sobre el dise\u00f1o de su sitio web. Con Domnoo, tambi\u00e9n tiene acceso a herramientas de SEO avanzadas para mejorar su visibilidad en l\u00ednea e impulsar m\u00e1s tr\u00e1fico a su sitio. Este tema de WordPress es totalmente receptivo, asegurando una experiencia de visualizaci\u00f3n \u00f3ptima en todos los dispositivos. Aumente la presencia digital de su restaurante con Domnoo, un tema de WordPress que ofrece estilo y funcionalidad.<\/p>\n","protected":false},"featured_media":165801,"comment_status":"open","ping_status":"open","template":"","meta":[],"product_brand":[2337],"product_cat":[1646,1237,1238],"product_tag":[1391],"class_list":{"0":"post-112784","1":"product","2":"type-product","3":"status-publish","4":"has-post-thumbnail","6":"product_brand-themeforest","7":"product_cat-alimentacion-y-restaurante","8":"product_cat-temas","9":"product_cat-wordpress-temas","10":"product_tag-themeforest","11":"member-discount","12":"discount-restricted","14":"first","15":"instock","16":"sale","17":"downloadable","18":"virtual","19":"sold-individually","20":"purchasable","21":"product-type-simple"},"_links":{"self":[{"href":"https:\/\/gpl-love.com\/es\/wp-json\/wp\/v2\/product\/112784","targetHints":{"allow":["GET"]}}],"collection":[{"href":"https:\/\/gpl-love.com\/es\/wp-json\/wp\/v2\/product"}],"about":[{"href":"https:\/\/gpl-love.com\/es\/wp-json\/wp\/v2\/types\/product"}],"replies":[{"embeddable":true,"href":"https:\/\/gpl-love.com\/es\/wp-json\/wp\/v2\/comments?post=112784"}],"wp:featuredmedia":[{"embeddable":true,"href":"https:\/\/gpl-love.com\/es\/wp-json\/wp\/v2\/media\/165801"}],"wp:attachment":[{"href":"https:\/\/gpl-love.com\/es\/wp-json\/wp\/v2\/media?parent=112784"}],"wp:term":[{"taxonomy":"product_brand","embeddable":true,"href":"https:\/\/gpl-love.com\/es\/wp-json\/wp\/v2\/product_brand?post=112784"},{"taxonomy":"product_cat","embeddable":true,"href":"https:\/\/gpl-love.com\/es\/wp-json\/wp\/v2\/product_cat?post=112784"},{"taxonomy":"product_tag","embeddable":true,"href":"https:\/\/gpl-love.com\/es\/wp-json\/wp\/v2\/product_tag?post=112784"}],"curies":[{"name":"wp","href":"https:\/\/api.w.org\/{rel}","templated":true}]}}