{"id":112782,"date":"2021-04-20T00:00:00","date_gmt":"2021-04-20T05:00:00","guid":{"rendered":"http:\/\/gpl-love.com\/es\/producto\/oliver-classic-portfolio-wordpress-tema\/"},"modified":"2026-04-10T11:20:16","modified_gmt":"2026-04-10T16:20:16","slug":"oliver-classic-portfolio-wordpress-tema","status":"publish","type":"product","link":"https:\/\/gpl-love.com\/es\/producto\/oliver-classic-portfolio-wordpress-tema\/","title":{"rendered":"Oliver Classic Portfolio WordPress Theme 1.2.0"},"content":{"rendered":"<h3>Oliver Classic Portfolio WordPress Theme Caracteristicas<\/h3>\n<p>El tema de WordPress de Oliver Classic Portfolio es un tema altamente vers\u00e1til y contempor\u00e1neo que ofrece una plataforma ideal para exhibir una variedad de esfuerzos creativos. Con un dise\u00f1o elegante y minimalista, este tema garantiza que su trabajo ocupe el centro del escenario, todo mientras incorpora opciones de navegaci\u00f3n y personalizaci\u00f3n sin esfuerzo para su sitio web. Adem\u00e1s, el tema cuenta con un dise\u00f1o receptivo que se adapta a la perfecci\u00f3n en todos los dispositivos, lo que lo hace visualmente agradable a los usuarios, independientemente de la plataforma a la que est\u00e9n accediendo. Adem\u00e1s, est\u00e1 meticulosamente optimizado para los motores de b\u00fasqueda, lo que refuerza significativamente su visibilidad en l\u00ednea. El tema de WordPress de la cartera de Oliver Classic tambi\u00e9n otorga al usuario acceso a una gran cantidad de plantillas personalizables y dise\u00f1os de p\u00e1gina, adem\u00e1s de una amplia variedad de widgets y complementos que se pueden aprovechar para mejorar la funcionalidad de su sitio web. Independientemente de si usted es un fot\u00f3grafo, artista o dise\u00f1ador, este tema indudablemente es una elecci\u00f3n ejemplar para dise\u00f1ar una cartera en l\u00ednea profesional y visualmente cautivadora.<\/p>\n<ul>\n<li>Dise\u00f1o elegante y cl\u00e1sico perfecto para exhibir su cartera o trabajo<\/li>\n<li>Totalmente receptivo y amigable para los dispositivos m\u00f3viles para proporcionar la mejor experiencia de usuario en todos los dispositivos<\/li>\n<li>Opciones de color personalizables para adaptarse a su marca o estilo personal<\/li>\n<li>Arrastre y suelte el constructor de p\u00e1ginas para una creaci\u00f3n f\u00e1cil e intuitiva del sitio web<\/li>\n<li>M\u00faltiples dise\u00f1os de la p\u00e1gina de inicio para elegir, incluidas las opciones de pantalla completa o en caja<\/li>\n<li>Tipos de publicaciones personalizadas para una f\u00e1cil gesti\u00f3n de contenido y organizaci\u00f3n<\/li>\n<li>Documentaci\u00f3n y apoyo extenso para cualquier pregunta o problema<\/li>\n<li>Compatible con complementos populares como WooCommerce y el Formulario de contacto 7<\/li>\n<li>SEO optimizado para mejorar la clasificaci\u00f3n de los motores de b\u00fasqueda y conducir m\u00e1s tr\u00e1fico a su sitio<\/li>\n<li>Importaci\u00f3n de demostraci\u00f3n de un solo clic para configurar f\u00e1cilmente su sitio web y comenzar a mostrar su trabajo.<\/li>\n<\/ul>\n","protected":false},"excerpt":{"rendered":"<p>El tema de WordPress de la cartera de Oliver Classic surge como una opci\u00f3n extraordinariamente elegante y profesional cuando se trata de promover y presentar sus esfuerzos creativos en el \u00e1mbito en l\u00ednea. Con un dise\u00f1o que se caracteriza por su limpieza inherente y su minimalismo, este tema acent\u00faa y destaca efectivamente la sustancia de su contenido. Adem\u00e1s, ofrece una gran cantidad de secciones personalizables que le permiten exhibir efectivamente su cartera, proporcionar testimonios de clientes, publicar publicaciones de blog y mucho m\u00e1s. Adem\u00e1s, el dise\u00f1o receptivo del tema asegura que su sitio web exude excelencia y atractivo en cualquier dispositivo al que se acceda. Adem\u00e1s, el panel de administraci\u00f3n f\u00e1cil de usar que acompa\u00f1a al tema facilita la personalizaci\u00f3n y la gesti\u00f3n sin esfuerzo de su sitio web, asegurando que pueda manipular y supervisar sin problemas sus diversos aspectos. Ya sea que se identifique como fot\u00f3grafo, dise\u00f1ador o artista, el tema de la cartera de Oliver Classic es una elecci\u00f3n excepcional que sin duda le permitir\u00e1 establecer una presencia en l\u00ednea cautivadora y notable para su trabajo.<\/p>\n","protected":false},"featured_media":167096,"comment_status":"open","ping_status":"open","template":"","meta":[],"product_brand":[2337],"product_cat":[1267,1237,1238],"product_tag":[1391],"class_list":{"0":"post-112782","1":"product","2":"type-product","3":"status-publish","4":"has-post-thumbnail","6":"product_brand-themeforest","7":"product_cat-creativo","8":"product_cat-temas","9":"product_cat-wordpress-temas","10":"product_tag-themeforest","11":"member-discount","12":"discount-restricted","14":"first","15":"instock","16":"sale","17":"downloadable","18":"virtual","19":"sold-individually","20":"purchasable","21":"product-type-simple"},"_links":{"self":[{"href":"https:\/\/gpl-love.com\/es\/wp-json\/wp\/v2\/product\/112782","targetHints":{"allow":["GET"]}}],"collection":[{"href":"https:\/\/gpl-love.com\/es\/wp-json\/wp\/v2\/product"}],"about":[{"href":"https:\/\/gpl-love.com\/es\/wp-json\/wp\/v2\/types\/product"}],"replies":[{"embeddable":true,"href":"https:\/\/gpl-love.com\/es\/wp-json\/wp\/v2\/comments?post=112782"}],"wp:featuredmedia":[{"embeddable":true,"href":"https:\/\/gpl-love.com\/es\/wp-json\/wp\/v2\/media\/167096"}],"wp:attachment":[{"href":"https:\/\/gpl-love.com\/es\/wp-json\/wp\/v2\/media?parent=112782"}],"wp:term":[{"taxonomy":"product_brand","embeddable":true,"href":"https:\/\/gpl-love.com\/es\/wp-json\/wp\/v2\/product_brand?post=112782"},{"taxonomy":"product_cat","embeddable":true,"href":"https:\/\/gpl-love.com\/es\/wp-json\/wp\/v2\/product_cat?post=112782"},{"taxonomy":"product_tag","embeddable":true,"href":"https:\/\/gpl-love.com\/es\/wp-json\/wp\/v2\/product_tag?post=112782"}],"curies":[{"name":"wp","href":"https:\/\/api.w.org\/{rel}","templated":true}]}}