{"id":112780,"date":"2021-04-20T00:00:00","date_gmt":"2021-04-20T05:00:00","guid":{"rendered":"http:\/\/gpl-love.com\/es\/producto\/annusa-modern-digital-bakery-wordpress-tema\/"},"modified":"2026-03-13T17:15:42","modified_gmt":"2026-03-13T22:15:42","slug":"annusa-modern-digital-bakery-wordpress-tema","status":"publish","type":"product","link":"https:\/\/gpl-love.com\/es\/producto\/annusa-modern-digital-bakery-wordpress-tema\/","title":{"rendered":"Annusa Modern Digital Bakery WordPress Theme 1.1.1"},"content":{"rendered":"<h3>Annusa Modern Digital Bakery WordPress Theme Caracteristicas<\/h3>\n<p>El tema de WordPress de Annusa Modern Digital Bakery es una soluci\u00f3n de dise\u00f1o de sitios web de vanguardia y de vanguardia que atiende espec\u00edficamente a las necesidades de panader\u00edas y pasteleras. Con un dise\u00f1o elegante y visualmente agradable, este tema sirve como la plataforma perfecta para exhibir y destacar sus productos de panader\u00eda y al mismo tiempo establecer una presencia en l\u00ednea poderosa e impactante para su estimado negocio. Sorprendentemente, este tema abarca una variedad de opciones de personalizaci\u00f3n, que le ofrece la capacidad de adaptar y personalizar el dise\u00f1o de una manera que se alinea perfectamente con su identidad de marca \u00fanica y sus preferencias estil\u00edsticas. Adem\u00e1s, est\u00e1 equipado con un dise\u00f1o totalmente receptivo, asegurando una accesibilidad perfecta en todos los dispositivos, mientras que su interfaz f\u00e1cil de usar garantiza una experiencia de navegaci\u00f3n sin fricci\u00f3n y sin esfuerzo para los visitantes del sitio. Ya sea que su objetivo sea compilar una cartera integral que presente sus deliciosos productos de panader\u00eda, promocionar sus servicios inigualables o realizar ventas y transacciones en l\u00ednea sin esfuerzo a trav\u00e9s de la integraci\u00f3n perfecta de WooCommerce, tenga la seguridad de que el tema de WordPress digital moderno de Annusa posee todas las caracter\u00edsticas y herramientas esenciales y herramientas. Se requiere capacitar y permitirle construir un sitio web exquisito, visualmente cautivador y altamente funcional que realmente encarna y refleje la esencia y el esp\u00edritu de su querido negocio de panader\u00eda.<\/p>\n<ul>\n<li>Un tema de WordPress moderno y elegante dise\u00f1ado espec\u00edficamente para panader\u00edas y otros negocios relacionados con la comida.<\/li>\n<li>Cuenta con un creador de p\u00e1ginas visual f\u00e1cil de usar para personalizar el dise\u00f1o y el dise\u00f1o de su sitio web.<\/li>\n<li>Viene con una variedad de plantillas prefabricadas para diferentes p\u00e1ginas, como una p\u00e1gina de inicio, p\u00e1gina de contacto y p\u00e1gina de men\u00fa.<\/li>\n<li>Incluye m\u00faltiples opciones de men\u00fa y precios para mostrar las ofertas de su panader\u00eda.<\/li>\n<li>Ofrece integraci\u00f3n con complementos de reserva y reservas populares para pedidos y reservas en l\u00ednea.<\/li>\n<li>El dise\u00f1o receptivo asegura que su sitio web se vea genial en todos los dispositivos.<\/li>\n<li>Viene con herramientas de optimizaci\u00f3n de motores de b\u00fasqueda (SEO) incorporadas para mejorar la visibilidad de su sitio web en los resultados de b\u00fasqueda.<\/li>\n<li>Proporciona una excelente atenci\u00f3n al cliente y documentaci\u00f3n para ayudarlo a aprovechar al m\u00e1ximo su sitio web.<\/li>\n<\/ul>\n","protected":false},"excerpt":{"rendered":"<p>Experimente el futuro de hornear con Annusa, un moderno tema de WordPress de WordPress de panader\u00eda digital. Este tema es perfecto para panaderos, cafeter\u00edas, restaurantes o cualquier persona en la industria alimentaria que busque crear una presencia en l\u00ednea visualmente impresionante. El dise\u00f1o totalmente receptivo de Annusa asegura que su sitio web se vea perfecto en cualquier dispositivo, mientras que sus caracter\u00edsticas amigables con SEO ayudan a mejorar la clasificaci\u00f3n de su motor de b\u00fasqueda. Con su creador de p\u00e1ginas de arrastrar y soltar f\u00e1ciles de usar, puede crear un sitio web profesional sin ninguna habilidad de codificaci\u00f3n. El tema tambi\u00e9n incluye una variedad de plantillas predise\u00f1adas, para que pueda poner en funcionamiento su sitio en poco tiempo. Adem\u00e1s, con su integraci\u00f3n de WooCommerce, puede configurar f\u00e1cilmente una tienda en l\u00ednea y comenzar a vender sus deliciosos productos horneados de inmediato. Descubra los beneficios de un enfoque moderno y digital para su negocio de panader\u00eda con Annusa.<\/p>\n","protected":false},"featured_media":165374,"comment_status":"open","ping_status":"open","template":"","meta":[],"product_brand":[2337],"product_cat":[1267,1237,1238],"product_tag":[1391],"class_list":{"0":"post-112780","1":"product","2":"type-product","3":"status-publish","4":"has-post-thumbnail","6":"product_brand-themeforest","7":"product_cat-creativo","8":"product_cat-temas","9":"product_cat-wordpress-temas","10":"product_tag-themeforest","11":"member-discount","12":"discount-restricted","14":"first","15":"instock","16":"sale","17":"downloadable","18":"virtual","19":"sold-individually","20":"purchasable","21":"product-type-simple"},"_links":{"self":[{"href":"https:\/\/gpl-love.com\/es\/wp-json\/wp\/v2\/product\/112780","targetHints":{"allow":["GET"]}}],"collection":[{"href":"https:\/\/gpl-love.com\/es\/wp-json\/wp\/v2\/product"}],"about":[{"href":"https:\/\/gpl-love.com\/es\/wp-json\/wp\/v2\/types\/product"}],"replies":[{"embeddable":true,"href":"https:\/\/gpl-love.com\/es\/wp-json\/wp\/v2\/comments?post=112780"}],"wp:featuredmedia":[{"embeddable":true,"href":"https:\/\/gpl-love.com\/es\/wp-json\/wp\/v2\/media\/165374"}],"wp:attachment":[{"href":"https:\/\/gpl-love.com\/es\/wp-json\/wp\/v2\/media?parent=112780"}],"wp:term":[{"taxonomy":"product_brand","embeddable":true,"href":"https:\/\/gpl-love.com\/es\/wp-json\/wp\/v2\/product_brand?post=112780"},{"taxonomy":"product_cat","embeddable":true,"href":"https:\/\/gpl-love.com\/es\/wp-json\/wp\/v2\/product_cat?post=112780"},{"taxonomy":"product_tag","embeddable":true,"href":"https:\/\/gpl-love.com\/es\/wp-json\/wp\/v2\/product_tag?post=112780"}],"curies":[{"name":"wp","href":"https:\/\/api.w.org\/{rel}","templated":true}]}}