{"id":112778,"date":"2023-03-10T00:00:00","date_gmt":"2023-03-10T05:00:00","guid":{"rendered":"http:\/\/gpl-love.com\/es\/producto\/alit-minimalist-responsive-woocommerce-wordpress-tema\/"},"modified":"2026-03-13T17:15:37","modified_gmt":"2026-03-13T22:15:37","slug":"alit-minimalist-responsive-woocommerce-wordpress-tema","status":"publish","type":"product","link":"https:\/\/gpl-love.com\/es\/producto\/alit-minimalist-responsive-woocommerce-wordpress-tema\/","title":{"rendered":"Alit Minimalist Responsive Woocommerce WordPress Theme 1.26"},"content":{"rendered":"<h3>Alit Minimalist Responsive Woocommerce WordPress Theme Caracteristicas<\/h3>\n<p>El tema de WordPress de WooCommerce Minimalista de Alit es un tema de comercio electr\u00f3nico absolutamente impresionante y excepcionalmente f\u00e1cil de usar que ha sido dise\u00f1ado por expertos con los propietarios de tiendas en l\u00ednea en mente. Este notable tema cuenta con total capacidad de respuesta, lo que significa que puede adaptarse sin esfuerzo a cualquier tama\u00f1o de pantalla, asegurando as\u00ed la accesibilidad para los usuarios en todos los dispositivos. Al adoptar una filosof\u00eda de dise\u00f1o minimalista, este tema ofrece una interfaz de usuario visualmente agradable e incre\u00edblemente f\u00e1cil de navegar, facilitando as\u00ed el descubrimiento y la compra de productos deseados por los clientes deseados. Adem\u00e1s, el tema Alit ofrece una amplia gama de opciones de personalizaci\u00f3n, lo que permite a los propietarios de tiendas adaptar su sitio web para reflejar perfectamente su identidad de marca \u00fanica. Adem\u00e1s, a trav\u00e9s de su integraci\u00f3n perfecta con WooCommerce, este tema garantiza transacciones seguras y sin problemas, en consecuencia inculcando confianza en los clientes. Para resumir, el tema de WordPress de WooCommerce Minimalista de Alit es una opci\u00f3n absolutamente excepcional para las empresas en l\u00ednea que buscan mejorar su presencia en l\u00ednea mediante un sitio web pulido y altamente funcional.<\/p>\n<ul>\n<li>Aqu\u00ed hay algunas caracter\u00edsticas clave y beneficios del tema de WordPress de WooCommerce de Alit Minimalista:<\/li>\n<li><\/li>\n<li>Dise\u00f1o moderno y minimalista que pone sus productos en el centro de atenci\u00f3n<\/li>\n<li>Dise\u00f1o totalmente receptivo y amigable para dispositivos m\u00f3viles para una navegaci\u00f3n perfecta en cualquier dispositivo<\/li>\n<li>Compatible con el popular complemento de WooCommerce para una f\u00e1cil gesti\u00f3n de tiendas en l\u00ednea<\/li>\n<li>P\u00e1gina de inicio personalizable y dise\u00f1os de p\u00e1gina de productos con funcionalidad de arrastrar y soltar<\/li>\n<li>Varios esquemas de color y opciones de tipograf\u00eda para elegir<\/li>\n<li>Construido en el potente marco de Redux para una f\u00e1cil personalizaci\u00f3n y actualizaciones<\/li>\n<li>Integraci\u00f3n con complementos populares como el Formulario de contacto 7 y MailChimp<\/li>\n<li>Velocidades de carga de p\u00e1gina r\u00e1pidas y optimizado para SEO para clasificaciones de motores de b\u00fasqueda m\u00e1s altos<\/li>\n<li>Equipo de atenci\u00f3n al cliente confiable y dedicado para ayudar con cualquier problema o pregunta<\/li>\n<li><\/li>\n<li>En general, el tema de WordPress de WooCommerce Minimalista de ALIT es una excelente opci\u00f3n para cualquier persona que busque crear una tienda en l\u00ednea limpia y profesional. Sus caracter\u00edsticas y compatibilidad personalizables con WooCommerce lo hacen vers\u00e1til y f\u00e1cil de usar.<\/li>\n<\/ul>\n","protected":false},"excerpt":{"rendered":"<p>Experimente el poder y la funcionalidad del tema de WordPress de WooCommerce de ALIT Minimalista. Este tema vers\u00e1til est\u00e1 dise\u00f1ado para adaptarse a cualquier tama\u00f1o de pantalla, ofreciendo una experiencia de navegaci\u00f3n perfecta en cualquier dispositivo. Con su dise\u00f1o minimalista, sus productos y contenido tomar\u00e1n el centro del escenario, cautivando a su audiencia al instante. El tema se integra sin esfuerzo con WooCommerce, lo que le facilita administrar su tienda en l\u00ednea. Personalice su sitio a su gusto con sus opciones flexibles, agregando un toque personal que lo distingue de la competencia. Con el tema de WordPress de WooCommerce Minimalista de ALIT, obtienes una plataforma elegante y f\u00e1cil de usar que aumenta tu presencia en l\u00ednea e impulsa las ventas. Prep\u00e1rese para elevar su juego de comercio electr\u00f3nico.<\/p>\n","protected":false},"featured_media":165349,"comment_status":"open","ping_status":"open","template":"","meta":[],"product_brand":[2337],"product_cat":[1263,1469,1237],"product_tag":[1391],"class_list":{"0":"post-112778","1":"product","2":"type-product","3":"status-publish","4":"has-post-thumbnail","6":"product_brand-themeforest","7":"product_cat-comercio-electronico-temas","8":"product_cat-creativo-comercio-electronico-temas","9":"product_cat-temas","10":"product_tag-themeforest","11":"member-discount","12":"discount-restricted","14":"first","15":"instock","16":"sale","17":"downloadable","18":"virtual","19":"sold-individually","20":"purchasable","21":"product-type-simple"},"_links":{"self":[{"href":"https:\/\/gpl-love.com\/es\/wp-json\/wp\/v2\/product\/112778","targetHints":{"allow":["GET"]}}],"collection":[{"href":"https:\/\/gpl-love.com\/es\/wp-json\/wp\/v2\/product"}],"about":[{"href":"https:\/\/gpl-love.com\/es\/wp-json\/wp\/v2\/types\/product"}],"replies":[{"embeddable":true,"href":"https:\/\/gpl-love.com\/es\/wp-json\/wp\/v2\/comments?post=112778"}],"wp:featuredmedia":[{"embeddable":true,"href":"https:\/\/gpl-love.com\/es\/wp-json\/wp\/v2\/media\/165349"}],"wp:attachment":[{"href":"https:\/\/gpl-love.com\/es\/wp-json\/wp\/v2\/media?parent=112778"}],"wp:term":[{"taxonomy":"product_brand","embeddable":true,"href":"https:\/\/gpl-love.com\/es\/wp-json\/wp\/v2\/product_brand?post=112778"},{"taxonomy":"product_cat","embeddable":true,"href":"https:\/\/gpl-love.com\/es\/wp-json\/wp\/v2\/product_cat?post=112778"},{"taxonomy":"product_tag","embeddable":true,"href":"https:\/\/gpl-love.com\/es\/wp-json\/wp\/v2\/product_tag?post=112778"}],"curies":[{"name":"wp","href":"https:\/\/api.w.org\/{rel}","templated":true}]}}