{"id":112774,"date":"2023-06-18T00:00:00","date_gmt":"2023-06-18T05:00:00","guid":{"rendered":"http:\/\/gpl-love.com\/es\/producto\/maison-minimalist-ecommerce-wordpress-tema\/"},"modified":"2026-03-13T17:24:00","modified_gmt":"2026-03-13T22:24:00","slug":"maison-minimalist-ecommerce-wordpress-tema","status":"publish","type":"product","link":"https:\/\/gpl-love.com\/es\/producto\/maison-minimalist-ecommerce-wordpress-tema\/","title":{"rendered":"Maison Minimalist eCommerce WordPress Theme 1.33"},"content":{"rendered":"<h3>Maison Minimalist eCommerce WordPress Theme Caracteristicas<\/h3>\n<p>Maison Minimalista, un tema de WordPress exquisito y sofisticado para el comercio electr\u00f3nico, presenta un dise\u00f1o funcional y visualmente atractivo que satisface las necesidades de las tiendas en l\u00ednea. Su dise\u00f1o inmaculado y simplista sirve como un escaparate impecable para productos y servicios, asegurando que los compradores puedan localizar sin esfuerzo sus art\u00edculos deseados. Este tema abarca plantillas, widgets y complementos personalizables, lo que le brinda la capacidad de personalizar su sitio web de acuerdo con sus requisitos espec\u00edficos. Adem\u00e1s, el dise\u00f1o receptivo de Maison Minimalista garantiza una experiencia de usuario excepcional en todos los dispositivos, ya que su sitio se mostrar\u00e1 de manera \u00f3ptima. Adem\u00e1s, este notable tema cuenta con una variedad de caracter\u00edsticas, como integraci\u00f3n de pagos sin problemas, opciones de env\u00edo y configuraciones de impuestos, lo que le convierte en la opci\u00f3n ideal para plataformas de comercio electr\u00f3nico contempor\u00e1neas y eficientes. Ya sea que se est\u00e9 embarcando en una nueva empresa comercial en l\u00ednea o que busque renovar su sitio web existente, Maison Minimalist presenta una soluci\u00f3n f\u00e1cil de usar y rica en funciones para satisfacer todas sus necesidades de comercio electr\u00f3nico.<\/p>\n<ul>\n<li>Est\u00e9tica de dise\u00f1o limpio y moderno<\/li>\n<li>Dise\u00f1ado espec\u00edficamente para sitios web de comercio electr\u00f3nico utilizando WordPress<\/li>\n<li>Dise\u00f1o receptivo optimizado para dispositivos m\u00f3viles<\/li>\n<li>Opciones de personalizaci\u00f3n f\u00e1cil para la marca personalizada<\/li>\n<li>Admite m\u00faltiples pasarelas de pago para transacciones seguras<\/li>\n<li>Gesti\u00f3n de banner de anuncios incorporado para promocionar productos o servicios<\/li>\n<li>Incluye varias opciones de widgets para una funcionalidad adicional.<\/li>\n<li>SEO optimizado para una mayor visibilidad del motor de b\u00fasqueda<\/li>\n<li>Importaci\u00f3n de demostraci\u00f3n de un solo clic para una configuraci\u00f3n r\u00e1pida y f\u00e1cil<\/li>\n<li>Atenci\u00f3n al cliente 24\/7 para cualquier problema o pregunta<\/li>\n<\/ul>\n","protected":false},"excerpt":{"rendered":"<p>El tema de WordPress de comercio electr\u00f3nico de Maison es una plantilla de sitio web exquisitamente dise\u00f1ada y sofisticada que se ha adaptado meticulosamente para satisfacer las necesidades y requisitos de las empresas de comercio electr\u00f3nico. Con un dise\u00f1o elegante y elegante, este tema exuda sin esfuerzo y cautiva a los espectadores con su est\u00e9tica visualmente atractiva. Lo que distingue a este tema notable es su extensa gama de opciones de personalizaci\u00f3n, que ofrece a los usuarios la libertad de alterar sin esfuerzo el esquema de color, la tipograf\u00eda y el dise\u00f1o de su sitio web para alinearse sin problemas con su identidad de marca \u00fanica. Adem\u00e1s, este tema es excepcionalmente vers\u00e1til, adaptando sin problemas a varios tama\u00f1os y dispositivos de pantalla, asegurando que su sitio web entregue constantemente una experiencia de usuario impecable. Adem\u00e1s, el tema de WordPress de comercio electr\u00f3nico minimalista de Maison se enorgullece de su interfaz f\u00e1cil de usar y su proceso de configuraci\u00f3n intuitivo, que atiende tanto a principiantes como a usuarios experimentados por igual.<\/p>\n","protected":false},"featured_media":166686,"comment_status":"open","ping_status":"open","template":"","meta":[],"product_brand":[2337],"product_cat":[1263,1469,1237],"product_tag":[1391],"class_list":{"0":"post-112774","1":"product","2":"type-product","3":"status-publish","4":"has-post-thumbnail","6":"product_brand-themeforest","7":"product_cat-comercio-electronico-temas","8":"product_cat-creativo-comercio-electronico-temas","9":"product_cat-temas","10":"product_tag-themeforest","11":"member-discount","12":"discount-restricted","14":"first","15":"instock","16":"sale","17":"downloadable","18":"virtual","19":"sold-individually","20":"purchasable","21":"product-type-simple"},"_links":{"self":[{"href":"https:\/\/gpl-love.com\/es\/wp-json\/wp\/v2\/product\/112774","targetHints":{"allow":["GET"]}}],"collection":[{"href":"https:\/\/gpl-love.com\/es\/wp-json\/wp\/v2\/product"}],"about":[{"href":"https:\/\/gpl-love.com\/es\/wp-json\/wp\/v2\/types\/product"}],"replies":[{"embeddable":true,"href":"https:\/\/gpl-love.com\/es\/wp-json\/wp\/v2\/comments?post=112774"}],"wp:featuredmedia":[{"embeddable":true,"href":"https:\/\/gpl-love.com\/es\/wp-json\/wp\/v2\/media\/166686"}],"wp:attachment":[{"href":"https:\/\/gpl-love.com\/es\/wp-json\/wp\/v2\/media?parent=112774"}],"wp:term":[{"taxonomy":"product_brand","embeddable":true,"href":"https:\/\/gpl-love.com\/es\/wp-json\/wp\/v2\/product_brand?post=112774"},{"taxonomy":"product_cat","embeddable":true,"href":"https:\/\/gpl-love.com\/es\/wp-json\/wp\/v2\/product_cat?post=112774"},{"taxonomy":"product_tag","embeddable":true,"href":"https:\/\/gpl-love.com\/es\/wp-json\/wp\/v2\/product_tag?post=112774"}],"curies":[{"name":"wp","href":"https:\/\/api.w.org\/{rel}","templated":true}]}}