{"id":112772,"date":"2023-11-10T00:00:00","date_gmt":"2023-11-10T05:00:00","guid":{"rendered":"http:\/\/gpl-love.com\/es\/producto\/fragolino-an-exquisite-restaurant-wordpress-tema\/"},"modified":"2026-03-13T17:21:05","modified_gmt":"2026-03-13T22:21:05","slug":"fragolino-an-exquisite-restaurant-wordpress-tema","status":"publish","type":"product","link":"https:\/\/gpl-love.com\/es\/producto\/fragolino-an-exquisite-restaurant-wordpress-tema\/","title":{"rendered":"Fragolino an Exquisite Restaurant WordPress Theme 1.1.2"},"content":{"rendered":"<h3>Fragolino an Exquisite Restaurant WordPress Theme Caracteristicas<\/h3>\n<p>Fragolino, un tema de WordPress meticulosamente elaborado exclusivamente adaptado para restaurantes, pone gran \u00e9nfasis en la sofisticaci\u00f3n y el refinamiento. Su extraordinario nivel de adaptabilidad permite a los propietarios de restaurantes a forjar un sitio web excepcional y pulido que muestra efectivamente su deliciosa cocina, servicios excepcionales y un ambiente encantador. Con una variedad diversa de plantillas y m\u00f3dulos predise\u00f1ados, Fragolino simplifica el proceso de dise\u00f1ar una presencia en l\u00ednea visualmente impresionante que magnetiza y cautiva a los clientes. Adem\u00e1s, este tema es totalmente receptivo, garantiza una exhibici\u00f3n espl\u00e9ndida en todos los dispositivos y abarca una gran cantidad de caracter\u00edsticas, incluidas reservas en l\u00ednea, men\u00fas y galer\u00edas. Independientemente de si usted es un establecimiento gastron\u00f3mico exclusivo, un restaurante relajado o un caf\u00e9 elegante, Fragolino es la opci\u00f3n por excelencia para elaborar un sitio web sofisticado y pr\u00e1ctico que lo distingue de sus competidores.<\/p>\n<ul>\n<li>Dise\u00f1o totalmente receptivo que se ve muy bien en todos los dispositivos<\/li>\n<li>Panel de opciones de tema potentes para una f\u00e1cil personalizaci\u00f3n<\/li>\n<li>Plantillas de men\u00fa personalizables para mostrar las ofertas de su restaurante<\/li>\n<li>Sistema de reserva incorporado para reservas en l\u00ednea convenientes<\/li>\n<li>Integraci\u00f3n con OpenTable y otras plataformas de reserva populares<\/li>\n<li>Hermosas plantillas de galer\u00eda para exhibir el ambiente y los platos de su restaurante<\/li>\n<li>Funcionalidad del blog para mantener a sus clientes actualizados con sus \u00faltimas noticias y eventos<\/li>\n<li>Integraci\u00f3n f\u00e1cil con complementos populares como WooCommerce para pedidos en l\u00ednea y procesamiento de pagos<\/li>\n<li>M\u00faltiples dise\u00f1os de encabezado y pie de p\u00e1gina para elegir para una apariencia \u00fanica<\/li>\n<li>Soporte premium para ayudarlo a resolver cualquier problema o problema que pueda encontrar con el tema.<\/li>\n<\/ul>\n","protected":false},"excerpt":{"rendered":"<p>Nos complace presentar a Fragolino, un exquisito tema de WordPress meticulosamente elaborado para la industria de la hospitalidad. Con su dise\u00f1o sofisticado y contempor\u00e1neo, Fragolino emerge como la mejor opci\u00f3n para los restauradores exigentes, propietarios de caf\u00e9s y propietarios de bares que buscan establecer una presencia en l\u00ednea formidable y pulida. Este tema extraordinario abarca una gran cantidad de caracter\u00edsticas personalizables que trascienden las opciones de visualizaci\u00f3n de men\u00fa ordinarias y que abarcan el men\u00fa, formularios de reserva y un constructor de arrastre y ca\u00edda f\u00e1cil de usar que simplifica el proceso de creaci\u00f3n del sitio web. Abrace Fragolino y desbloquee la capacidad de mostrar sus obras maestras gastron\u00f3micas, acent\u00fae el ambiente distintivo de su establecimiento y deje una primera impresi\u00f3n indeleble en su estimada clientela, todo dentro de los l\u00edmites de su propio sitio web. No dudes m\u00e1s, adquiere Fragolino hoy y se embarca en el viaje de actualizar tus aspiraciones de larga data de una experiencia gastron\u00f3mica en l\u00ednea excepcional.<\/p>\n","protected":false},"featured_media":166163,"comment_status":"open","ping_status":"open","template":"","meta":[],"product_brand":[2337],"product_cat":[1646,1237,1238],"product_tag":[1391],"class_list":{"0":"post-112772","1":"product","2":"type-product","3":"status-publish","4":"has-post-thumbnail","6":"product_brand-themeforest","7":"product_cat-alimentacion-y-restaurante","8":"product_cat-temas","9":"product_cat-wordpress-temas","10":"product_tag-themeforest","11":"member-discount","12":"discount-restricted","14":"first","15":"instock","16":"sale","17":"downloadable","18":"virtual","19":"sold-individually","20":"purchasable","21":"product-type-simple"},"_links":{"self":[{"href":"https:\/\/gpl-love.com\/es\/wp-json\/wp\/v2\/product\/112772","targetHints":{"allow":["GET"]}}],"collection":[{"href":"https:\/\/gpl-love.com\/es\/wp-json\/wp\/v2\/product"}],"about":[{"href":"https:\/\/gpl-love.com\/es\/wp-json\/wp\/v2\/types\/product"}],"replies":[{"embeddable":true,"href":"https:\/\/gpl-love.com\/es\/wp-json\/wp\/v2\/comments?post=112772"}],"wp:featuredmedia":[{"embeddable":true,"href":"https:\/\/gpl-love.com\/es\/wp-json\/wp\/v2\/media\/166163"}],"wp:attachment":[{"href":"https:\/\/gpl-love.com\/es\/wp-json\/wp\/v2\/media?parent=112772"}],"wp:term":[{"taxonomy":"product_brand","embeddable":true,"href":"https:\/\/gpl-love.com\/es\/wp-json\/wp\/v2\/product_brand?post=112772"},{"taxonomy":"product_cat","embeddable":true,"href":"https:\/\/gpl-love.com\/es\/wp-json\/wp\/v2\/product_cat?post=112772"},{"taxonomy":"product_tag","embeddable":true,"href":"https:\/\/gpl-love.com\/es\/wp-json\/wp\/v2\/product_tag?post=112772"}],"curies":[{"name":"wp","href":"https:\/\/api.w.org\/{rel}","templated":true}]}}