{"id":112768,"date":"2021-04-20T00:00:00","date_gmt":"2021-04-20T05:00:00","guid":{"rendered":"http:\/\/gpl-love.com\/es\/producto\/huza-charity-responsive-wordpress-tema\/"},"modified":"2026-03-13T17:22:27","modified_gmt":"2026-03-13T22:22:27","slug":"huza-charity-responsive-wordpress-tema","status":"publish","type":"product","link":"https:\/\/gpl-love.com\/es\/producto\/huza-charity-responsive-wordpress-tema\/","title":{"rendered":"Huza Charity Responsive WordPress Theme 1.20"},"content":{"rendered":"<h3>Huza Charity Responsive WordPress Theme Caracteristicas<\/h3>\n<p>El tema de WordPress receptivo de Huza Charity es una herramienta de construcci\u00f3n de sitios web altamente eficiente y efectiva que ha sido especialmente dise\u00f1ada para satisfacer las necesidades y requisitos espec\u00edficos de las organizaciones sin fines de lucro e instituciones ben\u00e9ficas. Caracterizado por su notable capacidad de respuesta e interfaz f\u00e1cil de usar, este tema din\u00e1mico permite a los usuarios crear sitios web visualmente atractivos y de aspecto profesional que est\u00e1n perfectamente optimizados para una variedad de dispositivos, incluidas computadoras de escritorio, tabletas y tel\u00e9fonos m\u00f3viles. Con un impresionante repertorio de caracter\u00edsticas, incluida la provisi\u00f3n para dise\u00f1os personalizables, formularios de donaci\u00f3n incorporados y herramientas de gesti\u00f3n de eventos, este tema facilita la presentaci\u00f3n perfecta y perfecta de los eventos, causas y campa\u00f1as de las organizaciones. Adem\u00e1s, vale la pena se\u00f1alar que este tema tambi\u00e9n est\u00e1 equipado con capacidades de optimizaci\u00f3n de motores de b\u00fasqueda, asegurando as\u00ed que su sitio web asegure una clasificaci\u00f3n favorable en los resultados de los motores de b\u00fasqueda. En resumen, el tema de WordPress de WordPress de Charity Huza es inequ\u00edvocamente como una elecci\u00f3n ejemplar para cualquier organizaci\u00f3n sin fines de lucro que busque forjar una presencia formidable en l\u00ednea y establecer conexiones significativas con posibles donantes y seguidores.<\/p>\n<ul>\n<li>El tema de WordPress receptivo de Huza Charity es un tema impresionante y moderno dise\u00f1ado espec\u00edficamente para organizaciones de caridad y sin fines de lucro.<\/li>\n<li>El tema es totalmente receptivo, asegurando que su sitio se vea genial en todos los dispositivos, incluidos el escritorio, la tableta y el m\u00f3vil.<\/li>\n<li>Con Huza Charity, tendr\u00e1 acceso a una gama de plantillas de p\u00e1gina predise\u00f1adas que facilitan la creaci\u00f3n de un sitio web de aspecto profesional r\u00e1pidamente.<\/li>\n<li>El tema incluye m\u00faltiples dise\u00f1os de encabezado, pie de p\u00e1gina y blog, brind\u00e1ndole muchas opciones para personalizar la apariencia de su sitio.<\/li>\n<li>Un poderoso panel de opciones de temas le permite personalizar f\u00e1cilmente todos los aspectos de su sitio, incluidos colores, fuentes, logotipos y m\u00e1s.<\/li>\n<li>Compatible con WordPress -x y WooCommerce -x, el tema facilita crear una tienda en l\u00ednea y comenzar a aceptar donaciones.<\/li>\n<li>Huza Charity viene con una gama de widgets personalizados, incluidos widgets de donaci\u00f3n, calendarios de eventos y alimentos en las redes sociales, por lo que puede agregar f\u00e1cilmente informaci\u00f3n importante a su sitio.<\/li>\n<li>El tema est\u00e1 construido con SEO en mente, asegurando que su sitio se ubique bien en los motores de b\u00fasqueda y obtenga la visibilidad que merece.<\/li>\n<li>Huza Charity es totalmente traducible, lo que facilita la creaci\u00f3n de un sitio multiling\u00fce que llegue a un p\u00fablico m\u00e1s amplio.<\/li>\n<li>El tema est\u00e1 respaldado por un equipo de apoyo dedicado, que le brinda tranquilidad sabiendo que la ayuda est\u00e1 a solo un clic de distancia.<\/li>\n<\/ul>\n","protected":false},"excerpt":{"rendered":"<p>El tema de WordPress receptivo de Huza Charity, que ha sido meticulosamente elaborado para atender espec\u00edficamente a organizaciones sin fines de lucro y organizaciones ben\u00e9ficas, es un tema altamente vers\u00e1til y rico en funciones. Con un dise\u00f1o contempor\u00e1neo y sofisticado, este tema garantiza que su sitio web ser\u00e1 visualmente atractivo en todos los dispositivos debido a su dise\u00f1o totalmente receptivo. Lo que distingue a este tema es su amplia gama de opciones personalizables, que incluyen un panel de opciones de temas avanzados, p\u00e1ginas y widgets preconstruidos, as\u00ed como una multitud de estilos de encabezado y pie de p\u00e1gina. Con el tema de WordPress receptivo de Huza Charity, puede mostrar efectivamente la misi\u00f3n y los objetivos de su organizaci\u00f3n, poner \u00e9nfasis en sus eventos, recopilar donaciones sin esfuerzo e involucrar activamente a su audiencia. Sus caracter\u00edsticas f\u00e1ciles de usar lo convierten en una opci\u00f3n excepcional para cualquier organizaci\u00f3n o organizaci\u00f3n sin fines de lucro que desee establecer una presencia en l\u00ednea dominante.<\/p>\n","protected":false},"featured_media":166448,"comment_status":"open","ping_status":"open","template":"","meta":[],"product_brand":[2337],"product_cat":[1267,1237,1238],"product_tag":[1391],"class_list":{"0":"post-112768","1":"product","2":"type-product","3":"status-publish","4":"has-post-thumbnail","6":"product_brand-themeforest","7":"product_cat-creativo","8":"product_cat-temas","9":"product_cat-wordpress-temas","10":"product_tag-themeforest","11":"member-discount","12":"discount-restricted","14":"first","15":"instock","16":"sale","17":"downloadable","18":"virtual","19":"sold-individually","20":"purchasable","21":"product-type-simple"},"_links":{"self":[{"href":"https:\/\/gpl-love.com\/es\/wp-json\/wp\/v2\/product\/112768","targetHints":{"allow":["GET"]}}],"collection":[{"href":"https:\/\/gpl-love.com\/es\/wp-json\/wp\/v2\/product"}],"about":[{"href":"https:\/\/gpl-love.com\/es\/wp-json\/wp\/v2\/types\/product"}],"replies":[{"embeddable":true,"href":"https:\/\/gpl-love.com\/es\/wp-json\/wp\/v2\/comments?post=112768"}],"wp:featuredmedia":[{"embeddable":true,"href":"https:\/\/gpl-love.com\/es\/wp-json\/wp\/v2\/media\/166448"}],"wp:attachment":[{"href":"https:\/\/gpl-love.com\/es\/wp-json\/wp\/v2\/media?parent=112768"}],"wp:term":[{"taxonomy":"product_brand","embeddable":true,"href":"https:\/\/gpl-love.com\/es\/wp-json\/wp\/v2\/product_brand?post=112768"},{"taxonomy":"product_cat","embeddable":true,"href":"https:\/\/gpl-love.com\/es\/wp-json\/wp\/v2\/product_cat?post=112768"},{"taxonomy":"product_tag","embeddable":true,"href":"https:\/\/gpl-love.com\/es\/wp-json\/wp\/v2\/product_tag?post=112768"}],"curies":[{"name":"wp","href":"https:\/\/api.w.org\/{rel}","templated":true}]}}