{"id":112766,"date":"2024-02-05T00:00:00","date_gmt":"2024-02-05T05:00:00","guid":{"rendered":"http:\/\/gpl-love.com\/es\/producto\/studylms-education-lms-y-courses-wordpress-tema\/"},"modified":"2026-04-10T11:26:32","modified_gmt":"2026-04-10T16:26:32","slug":"studylms-education-lms-y-courses-wordpress-tema","status":"publish","type":"product","link":"https:\/\/gpl-love.com\/es\/producto\/studylms-education-lms-y-courses-wordpress-tema\/","title":{"rendered":"Studylms Education LMS y Courses WordPress Theme 1.29"},"content":{"rendered":"<h3>Studylms Education LMS y Courses WordPress Theme Caracteristicas<\/h3>\n<p>Estudylms Education LMS y cursos de WordPress Tema, una herramienta muy robusta, sirve como un medio potente para la creaci\u00f3n y gesti\u00f3n de plataformas educativas en l\u00ednea. Dentro de este tema, uno puede encontrar una gran cantidad de caracter\u00edsticas notables, incluida la creaci\u00f3n de cursos, la gesti\u00f3n de estudiantes y las tareas de los cursos. Con su navegaci\u00f3n sin esfuerzo y su interfaz f\u00e1cil de usar, la educaci\u00f3n de estudios LMS y los cursos de WordPress, el tema de WordPress permite que las personas de todos los or\u00edgenes establezcan sin problemas un entorno de aprendizaje en l\u00ednea de grado profesional. Adem\u00e1s, este tema ofrece una variedad diversa de opciones de personalizaci\u00f3n, que ofrece a los usuarios la libertad de adaptar la est\u00e9tica visual y el ambiente general de su plataforma en l\u00ednea para alinearse con sus requisitos espec\u00edficos. Si el papel de uno asume la posici\u00f3n de un maestro o administrador, es innegable que el tema de WordPress de educaci\u00f3n de estudios de estudios sigue siendo una opci\u00f3n excepcional para aquellos que buscan cultivar fervientemente una pr\u00f3spera comunidad de aprendizaje en l\u00ednea.<\/p>\n<ul>\n<li>Un sistema integral de gesti\u00f3n de aprendizaje (LMS) para instituciones educativas y proveedores de cursos en l\u00ednea<\/li>\n<li>Construido en la plataforma de WordPress flexible y potente, lo que permite una f\u00e1cil personalizaci\u00f3n e integraci\u00f3n con otras herramientas<\/li>\n<li>Incluye una gama de plantillas de cursos previos a la construcci\u00f3n, lo que hace que sea f\u00e1cil comenzar a crear experiencias de aprendizaje interactivas e interactivas.<\/li>\n<li>Herramientas de creaci\u00f3n de cursos intuitivos, con la capacidad de agregar contenido multimedia, cuestionarios, evaluaciones y m\u00e1s<\/li>\n<li>Admite un rango de formatos de curso, que incluyen cursos basados \u200b\u200ben video, cursos basados \u200b\u200ben texto y tutoriales interactivos<\/li>\n<li>Ofrece caracter\u00edsticas s\u00f3lidas de gesti\u00f3n de estudiantes, incluida la capacidad de rastrear el progreso, administrar las tareas y proporcionar comentarios y calificaciones<\/li>\n<li>Viene con una variedad de herramientas de comunicaci\u00f3n incorporadas, lo que permite a los educadores interactuar con estudiantes y padres en un entorno seguro en l\u00ednea.<\/li>\n<li>Dise\u00f1o totalmente receptivo, asegurando que todos los cursos y materiales sean accesibles y f\u00e1ciles de usar en diferentes dispositivos y tama\u00f1os de pantalla<\/li>\n<li>Integraci\u00f3n de pagos f\u00e1ciles, que permite un procesamiento de pago seguro y sin problemas para el registro e inscripci\u00f3n del curso<\/li>\n<li>Documentaci\u00f3n integral y atenci\u00f3n al cliente para garantizar una implementaci\u00f3n y uso fluidos y exitosos de los estudios de educaci\u00f3n y cursos de WordPress.<\/li>\n<\/ul>\n","protected":false},"excerpt":{"rendered":"<p>Educaci\u00f3n de Studylms LMS y cursos El tema de WordPress sirve como una soluci\u00f3n impecable para las personas que buscan establecer una plataforma educativa en l\u00ednea. Su interfaz, caracterizada por su naturaleza f\u00e1cil de usar, facilita el proceso de construcci\u00f3n y supervisi\u00f3n de cursos, cuestionarios y tareas con la mayor facilidad y eficiencia. Adem\u00e1s, este tema ofrece varias funcionalidades de vanguardia, como la integraci\u00f3n perfecta de los sistemas de pago en l\u00ednea y el seguimiento integral del progreso de los estudiantes. Independientemente de si uno tiene como objetivo construir un entorno de clase virtual para sus estudiantes o ampliar el alcance de sus cursos educativos a un grupo demogr\u00e1fico m\u00e1s amplio, optando por estudios, sin duda, allana el camino para transformar las aspiraciones educativas en realidades tangibles.<\/p>\n","protected":false},"featured_media":167632,"comment_status":"open","ping_status":"open","template":"","meta":[],"product_brand":[2337],"product_cat":[1267,1237,1238],"product_tag":[1391],"class_list":{"0":"post-112766","1":"product","2":"type-product","3":"status-publish","4":"has-post-thumbnail","6":"product_brand-themeforest","7":"product_cat-creativo","8":"product_cat-temas","9":"product_cat-wordpress-temas","10":"product_tag-themeforest","11":"member-discount","12":"discount-restricted","14":"first","15":"instock","16":"sale","17":"downloadable","18":"virtual","19":"sold-individually","20":"purchasable","21":"product-type-simple"},"_links":{"self":[{"href":"https:\/\/gpl-love.com\/es\/wp-json\/wp\/v2\/product\/112766","targetHints":{"allow":["GET"]}}],"collection":[{"href":"https:\/\/gpl-love.com\/es\/wp-json\/wp\/v2\/product"}],"about":[{"href":"https:\/\/gpl-love.com\/es\/wp-json\/wp\/v2\/types\/product"}],"replies":[{"embeddable":true,"href":"https:\/\/gpl-love.com\/es\/wp-json\/wp\/v2\/comments?post=112766"}],"wp:featuredmedia":[{"embeddable":true,"href":"https:\/\/gpl-love.com\/es\/wp-json\/wp\/v2\/media\/167632"}],"wp:attachment":[{"href":"https:\/\/gpl-love.com\/es\/wp-json\/wp\/v2\/media?parent=112766"}],"wp:term":[{"taxonomy":"product_brand","embeddable":true,"href":"https:\/\/gpl-love.com\/es\/wp-json\/wp\/v2\/product_brand?post=112766"},{"taxonomy":"product_cat","embeddable":true,"href":"https:\/\/gpl-love.com\/es\/wp-json\/wp\/v2\/product_cat?post=112766"},{"taxonomy":"product_tag","embeddable":true,"href":"https:\/\/gpl-love.com\/es\/wp-json\/wp\/v2\/product_tag?post=112766"}],"curies":[{"name":"wp","href":"https:\/\/api.w.org\/{rel}","templated":true}]}}