{"id":112764,"date":"2023-05-17T00:00:00","date_gmt":"2023-05-17T05:00:00","guid":{"rendered":"http:\/\/gpl-love.com\/es\/producto\/tya-technology-y-it-solutions-wordpress-tema\/"},"modified":"2026-04-10T11:27:11","modified_gmt":"2026-04-10T16:27:11","slug":"tya-technology-y-it-solutions-wordpress-tema","status":"publish","type":"product","link":"https:\/\/gpl-love.com\/es\/producto\/tya-technology-y-it-solutions-wordpress-tema\/","title":{"rendered":"Tanda Technology y IT Solutions WordPress Theme 2.0"},"content":{"rendered":"<h3>Tanda Technology y IT Solutions WordPress Theme Caracteristicas<\/h3>\n<p>El tema de WordPress de Tanda Technology and IT Solutions se presenta como una herramienta ideal para facilitar la creaci\u00f3n de un sitio web profesional y visualmente cautivador adaptado espec\u00edficamente para las empresas de tecnolog\u00eda y TI. Con su dise\u00f1o elegante y moderno, este tema ofrece una interfaz altamente personalizable que puede navegar f\u00e1cilmente tanto por desarrolladores como por no desarrolladores. En particular, est\u00e1 equipado con una amplia gama de plantillas de p\u00e1gina preconstruidas, un conveniente constructor de arrastrar y soltar y soporte integral para m\u00faltiples complementos, lo que permite a los usuarios dise\u00f1ar p\u00e1ginas \u00fanicas y din\u00e1micas sin esfuerzo que est\u00e9n optimizadas para clasificarse bien en el motor de b\u00fasqueda resultados. Vale la pena destacar que el tema Tanda cuenta con una capacidad de respuesta completa, asegurando que permanezca accesible y f\u00e1cil de usar, independientemente del dispositivo desde el que se acceda. A fin de cuentas, el tema de WordPress de TANDA Technology and IT Solutions se presenta indudablemente como una opci\u00f3n excepcionalmente vers\u00e1til y confiable para las personas que buscan elaborar un sitio web extraordinario para su tecnolog\u00eda o empresa comercial de TI.<\/p>\n<ul>\n<li>Dise\u00f1o totalmente receptivo y amigable para m\u00f3viles<\/li>\n<li>Dise\u00f1o limpio y moderno con colores y fuentes personalizables<\/li>\n<li>Construido con marco de bootstrap para una f\u00e1cil personalizaci\u00f3n y flexibilidad<\/li>\n<li>5 dise\u00f1os de p\u00e1gina de inicio preconstruidas para elegir<\/li>\n<li>Opciones flexibles de encabezado y pie de p\u00e1gina<\/li>\n<li>Panel de opciones de temas avanzados para una f\u00e1cil personalizaci\u00f3n<\/li>\n<li>Integrado con complementos populares de WordPress como WooCommerce y el Formulario de contacto 7<\/li>\n<li>M\u00faltiples opciones de dise\u00f1o de la p\u00e1gina de cartera, blog y precios<\/li>\n<li>C\u00f3digo amigable para SEO para una mejor clasificaci\u00f3n de motores de b\u00fasqueda<\/li>\n<li>La funci\u00f3n de importaci\u00f3n de demostraci\u00f3n de un solo clic para configurar r\u00e1pidamente su sitio web<\/li>\n<li>Excelente atenci\u00f3n al cliente y documentaci\u00f3n.<\/li>\n<\/ul>\n","protected":false},"excerpt":{"rendered":"<p>El tema de WordPress de Tanda Technology and IT de TAN cuenta con un dise\u00f1o elegante y contempor\u00e1neo que est\u00e1 especialmente dise\u00f1ado para atender a las empresas que operan en los sectores de tecnolog\u00eda y TI. Este tema sobresale en proporcionar un dise\u00f1o inmaculado, gr\u00e1ficos cautivadores y funcionalidades de vanguardia, asegurando as\u00ed una experiencia de usuario suprema y una adaptabilidad incomparable. Ya sea que su intenci\u00f3n sea mostrar su marca, impulsar las promociones para sus productos o servicios, o establecer una plataforma de comercio electr\u00f3nico, este tema le otorga la libertad de personalizar su sitio web de acuerdo con sus requisitos \u00fanicos. Con una interfaz f\u00e1cil de usar y un dise\u00f1o totalmente receptivo, el tema de WordPress de tecnolog\u00eda TANDA y Soluciones de TI surge como una soluci\u00f3n ideal para aumentar su presencia en l\u00ednea.<\/p>\n","protected":false},"featured_media":167686,"comment_status":"open","ping_status":"open","template":"","meta":[],"product_brand":[2337],"product_cat":[1307,1237,1238],"product_tag":[1391],"class_list":{"0":"post-112764","1":"product","2":"type-product","3":"status-publish","4":"has-post-thumbnail","6":"product_brand-themeforest","7":"product_cat-negocio-wordpress-temas","8":"product_cat-temas","9":"product_cat-wordpress-temas","10":"product_tag-themeforest","11":"member-discount","12":"discount-restricted","14":"first","15":"instock","16":"sale","17":"downloadable","18":"virtual","19":"sold-individually","20":"purchasable","21":"product-type-simple"},"_links":{"self":[{"href":"https:\/\/gpl-love.com\/es\/wp-json\/wp\/v2\/product\/112764","targetHints":{"allow":["GET"]}}],"collection":[{"href":"https:\/\/gpl-love.com\/es\/wp-json\/wp\/v2\/product"}],"about":[{"href":"https:\/\/gpl-love.com\/es\/wp-json\/wp\/v2\/types\/product"}],"replies":[{"embeddable":true,"href":"https:\/\/gpl-love.com\/es\/wp-json\/wp\/v2\/comments?post=112764"}],"wp:featuredmedia":[{"embeddable":true,"href":"https:\/\/gpl-love.com\/es\/wp-json\/wp\/v2\/media\/167686"}],"wp:attachment":[{"href":"https:\/\/gpl-love.com\/es\/wp-json\/wp\/v2\/media?parent=112764"}],"wp:term":[{"taxonomy":"product_brand","embeddable":true,"href":"https:\/\/gpl-love.com\/es\/wp-json\/wp\/v2\/product_brand?post=112764"},{"taxonomy":"product_cat","embeddable":true,"href":"https:\/\/gpl-love.com\/es\/wp-json\/wp\/v2\/product_cat?post=112764"},{"taxonomy":"product_tag","embeddable":true,"href":"https:\/\/gpl-love.com\/es\/wp-json\/wp\/v2\/product_tag?post=112764"}],"curies":[{"name":"wp","href":"https:\/\/api.w.org\/{rel}","templated":true}]}}