{"id":112762,"date":"2021-04-20T00:00:00","date_gmt":"2021-04-20T05:00:00","guid":{"rendered":"http:\/\/gpl-love.com\/es\/producto\/prolisting-directory-listing-wordpress-tema\/"},"modified":"2026-04-10T11:22:19","modified_gmt":"2026-04-10T16:22:19","slug":"prolisting-directory-listing-wordpress-tema","status":"publish","type":"product","link":"https:\/\/gpl-love.com\/es\/producto\/prolisting-directory-listing-wordpress-tema\/","title":{"rendered":"Prolisting Directory Listing WordPress Theme 1.31"},"content":{"rendered":"<h3>Prolisting Directory Listing WordPress Theme Caracteristicas<\/h3>\n<p>El prolist directorio que enumera el tema de WordPress se presenta como una herramienta impresionante y formidable, llena de capacidades, con el fin de crear un directorio profesional y pulido y sitios web de listados. Esta interfaz f\u00e1cil de usar faculta a las personas para establecer y supervisar de manera r\u00e1pida y eficiente sus listados, todo mientras se beneficia de una gran cantidad de caracter\u00edsticas notables como mapas, im\u00e1genes e informaci\u00f3n de precios. Adem\u00e1s, este tema cuenta con una funcionalidad de b\u00fasqueda avanzada, simplificando as\u00ed el proceso de localizaci\u00f3n de la informaci\u00f3n deseada. Adem\u00e1s, el dise\u00f1o receptivo del tema prolativo garantiza que su sitio web sea f\u00e1cilmente accesible en una amplia gama de dispositivos. Adem\u00e1s, su dise\u00f1o personalizable y su amplias opciones de color le otorgan la libertad de dise\u00f1ar una identidad visual verdaderamente distintiva para su sitio. Ya sea que est\u00e9 construyendo un directorio para empresas inmobiliarias, hoteles o cualquier otra forma de empresa, el tema de WordPress prolulado que enumera de WordPress emerge sin lugar a dudas como la soluci\u00f3n por excelencia, que atiende a todos sus requisitos y aspiraciones.<\/p>\n<ul>\n<li>Tema de WordPress dise\u00f1ado profesionalmente para listados de directorio<\/li>\n<li>Dise\u00f1o totalmente receptivo y personalizable<\/li>\n<li>Cuenta con m\u00faltiples \u00e1reas de widgets y widgets personalizados<\/li>\n<li>SEO optimizado para una mejor clasificaci\u00f3n de motores de b\u00fasqueda<\/li>\n<li>Admite env\u00edos de usuarios y listados pagados<\/li>\n<li>Sistema de revisi\u00f3n y calificaci\u00f3n incorporada<\/li>\n<li>Integrado con Google Maps para b\u00fasquedas basadas en la ubicaci\u00f3n<\/li>\n<li>Compatible con m\u00faltiples pasarelas de pago para transacciones f\u00e1ciles<\/li>\n<li>Dashboard f\u00e1cil de usar para administrar listados y usuarios<\/li>\n<li>Actualizado regularmente con nuevas funciones y correcciones de errores.<\/li>\n<\/ul>\n","protected":false},"excerpt":{"rendered":"<p>El tema de WordPress en el directorio prolista de WordPress es un tema muy robusto y f\u00e1cil de usar que se ha desarrollado espec\u00edficamente para facilitar la creaci\u00f3n de sitios web de directorio. Este tema cuenta con una amplia gama de caracter\u00edsticas personalizables que permiten una personalizaci\u00f3n extensa, como la inclusi\u00f3n de opciones de env\u00edo de m\u00faltiples listados, la capacidad de incorporar campos personalizados y la provisi\u00f3n de la funcionalidad de b\u00fasqueda avanzada. Adem\u00e1s, su dise\u00f1o contempor\u00e1neo y dise\u00f1o adaptativo contribuyen a la creaci\u00f3n de listados de directorio visualmente atractivos que son accesibles sin esfuerzo para sus usuarios. Ya sea que se est\u00e9 embarcando en el desarrollo de un directorio de negocios, una junta de trabajo o un sitio de listado de bienes ra\u00edces, la prolista es la soluci\u00f3n integral que abarca todos los componentes necesarios para lanzar con \u00e9xito su plataforma en l\u00ednea.<\/p>\n","protected":false},"featured_media":167275,"comment_status":"open","ping_status":"open","template":"","meta":[],"product_brand":[2337],"product_cat":[1267,1237,1238],"product_tag":[1391],"class_list":{"0":"post-112762","1":"product","2":"type-product","3":"status-publish","4":"has-post-thumbnail","6":"product_brand-themeforest","7":"product_cat-creativo","8":"product_cat-temas","9":"product_cat-wordpress-temas","10":"product_tag-themeforest","11":"member-discount","12":"discount-restricted","14":"first","15":"instock","16":"sale","17":"downloadable","18":"virtual","19":"sold-individually","20":"purchasable","21":"product-type-simple"},"_links":{"self":[{"href":"https:\/\/gpl-love.com\/es\/wp-json\/wp\/v2\/product\/112762","targetHints":{"allow":["GET"]}}],"collection":[{"href":"https:\/\/gpl-love.com\/es\/wp-json\/wp\/v2\/product"}],"about":[{"href":"https:\/\/gpl-love.com\/es\/wp-json\/wp\/v2\/types\/product"}],"replies":[{"embeddable":true,"href":"https:\/\/gpl-love.com\/es\/wp-json\/wp\/v2\/comments?post=112762"}],"wp:featuredmedia":[{"embeddable":true,"href":"https:\/\/gpl-love.com\/es\/wp-json\/wp\/v2\/media\/167275"}],"wp:attachment":[{"href":"https:\/\/gpl-love.com\/es\/wp-json\/wp\/v2\/media?parent=112762"}],"wp:term":[{"taxonomy":"product_brand","embeddable":true,"href":"https:\/\/gpl-love.com\/es\/wp-json\/wp\/v2\/product_brand?post=112762"},{"taxonomy":"product_cat","embeddable":true,"href":"https:\/\/gpl-love.com\/es\/wp-json\/wp\/v2\/product_cat?post=112762"},{"taxonomy":"product_tag","embeddable":true,"href":"https:\/\/gpl-love.com\/es\/wp-json\/wp\/v2\/product_tag?post=112762"}],"curies":[{"name":"wp","href":"https:\/\/api.w.org\/{rel}","templated":true}]}}