{"id":112760,"date":"2024-02-05T00:00:00","date_gmt":"2024-02-05T05:00:00","guid":{"rendered":"http:\/\/gpl-love.com\/es\/producto\/kossy-minimalist-ecommerce-wordpress-tema\/"},"modified":"2026-03-13T17:23:20","modified_gmt":"2026-03-13T22:23:20","slug":"kossy-minimalist-ecommerce-wordpress-tema","status":"publish","type":"product","link":"https:\/\/gpl-love.com\/es\/producto\/kossy-minimalist-ecommerce-wordpress-tema\/","title":{"rendered":"Kossy Minimalist eCommerce WordPress Theme 1.33"},"content":{"rendered":"<h3>Kossy Minimalist eCommerce WordPress Theme Caracteristicas<\/h3>\n<p>El tema de WordPress de comercio electr\u00f3nico de Kossy se presenta como una plantilla de sitio web de vanguardia y sofisticada, dirigida exclusivamente a las empresas de comercio electr\u00f3nico. Esta plantilla particular sobresale en mostrar su mercanc\u00eda con su dise\u00f1o minimalista y pulido. La interfaz, que es notablemente f\u00e1cil de usar, facilita la navegaci\u00f3n sin esfuerzo y proporciona un encuentro de compras sin problemas para su estimada clientela. Adem\u00e1s, esta plantilla cuenta con una capacidad de respuesta completa, garantizando as\u00ed una experiencia visual impecable en todos los dispositivos digitales. Adem\u00e1s, la multitud de opciones de personalizaci\u00f3n disponibles le permite dar forma a su sitio web para reflejar su identidad de marca distintiva. En esencia, el tema de WordPress de comercio electr\u00f3nico minimalista de Kossy sirve como la mejor soluci\u00f3n para las empresas que buscan establecer y mejorar su presencia en l\u00ednea, aumentando sus cifras de ventas.<\/p>\n<ul>\n<li>Dise\u00f1o limpio y moderno que se adapta a cualquier industria<\/li>\n<li>Tipograf\u00eda personalizable y opciones de color<\/li>\n<li>Totalmente receptivo y amigable para m\u00f3viles<\/li>\n<li>Soporte integrado de WooCommerce para ventas en l\u00ednea f\u00e1ciles<\/li>\n<li>Importaci\u00f3n de demostraci\u00f3n de un solo clic para comenzar r\u00e1pidamente<\/li>\n<li>SEO optimizado para una mejor clasificaci\u00f3n de motores de b\u00fasqueda<\/li>\n<li>Variaciones de m\u00faltiples p\u00e1ginas de inicio y encabezado<\/li>\n<li>Tiempos de carga de p\u00e1gina r\u00e1pidos para una mejor experiencia de usuario<\/li>\n<li>Compatibilidad de navegador cruzado para una visualizaci\u00f3n perfecta en todos los dispositivos<\/li>\n<li>Interfaz intuitiva y f\u00e1cil de usar para una f\u00e1cil personalizaci\u00f3n<\/li>\n<li>Equipo dedicado de atenci\u00f3n al cliente listo para ayudar con cualquier pregunta.<\/li>\n<\/ul>\n","protected":false},"excerpt":{"rendered":"<p>Kossy, un tema de WordPress de comercio electr\u00f3nico exquisito y de moda, ha sido meticulosamente elaborado con el prop\u00f3sito de atender tiendas minimalistas en l\u00ednea. Este tema cuenta con un dise\u00f1o notablemente contempor\u00e1neo y despejado, acentuando efectivamente la prominencia de sus productos y facilitando el establecimiento de una experiencia de compra f\u00e1cil de usar para su estimada clientela. Sorprendentemente adaptable, Kossy responde totalmente y abarca una gran cantidad de alternativas de personalizaci\u00f3n, que abarca diversos dise\u00f1os y esquemas de color. Adem\u00e1s, Kossy garantiza la usabilidad perfecta y la personalizaci\u00f3n sin esfuerzo, lo que lo convierte en una opci\u00f3n excepcional tanto para novatos como para usuarios experimentados. Independientemente de si su negocio gira en torno a la venta de moda, joyas o cualquier otra categor\u00eda de productos, Kossy emerge sin esfuerzo como el tema por excelencia para su estimada tienda en l\u00ednea.<\/p>\n","protected":false},"featured_media":166562,"comment_status":"open","ping_status":"open","template":"","meta":[],"product_brand":[2337],"product_cat":[1263,1264,1237],"product_tag":[1391],"class_list":{"0":"post-112760","1":"product","2":"type-product","3":"status-publish","4":"has-post-thumbnail","6":"product_brand-themeforest","7":"product_cat-comercio-electronico-temas","8":"product_cat-negocio","9":"product_cat-temas","10":"product_tag-themeforest","11":"member-discount","12":"discount-restricted","14":"first","15":"instock","16":"sale","17":"downloadable","18":"virtual","19":"sold-individually","20":"purchasable","21":"product-type-simple"},"_links":{"self":[{"href":"https:\/\/gpl-love.com\/es\/wp-json\/wp\/v2\/product\/112760","targetHints":{"allow":["GET"]}}],"collection":[{"href":"https:\/\/gpl-love.com\/es\/wp-json\/wp\/v2\/product"}],"about":[{"href":"https:\/\/gpl-love.com\/es\/wp-json\/wp\/v2\/types\/product"}],"replies":[{"embeddable":true,"href":"https:\/\/gpl-love.com\/es\/wp-json\/wp\/v2\/comments?post=112760"}],"wp:featuredmedia":[{"embeddable":true,"href":"https:\/\/gpl-love.com\/es\/wp-json\/wp\/v2\/media\/166562"}],"wp:attachment":[{"href":"https:\/\/gpl-love.com\/es\/wp-json\/wp\/v2\/media?parent=112760"}],"wp:term":[{"taxonomy":"product_brand","embeddable":true,"href":"https:\/\/gpl-love.com\/es\/wp-json\/wp\/v2\/product_brand?post=112760"},{"taxonomy":"product_cat","embeddable":true,"href":"https:\/\/gpl-love.com\/es\/wp-json\/wp\/v2\/product_cat?post=112760"},{"taxonomy":"product_tag","embeddable":true,"href":"https:\/\/gpl-love.com\/es\/wp-json\/wp\/v2\/product_tag?post=112760"}],"curies":[{"name":"wp","href":"https:\/\/api.w.org\/{rel}","templated":true}]}}