{"id":112758,"date":"2021-04-20T00:00:00","date_gmt":"2021-04-20T05:00:00","guid":{"rendered":"http:\/\/gpl-love.com\/es\/producto\/life-boxed-portfolio-wordpress-tema\/"},"modified":"2026-03-13T17:23:34","modified_gmt":"2026-03-13T22:23:34","slug":"life-boxed-portfolio-wordpress-tema","status":"publish","type":"product","link":"https:\/\/gpl-love.com\/es\/producto\/life-boxed-portfolio-wordpress-tema\/","title":{"rendered":"Life Boxed Portfolio WordPress Theme 1.1.7"},"content":{"rendered":"<h3>Life Boxed Portfolio WordPress Theme Caracteristicas<\/h3>\n<p>El tema de WordPress de la cartera de Life Boxed se presenta como una soluci\u00f3n ideal e integral para mostrar efectivamente el trabajo de uno de una manera que es profesional y elegante. Este tema cuenta con una impresionante variedad de caracter\u00edsticas, cuidadosamente seleccionadas para permitir la creaci\u00f3n de un sitio web visualmente llamativo y totalmente receptivo. Como resultado, los visitantes no tendr\u00e1n dificultades para acceder a su cartera desde ning\u00fan dispositivo. El dise\u00f1o del tema es elegante y contempor\u00e1neo, asegurando que capture sin esfuerzo la atenci\u00f3n de su audiencia. Adem\u00e1s, la flexibilidad del tema no tiene paralelo, lo que le brinda la oportunidad de personalizarlo al deseo de su coraz\u00f3n. Independientemente de si se identifica como fot\u00f3grafo, artista o dise\u00f1ador gr\u00e1fico, el tema de WordPress de la cartera de Life Boxed es, sin duda, una opci\u00f3n excepcional para establecer y promover su presencia en l\u00ednea, lo que le permite mostrar con orgullo sus talentos \u00fanicos al mundo.<\/p>\n<ul>\n<li>Tema de WordPress de cartera elegante y profesional que muestra su trabajo maravillosamente<\/li>\n<li>El dise\u00f1o totalmente receptivo garantiza que su cartera se vea genial en todos los dispositivos<\/li>\n<li>Incluye m\u00faltiples dise\u00f1os y estilos de cartera para elegir, d\u00e1ndole un control completo sobre la apariencia de su sitio<\/li>\n<li>Las opciones de personalizaci\u00f3n simples e intuitivas le permiten personalizar su sitio con facilidad<\/li>\n<li>Viene con una variedad de widgets y c\u00f3digos cortos incorporados, que incluyen formularios de contacto, \u00edconos de redes sociales y testimonios, para agregar a\u00fan m\u00e1s funcionalidad a su sitio.<\/li>\n<li>Equipado con c\u00f3digo HTML, CSS y PHP v\u00e1lido y claramente estructurado para garantizar que su sitio web se ejecute sin problemas y est\u00e9 optimizado para los motores de b\u00fasqueda<\/li>\n<li>Compatible con complementos populares de WordPress, lo que le permite agregar a\u00fan m\u00e1s funciones a su sitio seg\u00fan sea necesario<\/li>\n<li>La documentaci\u00f3n integral y el servicio de atenci\u00f3n al cliente confiable facilitan comenzar y administrar su sitio con confianza<\/li>\n<li>Las actualizaciones peri\u00f3dicas aseguran que su sitio se mantenga actualizado y seguro, y que se agregan nuevas caracter\u00edsticas y funcionalidades con el tiempo.<\/li>\n<\/ul>\n","protected":false},"excerpt":{"rendered":"<p>El tema de WordPress de la cartera de Life Boxed es un tema excepcional de WordPress que ha sido meticulosamente elaborado con el prop\u00f3sito de atraer a los creativos, fot\u00f3grafos y agencias que aspiran a presentar su trabajo de una manera atractiva y sofisticada. Con un dise\u00f1o elegante y contempor\u00e1neo, el tema de WordPress de la cartera de Life Boxed es excepcionalmente adecuado para las personas que buscan exhibir sus carteras, galer\u00edas, exhibiciones y otros sitios web comparables. Con una gran cantidad de atributos personalizables, incluidos dise\u00f1os, fuentes, colores y widgets, este tema posee la extraordinaria capacidad de adaptarse a sus necesidades individuales y distintivas. Sorprendentemente, este tema ha sido optimizado por expertos para la optimizaci\u00f3n de motores de b\u00fasqueda (SEO), garantizando as\u00ed que su sitio web ascender\u00e1 a niveles m\u00e1s altos dentro de los resultados de b\u00fasqueda. Adem\u00e1s, el tema de WordPress de la cartera de Life Boxed es totalmente receptivo y perfectamente compatible con todos los principales navegadores, asegurando as\u00ed que su sitio web aparezca y funcione sin problemas en una amplia gama de dispositivos. Con la ayuda del tema de WordPress de la cartera de Life Boxed, tendr\u00e1 la capacidad de crear una cartera visualmente llamativa que sin duda cautivar\u00e1 la atenci\u00f3n de la clientela potencial, que finalmente facilit\u00f3 el crecimiento y la expansi\u00f3n de su negocio.<\/p>\n","protected":false},"featured_media":166611,"comment_status":"open","ping_status":"open","template":"","meta":[],"product_brand":[2337],"product_cat":[1239,1237,1238],"product_tag":[1391],"class_list":{"0":"post-112758","1":"product","2":"type-product","3":"status-publish","4":"has-post-thumbnail","6":"product_brand-themeforest","7":"product_cat-de-multiples-fines","8":"product_cat-temas","9":"product_cat-wordpress-temas","10":"product_tag-themeforest","11":"member-discount","12":"discount-restricted","14":"first","15":"instock","16":"sale","17":"downloadable","18":"virtual","19":"sold-individually","20":"purchasable","21":"product-type-simple"},"_links":{"self":[{"href":"https:\/\/gpl-love.com\/es\/wp-json\/wp\/v2\/product\/112758","targetHints":{"allow":["GET"]}}],"collection":[{"href":"https:\/\/gpl-love.com\/es\/wp-json\/wp\/v2\/product"}],"about":[{"href":"https:\/\/gpl-love.com\/es\/wp-json\/wp\/v2\/types\/product"}],"replies":[{"embeddable":true,"href":"https:\/\/gpl-love.com\/es\/wp-json\/wp\/v2\/comments?post=112758"}],"wp:featuredmedia":[{"embeddable":true,"href":"https:\/\/gpl-love.com\/es\/wp-json\/wp\/v2\/media\/166611"}],"wp:attachment":[{"href":"https:\/\/gpl-love.com\/es\/wp-json\/wp\/v2\/media?parent=112758"}],"wp:term":[{"taxonomy":"product_brand","embeddable":true,"href":"https:\/\/gpl-love.com\/es\/wp-json\/wp\/v2\/product_brand?post=112758"},{"taxonomy":"product_cat","embeddable":true,"href":"https:\/\/gpl-love.com\/es\/wp-json\/wp\/v2\/product_cat?post=112758"},{"taxonomy":"product_tag","embeddable":true,"href":"https:\/\/gpl-love.com\/es\/wp-json\/wp\/v2\/product_tag?post=112758"}],"curies":[{"name":"wp","href":"https:\/\/api.w.org\/{rel}","templated":true}]}}