{"id":112756,"date":"2021-10-20T00:00:00","date_gmt":"2021-10-20T05:00:00","guid":{"rendered":"http:\/\/gpl-love.com\/es\/producto\/curly-a-stylish-tema-para-hairdressers-y-hair-salons\/"},"modified":"2026-03-13T17:18:57","modified_gmt":"2026-03-13T22:18:57","slug":"curly-a-stylish-tema-para-hairdressers-y-hair-salons","status":"publish","type":"product","link":"https:\/\/gpl-love.com\/es\/producto\/curly-a-stylish-tema-para-hairdressers-y-hair-salons\/","title":{"rendered":"Curly A Stylish Tema para Hairdressers y Hair Salons 2.6"},"content":{"rendered":"<h3>Curly A Stylish Tema para Hairdressers y Hair Salons Caracteristicas<\/h3>\n<p>Curly, un tema elegante se presenta como la mejor opci\u00f3n para peluqueros y peluqueros que buscan establecer una fuerte presencia en l\u00ednea para exhibir su amplia gama de servicios. Este notable tema cuenta con un dise\u00f1o de vanguardia y sofisticado, completo con una gran cantidad de esquemas de colores personalizables, fuentes y dise\u00f1os, todos meticulosamente adaptados para reflejar la identidad \u00fanica de su marca. Con su interfaz f\u00e1cil de usar, la creaci\u00f3n y administraci\u00f3n de su sitio web sin esfuerzo se convierte en una experiencia perfecta. La impresionante galer\u00eda de im\u00e1genes inspiradora le permite mostrar su trabajo ejemplar, cautivar la atenci\u00f3n de los clientes potenciales y atraerlos hacia sus servicios excepcionales, mientras que la integraci\u00f3n de un sistema de reserva simplificado acelera el proceso de programaci\u00f3n de citas, mejora la eficiencia y la satisfacci\u00f3n del cliente. Adem\u00e1s, Curly, un tema elegante, se ha optimizado meticulosamente para los motores de b\u00fasqueda, asegurando que su sitio web obtenga la m\u00e1xima visibilidad entre una audiencia m\u00e1s amplia. Al aprovechar las caracter\u00edsticas notables de este tema y la funcionalidad incomparable, puede crear una presencia en l\u00ednea extraordinariamente cautivadora que seguramente dejar\u00e1 una marca indeleble en su estimada clientela.<\/p>\n<ul>\n<li>Un tema elegante y moderno dise\u00f1ado espec\u00edficamente para peluqueros y salones de peluquer\u00eda<\/li>\n<li>Opciones personalizables para colores, fuentes y dise\u00f1o para crear un sitio web \u00fanico y personalizado<\/li>\n<li>Dise\u00f1o de respuesta m\u00f3vil para una visualizaci\u00f3n \u00f3ptima en todos los dispositivos<\/li>\n<li>M\u00faltiples plantillas de p\u00e1gina, incluidos servicios, precios, miembros del equipo y contacto<\/li>\n<li>Integraci\u00f3n con complementos populares de reserva y programaci\u00f3n para una f\u00e1cil gesti\u00f3n de citas<\/li>\n<li>Compatibilidad con WooCommerce para vender productos de cuidado del cabello y mercanc\u00edas en l\u00ednea<\/li>\n<li>Caracter\u00edsticas de optimizaci\u00f3n de SEO para mejorar la clasificaci\u00f3n y la visibilidad del motor de b\u00fasqueda<\/li>\n<li>Actualizaciones regulares y atenci\u00f3n al cliente para un rendimiento confiable y consistente<\/li>\n<li>F\u00e1cil proceso de instalaci\u00f3n y configuraci\u00f3n, incluso para aquellos sin experiencia en desarrollo web<\/li>\n<\/ul>\n","protected":false},"excerpt":{"rendered":"<p>Experimente la mejor combinaci\u00f3n de estilo y funcionalidad con rizado, un tema moderno y elegante dise\u00f1ado exclusivamente para peluqueros y peluqueros. Este tema es la herramienta perfecta para mostrar sus servicios \u00fanicos y sus habilidades profesionales de manera creativa. El tema rizado no solo es visualmente atractivo sino tambi\u00e9n amigable con SEO, asegurando la visibilidad en l\u00ednea de su sal\u00f3n. Ofrece un dise\u00f1o totalmente receptivo, adaptando excelentemente a todos los dispositivos. El tema incluye un sistema de reserva f\u00e1cil de usar, que permite a sus clientes reservar citas en l\u00ednea a su conveniencia. Tambi\u00e9n viene con una funci\u00f3n de galer\u00eda para mostrar sus \u00faltimos peinados y tendencias. Con sus f\u00e1ciles opciones de personalizaci\u00f3n, puede personalizar su sitio web para reflejar la marca y el estilo de su sal\u00f3n. \u00a1Conf\u00eda en Curly para darle a tu peluquer\u00eda la presencia en l\u00ednea que merece!<\/p>\n","protected":false},"featured_media":165737,"comment_status":"open","ping_status":"open","template":"","meta":[],"product_brand":[2337],"product_cat":[1239,1237,1238],"product_tag":[1391],"class_list":{"0":"post-112756","1":"product","2":"type-product","3":"status-publish","4":"has-post-thumbnail","6":"product_brand-themeforest","7":"product_cat-de-multiples-fines","8":"product_cat-temas","9":"product_cat-wordpress-temas","10":"product_tag-themeforest","11":"member-discount","12":"discount-restricted","14":"first","15":"instock","16":"sale","17":"downloadable","18":"virtual","19":"sold-individually","20":"purchasable","21":"product-type-simple"},"_links":{"self":[{"href":"https:\/\/gpl-love.com\/es\/wp-json\/wp\/v2\/product\/112756","targetHints":{"allow":["GET"]}}],"collection":[{"href":"https:\/\/gpl-love.com\/es\/wp-json\/wp\/v2\/product"}],"about":[{"href":"https:\/\/gpl-love.com\/es\/wp-json\/wp\/v2\/types\/product"}],"replies":[{"embeddable":true,"href":"https:\/\/gpl-love.com\/es\/wp-json\/wp\/v2\/comments?post=112756"}],"wp:featuredmedia":[{"embeddable":true,"href":"https:\/\/gpl-love.com\/es\/wp-json\/wp\/v2\/media\/165737"}],"wp:attachment":[{"href":"https:\/\/gpl-love.com\/es\/wp-json\/wp\/v2\/media?parent=112756"}],"wp:term":[{"taxonomy":"product_brand","embeddable":true,"href":"https:\/\/gpl-love.com\/es\/wp-json\/wp\/v2\/product_brand?post=112756"},{"taxonomy":"product_cat","embeddable":true,"href":"https:\/\/gpl-love.com\/es\/wp-json\/wp\/v2\/product_cat?post=112756"},{"taxonomy":"product_tag","embeddable":true,"href":"https:\/\/gpl-love.com\/es\/wp-json\/wp\/v2\/product_tag?post=112756"}],"curies":[{"name":"wp","href":"https:\/\/api.w.org\/{rel}","templated":true}]}}