{"id":112754,"date":"2022-05-16T00:00:00","date_gmt":"2022-05-16T05:00:00","guid":{"rendered":"http:\/\/gpl-love.com\/es\/producto\/lafka-woocommerce-tema-para-burger-y-pizza-delivery\/"},"modified":"2026-03-13T17:23:22","modified_gmt":"2026-03-13T22:23:22","slug":"lafka-woocommerce-tema-para-burger-y-pizza-delivery","status":"publish","type":"product","link":"https:\/\/gpl-love.com\/es\/producto\/lafka-woocommerce-tema-para-burger-y-pizza-delivery\/","title":{"rendered":"Lafka WooCommerce Tema para Burger y Pizza Delivery 4.1.2"},"content":{"rendered":"<h3>Lafka WooCommerce Tema para Burger y Pizza Delivery Caracteristicas<\/h3>\n<p>El tema de Lafka WooCommerce presenta una opci\u00f3n ideal para empresas especializadas en la entrega de hamburguesas y pizzas. Con su variedad de caracter\u00edsticas f\u00e1ciles de usar, este tema simplifica el proceso para que los clientes examinen productos y realicen pedidos en l\u00ednea. En particular, el tema cuenta con un dise\u00f1o elegante y contempor\u00e1neo, que se puede personalizar para alinearse con su identidad de marca. Asegurando la m\u00e1xima accesibilidad, el tema Lafka WooCommerce es totalmente receptivo, lo que permite a los clientes acceder a su sitio web sin problemas en varios dispositivos. Adem\u00e1s, este tema est\u00e1 optimizado para los motores de b\u00fasqueda, aumentando as\u00ed la visibilidad de su sitio web y mejorando su clasificaci\u00f3n. Si busca una presencia en l\u00ednea elevada y las ventas que se amplifican, entonces el tema de Lafka WooCommerce es la soluci\u00f3n ideal para usted.<\/p>\n<ul>\n<li>Un tema de WordPress moderno y elegante dise\u00f1ado espec\u00edficamente para servicios de entrega de hamburguesas y pizzas<\/li>\n<li>Dise\u00f1o totalmente receptivo que garantiza que su sitio web se vea muy bien en cualquier dispositivo<\/li>\n<li>Integraci\u00f3n perfecta con WooCommerce, lo que le permite administrar f\u00e1cilmente pedidos, pagos e inventario<\/li>\n<li>Opciones de men\u00fa personalizables que facilitan mostrar sus platos y bebidas deliciosos<\/li>\n<li>Opciones de entrega incorporadas que ofrecen a los clientes la capacidad de seleccionar su ubicaci\u00f3n y tiempo de entrega preferidos<\/li>\n<li>Funcionalidad de b\u00fasqueda mejorada que permite a los clientes encontrar r\u00e1pidamente sus platos favoritos<\/li>\n<li>Opciones de pago m\u00faltiples, que incluyen tarjetas de cr\u00e9dito, PayPal y efectivo en entrega<\/li>\n<li>Integraci\u00f3n de redes sociales que le permite promocionar su negocio en plataformas populares como Facebook e Instagram<\/li>\n<li>Tiempos de carga r\u00e1pidos que aseguran una experiencia de cliente perfecta de principio a fin<\/li>\n<li>Documentaci\u00f3n integral y atenci\u00f3n al cliente 24\/7 para ayudarlo a aprovechar al m\u00e1ximo su sitio web.<\/li>\n<\/ul>\n","protected":false},"excerpt":{"rendered":"<p>El tema de Lafka WooCommerce es una soluci\u00f3n ejemplar para los negocios de entrega de hamburguesas y pizzas, ya que abarca un dise\u00f1o elegante y contempor\u00e1neo que est\u00e1 obligado a cautivar y cautivar a sus clientes con una facilidad sin igual. Este notable tema est\u00e1 equipado con una gran cantidad de caracter\u00edsticas que se adaptan meticulosamente para satisfacer las intrincadas demandas de la industria de entrega de alimentos, que abarca funcionalidades notables como el seguimiento de pedidos, la gesti\u00f3n meticulosa de la zona de entrega y la administraci\u00f3n de men\u00fa sin esfuerzo. Adem\u00e1s, el tema Lafka WooCommerce es totalmente personalizable, lo que le brinda la oportunidad incomparable de curar una plataforma en l\u00ednea distintiva y profesional que refleja y encarna impecablemente la esencia de su estimada marca. Otorgar a sus apreciados clientes la incomparable conveniencia y conveniencia de ordenar sin esfuerzo sus platos favorecidos en l\u00ednea, y contemplar a medida que su estimada empresa florece y prospere exponencialmente con el invaluable apoyo y la ayuda inquebrantable del notable tema de LAFKA WOOOCMERCE.<\/p>\n","protected":false},"featured_media":166564,"comment_status":"open","ping_status":"open","template":"","meta":[],"product_brand":[2337],"product_cat":[1646,1237,1238],"product_tag":[1391],"class_list":{"0":"post-112754","1":"product","2":"type-product","3":"status-publish","4":"has-post-thumbnail","6":"product_brand-themeforest","7":"product_cat-alimentacion-y-restaurante","8":"product_cat-temas","9":"product_cat-wordpress-temas","10":"product_tag-themeforest","11":"member-discount","12":"discount-restricted","14":"first","15":"instock","16":"sale","17":"downloadable","18":"virtual","19":"sold-individually","20":"purchasable","21":"product-type-simple"},"_links":{"self":[{"href":"https:\/\/gpl-love.com\/es\/wp-json\/wp\/v2\/product\/112754","targetHints":{"allow":["GET"]}}],"collection":[{"href":"https:\/\/gpl-love.com\/es\/wp-json\/wp\/v2\/product"}],"about":[{"href":"https:\/\/gpl-love.com\/es\/wp-json\/wp\/v2\/types\/product"}],"replies":[{"embeddable":true,"href":"https:\/\/gpl-love.com\/es\/wp-json\/wp\/v2\/comments?post=112754"}],"wp:featuredmedia":[{"embeddable":true,"href":"https:\/\/gpl-love.com\/es\/wp-json\/wp\/v2\/media\/166564"}],"wp:attachment":[{"href":"https:\/\/gpl-love.com\/es\/wp-json\/wp\/v2\/media?parent=112754"}],"wp:term":[{"taxonomy":"product_brand","embeddable":true,"href":"https:\/\/gpl-love.com\/es\/wp-json\/wp\/v2\/product_brand?post=112754"},{"taxonomy":"product_cat","embeddable":true,"href":"https:\/\/gpl-love.com\/es\/wp-json\/wp\/v2\/product_cat?post=112754"},{"taxonomy":"product_tag","embeddable":true,"href":"https:\/\/gpl-love.com\/es\/wp-json\/wp\/v2\/product_tag?post=112754"}],"curies":[{"name":"wp","href":"https:\/\/api.w.org\/{rel}","templated":true}]}}