{"id":112752,"date":"2022-07-01T00:00:00","date_gmt":"2022-07-01T05:00:00","guid":{"rendered":"http:\/\/gpl-love.com\/es\/producto\/month-annual-pricing-table-widget-for-elementor\/"},"modified":"2026-04-10T11:17:10","modified_gmt":"2026-04-10T16:17:10","slug":"month-annual-pricing-table-widget-for-elementor","status":"publish","type":"product","link":"https:\/\/gpl-love.com\/es\/producto\/month-annual-pricing-table-widget-for-elementor\/","title":{"rendered":"Month Annual Pricing Table Widget For Elementor 1.2.3"},"content":{"rendered":"<h3>Month Annual Pricing Table Widget For Elementor Caracteristicas<\/h3>\n<p>El widget de la tabla de precios anual para el elemento sirve como un instrumento altamente potente dise\u00f1ado meticulosamente para ayudarlo en la creaci\u00f3n de tablas de precios visualmente llamativas para su sitio web. Este widget cuenta con una personalizaci\u00f3n completa, le brinda la libertad de seleccionar entre una extensa variedad de colores, fuentes y estilos, todo dise\u00f1ado para armonizar con su marca. Con su dise\u00f1o adaptativo, sus tablas de precios exudan excelencia e impecable en todos los dispositivos, independientemente de si son escritorios o tel\u00e9fonos m\u00f3viles. Adem\u00e1s, este widget est\u00e1 equipado con una interfaz f\u00e1cil de usar, lo que hace que la construcci\u00f3n y modificaci\u00f3n de las tablas de precios sea f\u00e1cil, todo sin necesidad de ning\u00fan conocimiento de codificaci\u00f3n. Adem\u00e1s, posee la autonom\u00eda para mostrar sus tablas de precios en un formato mensual o anual, proporcionando a su apreciada clientela la flexibilidad para optar por la opci\u00f3n que mejor se adapte a sus preferencias. En esencia, el widget de la tabla de precios anual del mes para Elementor surge como una herramienta indispensable para cualquier sitio web que ofrece una variedad de productos o servicios acompa\u00f1ados de diferentes alternativas de precios.<\/p>\n<ul>\n<li>Un widget de tabla de precios personalizable dise\u00f1ado espec\u00edficamente para usar con el Elementor Page Builder<\/li>\n<li>Muestra estructuras de precios para diferentes planes o paquetes por mensual<\/li>\n<li>M\u00faltiples plantillas predise\u00f1adas disponibles para una personalizaci\u00f3n r\u00e1pida y f\u00e1cil<\/li>\n<li>Opci\u00f3n para agregar im\u00e1genes, descripciones y botones para cada plan de precios<\/li>\n<li>Totalmente receptivo, asegurando que las tablas de precios se vean muy bien en todos los dispositivos y tama\u00f1os de pantalla<\/li>\n<li>Opciones de estilo avanzado disponibles para una mayor personalizaci\u00f3n, incluidas las opciones de fuente y color<\/li>\n<li>Compatible con m\u00faltiples opciones de pasarela de pago e integraciones con complementos de membres\u00eda populares<\/li>\n<li>Perfecto para empresas que ofrecen servicios de suscripci\u00f3n o planes de membres\u00eda<\/li>\n<li>Actualizaciones y soporte regulares proporcionados por los desarrolladores de productos para garantizar un rendimiento y funcionalidad \u00f3ptimos.<\/li>\n<\/ul>\n","protected":false},"excerpt":{"rendered":"<p>El widget de la tabla de precios anual del mes para Elementor es un complemento premium excepcional que le ofrece la notable capacidad de dise\u00f1ar tablas de precios sofisticadas y elegantes para su estimado sitio web. A trav\u00e9s de su interfaz de arrastre y ca\u00edda de arrastre e intuitiva f\u00e1cil e intuitiva, adapte sin esfuerzo los planes de precios de acuerdo con sus preferencias, incorpore descripciones informativas que cautiven y atraigan a su audiencia, y enfaticen caracter\u00edsticas espec\u00edficas que acent\u00faan el valor de sus productos o servicios, facilitando el fin de \u00faltima manera Venta exitosa del mismo. Adem\u00e1s, este widget le confiere la invaluable flexibilidad para exhibir sus alternativas de precios para los ciclos de facturaci\u00f3n mensuales o anuales, lo que capacita as\u00ed a su estimada clientela con la libertad de seleccionar la opci\u00f3n de pago que mejor se alinea con sus necesidades y deseos individuales. No dude en actualizar su estimado sitio web hoy con esta herramienta potente e influyente, ya que se garantiza que aumentar\u00e1 exponencialmente sus tasas de conversi\u00f3n, transformando a simples visitantes en clientes que pagan devotos y leales.<\/p>\n","protected":false},"featured_media":166824,"comment_status":"open","ping_status":"open","template":"","meta":[],"product_brand":[2339],"product_cat":[1214,1206,1211],"product_tag":[1256],"class_list":{"0":"post-112752","1":"product","2":"type-product","3":"status-publish","4":"has-post-thumbnail","6":"product_brand-codecanyon","7":"product_cat-personalizacion","8":"product_cat-plugins","9":"product_cat-wordpress-plugins","10":"product_tag-codecanyon","11":"member-discount","12":"discount-restricted","14":"first","15":"instock","16":"sale","17":"downloadable","18":"virtual","19":"sold-individually","20":"purchasable","21":"product-type-simple"},"_links":{"self":[{"href":"https:\/\/gpl-love.com\/es\/wp-json\/wp\/v2\/product\/112752","targetHints":{"allow":["GET"]}}],"collection":[{"href":"https:\/\/gpl-love.com\/es\/wp-json\/wp\/v2\/product"}],"about":[{"href":"https:\/\/gpl-love.com\/es\/wp-json\/wp\/v2\/types\/product"}],"replies":[{"embeddable":true,"href":"https:\/\/gpl-love.com\/es\/wp-json\/wp\/v2\/comments?post=112752"}],"wp:featuredmedia":[{"embeddable":true,"href":"https:\/\/gpl-love.com\/es\/wp-json\/wp\/v2\/media\/166824"}],"wp:attachment":[{"href":"https:\/\/gpl-love.com\/es\/wp-json\/wp\/v2\/media?parent=112752"}],"wp:term":[{"taxonomy":"product_brand","embeddable":true,"href":"https:\/\/gpl-love.com\/es\/wp-json\/wp\/v2\/product_brand?post=112752"},{"taxonomy":"product_cat","embeddable":true,"href":"https:\/\/gpl-love.com\/es\/wp-json\/wp\/v2\/product_cat?post=112752"},{"taxonomy":"product_tag","embeddable":true,"href":"https:\/\/gpl-love.com\/es\/wp-json\/wp\/v2\/product_tag?post=112752"}],"curies":[{"name":"wp","href":"https:\/\/api.w.org\/{rel}","templated":true}]}}