{"id":112750,"date":"2023-03-21T00:00:00","date_gmt":"2023-03-21T05:00:00","guid":{"rendered":"http:\/\/gpl-love.com\/es\/producto\/snax-viral-content-builder-wordpress-plugin\/"},"modified":"2026-04-10T11:25:09","modified_gmt":"2026-04-10T16:25:09","slug":"snax-viral-content-builder-wordpress-plugin","status":"publish","type":"product","link":"https:\/\/gpl-love.com\/es\/producto\/snax-viral-content-builder-wordpress-plugin\/","title":{"rendered":"Snax Viral Content Builder WordPress Plugin 1.94"},"content":{"rendered":"<h3>Snax Viral Content Builder WordPress Plugin Caracteristicas<\/h3>\n<p>Si est\u00e1 en busca de un m\u00e9todo conveniente para generar contenido viral para su sitio web de WordPress, entonces Snax Viral Content Builder es indudablemente el complemento ideal para usted. Este complemento excepcional ofrece una interfaz notablemente f\u00e1cil de usar y una amplia gama de opciones personalizables, lo que le permite fabricar sin esfuerzo cuestionarios, encuestas, pruebas de personalidad y muchas otras caracter\u00edsticas interactivas para cautivar su audiencia y mejorar sustancialmente la afluencia de tr\u00e1fico a sus estimados. sitio. Adem\u00e1s, es notable que este complemento est\u00e9 equipado con capacidades de intercambio social incorporadas, lo que permite que su contenido se propague sin problemas en varias plataformas de redes sociales. Al emplear las capacidades notables del Contenido de Contenido Viral Snax, tiene la notable capacidad de elevar su sitio web de WordPress a alturas sin precedentes mediante la creaci\u00f3n de una variedad de contenido cautivador y compartible.<\/p>\n<ul>\n<li>Personalizaci\u00f3n f\u00e1cil de contenido viral para su sitio de WordPress<\/li>\n<li>Puede crear cuestionarios, encuestas y listas para involucrar a su audiencia<\/li>\n<li>Botones din\u00e1micos de intercambio social para alentar el intercambio en las plataformas de redes sociales<\/li>\n<li>Opci\u00f3n para mostrar anuncios y contenido patrocinado dentro de contenido viral<\/li>\n<li>Funci\u00f3n de transentaci\u00f3n autom\u00e1tica para audiencias que no hablan ingl\u00e9s<\/li>\n<li>An\u00e1lisis detallado e informes sobre el desempe\u00f1o del contenido viral<\/li>\n<li>Se integra con plataformas de marketing por correo electr\u00f3nico como MailChimp y Aweber<\/li>\n<li>Interfaz intuitiva de arrastrar y soltar para crear y organizar contenido<\/li>\n<li>Acceso a una biblioteca de plantillas y dise\u00f1os prefabricados<\/li>\n<li>Dise\u00f1o de receptivo y amigable para dispositivos m\u00f3viles para una visualizaci\u00f3n \u00f3ptima en todos los dispositivos.<\/li>\n<\/ul>\n","protected":false},"excerpt":{"rendered":"<p>El complemento Snax Viral Content Builder WordPress es una herramienta incre\u00edblemente potente y eficiente que permite a los usuarios generar y distribuir el contenido viral cautivador. Su interfaz de arrastrar y soltar f\u00e1cilmente de usuario facilita la creaci\u00f3n perfecta de cuestionarios, encuestas, listas, listas y numerosos formatos de contenido cautivadores en cuesti\u00f3n de minutos. Adem\u00e1s, este complemento ofrece una variedad de caracter\u00edsticas impresionantes, que incluyen botones de intercambio social, botones de reacci\u00f3n de usuario personalizables y un tablero de an\u00e1lisis robusto, todos los cuales contribuyen al monitoreo y el an\u00e1lisis mejorados del rendimiento de su contenido. Al aprovechar las capacidades notables del Constructor de contenido viral de Snax, los usuarios pueden producir y compartir contenido convincente que no solo impulsa un tr\u00e1fico sustancial, sino que tambi\u00e9n mejora significativamente la participaci\u00f3n del usuario en sus sitios web.<\/p>\n","protected":false},"featured_media":167516,"comment_status":"open","ping_status":"open","template":"","meta":[],"product_brand":[2339],"product_cat":[1232,1206,1211],"product_tag":[1256],"class_list":{"0":"post-112750","1":"product","2":"type-product","3":"status-publish","4":"has-post-thumbnail","6":"product_brand-codecanyon","7":"product_cat-marketing-wordpress-plugins","8":"product_cat-plugins","9":"product_cat-wordpress-plugins","10":"product_tag-codecanyon","11":"member-discount","12":"discount-restricted","14":"first","15":"instock","16":"sale","17":"downloadable","18":"virtual","19":"sold-individually","20":"purchasable","21":"product-type-simple"},"_links":{"self":[{"href":"https:\/\/gpl-love.com\/es\/wp-json\/wp\/v2\/product\/112750","targetHints":{"allow":["GET"]}}],"collection":[{"href":"https:\/\/gpl-love.com\/es\/wp-json\/wp\/v2\/product"}],"about":[{"href":"https:\/\/gpl-love.com\/es\/wp-json\/wp\/v2\/types\/product"}],"replies":[{"embeddable":true,"href":"https:\/\/gpl-love.com\/es\/wp-json\/wp\/v2\/comments?post=112750"}],"wp:featuredmedia":[{"embeddable":true,"href":"https:\/\/gpl-love.com\/es\/wp-json\/wp\/v2\/media\/167516"}],"wp:attachment":[{"href":"https:\/\/gpl-love.com\/es\/wp-json\/wp\/v2\/media?parent=112750"}],"wp:term":[{"taxonomy":"product_brand","embeddable":true,"href":"https:\/\/gpl-love.com\/es\/wp-json\/wp\/v2\/product_brand?post=112750"},{"taxonomy":"product_cat","embeddable":true,"href":"https:\/\/gpl-love.com\/es\/wp-json\/wp\/v2\/product_cat?post=112750"},{"taxonomy":"product_tag","embeddable":true,"href":"https:\/\/gpl-love.com\/es\/wp-json\/wp\/v2\/product_tag?post=112750"}],"curies":[{"name":"wp","href":"https:\/\/api.w.org\/{rel}","templated":true}]}}