{"id":112748,"date":"2021-10-23T00:00:00","date_gmt":"2021-10-23T05:00:00","guid":{"rendered":"http:\/\/gpl-love.com\/es\/producto\/pluto-clean-personal-wordpress-masonry-blog-tema\/"},"modified":"2026-03-13T17:27:35","modified_gmt":"2026-03-13T22:27:35","slug":"pluto-clean-personal-wordpress-masonry-blog-tema","status":"publish","type":"product","link":"https:\/\/gpl-love.com\/es\/producto\/pluto-clean-personal-wordpress-masonry-blog-tema\/","title":{"rendered":"Pluto Clean Personal WordPress Masonry Blog Theme 4.4.0"},"content":{"rendered":"<h3>Pluto Clean Personal WordPress Masonry Blog Theme Caracteristicas<\/h3>\n<p>El tema del blog de Masonry Personal WordPress de Plut\u00f3n, un tema de calidad premium, ha sido dise\u00f1ado espec\u00edficamente para ayudar a las personas a presentar sus blogs personales de una manera que sea elegante y profesional. En virtud de su dise\u00f1o, que se caracteriza por su limpieza y minimalismo, este tema demuestra ser una soluci\u00f3n ideal para los bloggers que aspiran a acentuar la importancia de su contenido, al tiempo que permite la facilidad de navegaci\u00f3n para sus lectores. Adem\u00e1s, este tema ha sido completamente optimizado para dispositivos m\u00f3viles y exhibe una naturaleza altamente receptiva, asegurando as\u00ed que su blog apreciado sea agradable visualmente en todos los tama\u00f1os de pantalla. Adem\u00e1s, muestra un dise\u00f1o de mamposter\u00eda, lo que le brinda la oportunidad de crear una exhibici\u00f3n visualmente cautivadora y din\u00e1micamente fluida de las publicaciones de su blog. El proceso de instalaci\u00f3n del tema Clean Plut\u00f3n es notablemente sencillo, y las opciones de personalizaci\u00f3n disponibles para usted a trav\u00e9s del personalizador de WordPress tienen un alcance amplio. En consecuencia, este tema es vers\u00e1til y elegante, lo que hace que sea una opci\u00f3n impecable para aquellos bloggers que anhelan establecer una presencia en l\u00ednea que sea est\u00e9ticamente agradable y cautivadora.<\/p>\n<ul>\n<li>Un tema de WordPress limpio y moderno dise\u00f1ado espec\u00edficamente para blogs personales.<\/li>\n<li>Cuenta con un dise\u00f1o de mamposter\u00eda que permite una visualizaci\u00f3n visualmente atractiva de sus publicaciones.<\/li>\n<li>El dise\u00f1o totalmente receptivo garantiza que su blog se vea genial en todos los dispositivos, desde escritorios hasta tel\u00e9fonos m\u00f3viles.<\/li>\n<li>Se admiten m\u00faltiples formatos de publicaci\u00f3n, incluidos formatos est\u00e1ndar, de video, audio y galer\u00eda.<\/li>\n<li>Las \u00e1reas personalizables de encabezado y pie de p\u00e1gina proporcionan flexibilidad en el dise\u00f1o y la marca.<\/li>\n<li>Hay varias \u00e1reas de widgets disponibles, incluidos los \u00edconos de las redes sociales y una secci\u00f3n biograf\u00eda de autor.<\/li>\n<li>Las opciones de personalizaci\u00f3n f\u00e1cil de usar permiten que se realicen cambios sin ning\u00fan conocimiento de codificaci\u00f3n.<\/li>\n<li>El c\u00f3digo amigable con SEO ayuda a mejorar las clasificaciones de los motores de b\u00fasqueda y aumentar el tr\u00e1fico a su blog.<\/li>\n<li>Se proporcionan documentaci\u00f3n y soporte completos para garantizar una instalaci\u00f3n sin problemas y un proceso de configuraci\u00f3n.<\/li>\n<\/ul>\n","protected":false},"excerpt":{"rendered":"<p>El tema del blog de Masonry Personal WordPress de Plut\u00f3n Clean es una opci\u00f3n excepcional para los bloggers que desean exhibir su contenido de manera est\u00e9ticamente cautivadora y bien estructurada. Hecho a mano con un enfoque contempor\u00e1neo y simplista, este tema abarca un dise\u00f1o de mamposter\u00eda que faculente a los usuarios exhibir publicaciones de una manera cautivadora similar a la red. Adem\u00e1s, est\u00e1 equipado con una gran cantidad de posibilidades de personalizaci\u00f3n, incluidos encabezados adaptables, diversos formatos de publicaci\u00f3n y widgets personalizados, lo que permite a los usuarios adaptar su blog a sus preferencias. Con su dise\u00f1o receptivo, este tema exuda excelencia en todos los dispositivos, garantizando una experiencia de usuario perfecta para los usuarios de escritorio y m\u00f3viles.<\/p>\n","protected":false},"featured_media":167230,"comment_status":"open","ping_status":"open","template":"","meta":[],"product_brand":[2337],"product_cat":[1245,1237,1238],"product_tag":[1391],"class_list":{"0":"post-112748","1":"product","2":"type-product","3":"status-publish","4":"has-post-thumbnail","6":"product_brand-themeforest","7":"product_cat-blog-revista","8":"product_cat-temas","9":"product_cat-wordpress-temas","10":"product_tag-themeforest","11":"member-discount","12":"discount-restricted","14":"first","15":"instock","16":"sale","17":"downloadable","18":"virtual","19":"sold-individually","20":"purchasable","21":"product-type-simple"},"_links":{"self":[{"href":"https:\/\/gpl-love.com\/es\/wp-json\/wp\/v2\/product\/112748","targetHints":{"allow":["GET"]}}],"collection":[{"href":"https:\/\/gpl-love.com\/es\/wp-json\/wp\/v2\/product"}],"about":[{"href":"https:\/\/gpl-love.com\/es\/wp-json\/wp\/v2\/types\/product"}],"replies":[{"embeddable":true,"href":"https:\/\/gpl-love.com\/es\/wp-json\/wp\/v2\/comments?post=112748"}],"wp:featuredmedia":[{"embeddable":true,"href":"https:\/\/gpl-love.com\/es\/wp-json\/wp\/v2\/media\/167230"}],"wp:attachment":[{"href":"https:\/\/gpl-love.com\/es\/wp-json\/wp\/v2\/media?parent=112748"}],"wp:term":[{"taxonomy":"product_brand","embeddable":true,"href":"https:\/\/gpl-love.com\/es\/wp-json\/wp\/v2\/product_brand?post=112748"},{"taxonomy":"product_cat","embeddable":true,"href":"https:\/\/gpl-love.com\/es\/wp-json\/wp\/v2\/product_cat?post=112748"},{"taxonomy":"product_tag","embeddable":true,"href":"https:\/\/gpl-love.com\/es\/wp-json\/wp\/v2\/product_tag?post=112748"}],"curies":[{"name":"wp","href":"https:\/\/api.w.org\/{rel}","templated":true}]}}