{"id":112746,"date":"2021-04-20T00:00:00","date_gmt":"2021-04-20T05:00:00","guid":{"rendered":"http:\/\/gpl-love.com\/es\/producto\/product-slider-for-woocommerce-woo-extension-to-showcase-products\/"},"modified":"2026-04-10T11:22:09","modified_gmt":"2026-04-10T16:22:09","slug":"product-slider-for-woocommerce-woo-extension-to-showcase-products","status":"publish","type":"product","link":"https:\/\/gpl-love.com\/es\/producto\/product-slider-for-woocommerce-woo-extension-to-showcase-products\/","title":{"rendered":"Product Slider For WooCommerce Woo Extension to Showcase Products 3.0.5"},"content":{"rendered":"<h3>Product Slider For WooCommerce Woo Extension to Showcase Products Caracteristicas<\/h3>\n<p>El control deslizante de productos para WooCommerce Woo Extension, conocido por su capacidad excepcional para exhibir productos en su tienda WooCommerce, demuestra ser un activo invaluable. Esta notable extensi\u00f3n le permite crear sin esfuerzo un control deslizante de productos receptivo que exuda un aura elegante y visualmente cautivador, amplificando en \u00faltima instancia el atractivo de sus productos exhibidos. Con esta ingeniosa herramienta a su disposici\u00f3n, se le otorga la capacidad de presentar prominentemente sus productos m\u00e1s vendidos, reci\u00e9n llegados o cualquier otro producto deseado de una manera que seguramente cautivar\u00e1 a su audiencia. Adem\u00e1s, este control deslizante de productos altamente personalizable le ofrece la oportunidad de ajustar meticulosamente el dise\u00f1o, los colores y otras configuraciones para alinearse sin problemas con la marca \u00fanica de su tienda. Vale la pena se\u00f1alar que la interfaz intuitiva y el proceso de configuraci\u00f3n sin interrupciones solidifican a\u00fan m\u00e1s la indispensabilidad del control deslizante de productos para la extensi\u00f3n WooCommerce Woo para cualquier tienda de comercio electr\u00f3nico que desee elevar sus pantallas de productos y atraer efectivamente una base de clientes m\u00e1s grande.<\/p>\n<ul>\n<li>Un control deslizante de productos visualmente impresionante para sitios de WooCommerce que muestra productos de una manera atractiva y din\u00e1mica.<\/li>\n<li>Haga que su tienda de WooCommerce se destaque y cree una mejor experiencia de usuario para sus visitantes con esta extensi\u00f3n.<\/li>\n<li>El control deslizante del producto es totalmente personalizable, lo que le permite controlar la cantidad de productos que se muestran, im\u00e1genes, superposiciones de texto y m\u00e1s.<\/li>\n<li>Esta extensi\u00f3n se integra perfectamente con su sitio de WooCommerce y es f\u00e1cil de configurar y usar.<\/li>\n<li>El control deslizante es totalmente receptivo y se adapta a cualquier tama\u00f1o de pantalla, asegurando que sus productos se vean muy bien en los dispositivos de escritorio, tabletas y m\u00f3viles.<\/li>\n<li>Muestre sus productos m\u00e1s vendidos, reci\u00e9n llegados o cualquier selecci\u00f3n de productos que elija, y brinde a los compradores una forma atractiva e interactiva de explorar lo que ofrece.<\/li>\n<li>Aumente las conversiones y las ventas mostrando sus productos de una manera que capte la atenci\u00f3n e inspire la acci\u00f3n.<\/li>\n<li>Obtenga acceso al soporte de primer nivel del equipo de WooCommerce, asegurando que tenga la ayuda que necesita para aprovechar al m\u00e1ximo su control deslizante de productos.<\/li>\n<\/ul>\n","protected":false},"excerpt":{"rendered":"<p>El control deslizante de productos para WooCommerce Woo Extension es una herramienta excepcional que le permite mostrar y exhibir de manera efectiva su diversa gama de productos directamente en su sitio web. Equipado con una interfaz incre\u00edblemente f\u00e1cil de usar, este complemento le permite elaborar sin esfuerzo presentaci\u00f3n de diapositivas cautivadoras y visualmente atractivas, acentuando efectivamente las caracter\u00edsticas \u00fanicas y las innumerables ventajas de sus productos. Al incorporar esta soluci\u00f3n excepcional en su tienda en l\u00ednea, puede elevar sin esfuerzo la experiencia de compra general para su valiosa clientela, fomentar la participaci\u00f3n incomparable del cliente y, en \u00faltima instancia, presenciar un aumento sustancial en sus cifras de ventas. \u00a1De todo coraz\u00f3n lo alentamos a intentarlo y personalmente presenciar el notable impacto que tendr\u00e1 en su negocio!<\/p>\n","protected":false},"featured_media":167263,"comment_status":"open","ping_status":"open","template":"","meta":[],"product_brand":[2339],"product_cat":[1207,1248,1206],"product_tag":[1256],"class_list":{"0":"post-112746","1":"product","2":"type-product","3":"status-publish","4":"has-post-thumbnail","6":"product_brand-codecanyon","7":"product_cat-comercio-electronico-plugins","8":"product_cat-personalizacion-comercio-electronico-plugins","9":"product_cat-plugins","10":"product_tag-codecanyon","11":"member-discount","12":"discount-restricted","14":"first","15":"instock","16":"sale","17":"downloadable","18":"virtual","19":"sold-individually","20":"purchasable","21":"product-type-simple"},"_links":{"self":[{"href":"https:\/\/gpl-love.com\/es\/wp-json\/wp\/v2\/product\/112746","targetHints":{"allow":["GET"]}}],"collection":[{"href":"https:\/\/gpl-love.com\/es\/wp-json\/wp\/v2\/product"}],"about":[{"href":"https:\/\/gpl-love.com\/es\/wp-json\/wp\/v2\/types\/product"}],"replies":[{"embeddable":true,"href":"https:\/\/gpl-love.com\/es\/wp-json\/wp\/v2\/comments?post=112746"}],"wp:featuredmedia":[{"embeddable":true,"href":"https:\/\/gpl-love.com\/es\/wp-json\/wp\/v2\/media\/167263"}],"wp:attachment":[{"href":"https:\/\/gpl-love.com\/es\/wp-json\/wp\/v2\/media?parent=112746"}],"wp:term":[{"taxonomy":"product_brand","embeddable":true,"href":"https:\/\/gpl-love.com\/es\/wp-json\/wp\/v2\/product_brand?post=112746"},{"taxonomy":"product_cat","embeddable":true,"href":"https:\/\/gpl-love.com\/es\/wp-json\/wp\/v2\/product_cat?post=112746"},{"taxonomy":"product_tag","embeddable":true,"href":"https:\/\/gpl-love.com\/es\/wp-json\/wp\/v2\/product_tag?post=112746"}],"curies":[{"name":"wp","href":"https:\/\/api.w.org\/{rel}","templated":true}]}}