{"id":112713,"date":"2023-06-18T00:00:00","date_gmt":"2023-06-18T05:00:00","guid":{"rendered":"http:\/\/gpl-love.com\/es\/producto\/itok-ico-y-cryptocurrency-wordpress-tema\/"},"modified":"2026-03-13T17:22:48","modified_gmt":"2026-03-13T22:22:48","slug":"itok-ico-y-cryptocurrency-wordpress-tema","status":"publish","type":"product","link":"https:\/\/gpl-love.com\/es\/producto\/itok-ico-y-cryptocurrency-wordpress-tema\/","title":{"rendered":"ITok ICO y Cryptocurrency WordPress Theme 1.1.27"},"content":{"rendered":"<h3>ITok ICO y Cryptocurrency WordPress Theme Caracteristicas<\/h3>\n<p>El tema ITOK ICO y la criptomoneda de WordPress es una soluci\u00f3n inclusiva que atiende a las personas que buscan establecer un sitio web para su proyecto de criptomonedas o ICO. Con su dise\u00f1o elegante y contempor\u00e1neo, as\u00ed como una gran cantidad de caracter\u00edsticas poderosas, este tema simplifica el proceso de construcci\u00f3n de un sitio web profesional que representa con precisi\u00f3n su marca y promueve efectivamente sus ofertas. Itok cuenta con una variedad de herramientas valiosas, como widgets personalizados, gr\u00e1ficos y gr\u00e1ficos, entre otros. Adem\u00e1s, es totalmente receptivo y ofrece opciones de personalizaci\u00f3n avanzadas, lo que le permite crear una apariencia distintiva que distingue su sitio de los competidores. Ya sea que se est\u00e9 embarcando en el lanzamiento de una criptomoneda novedosa, abogando por una ICO o simplemente con el objetivo de establecer su marca dentro del \u00e1mbito de la criptomoneda, ITOK se presenta como la soluci\u00f3n ideal para cumplir con sus requisitos \u00fanicos.<\/p>\n<ul>\n<li>Dise\u00f1o moderno y elegante perfecto para ITOK ICO o negocios relacionados con la criptomonedas<\/li>\n<li>Dise\u00f1o totalmente receptivo y amigable para los dispositivos m\u00f3viles para una f\u00e1cil visualizaci\u00f3n en cualquier dispositivo<\/li>\n<li>Construido en el potente marco de bootstrap para facilitar la personalizaci\u00f3n y flexibilidad<\/li>\n<li>Integraci\u00f3n con intercambios de criptomonedas populares como CoinMarketCap, Cryptocompare y Coingecko<\/li>\n<li>Secciones de p\u00e1gina de destino personalizables para una f\u00e1cil presentaci\u00f3n de los detalles de ICO o criptomonedas<\/li>\n<li>Opciones m\u00faltiples de encabezado y pie de p\u00e1gina para una apariencia personalizada<\/li>\n<li>Opciones de tipograf\u00eda avanzada con m\u00e1s de 800 fuentes de Google para elegir<\/li>\n<li>C\u00f3digo optimizado de SEO para una mejor visibilidad y clasificaci\u00f3n del motor de b\u00fasqueda<\/li>\n<li>La integraci\u00f3n de las redes sociales para conectarse f\u00e1cilmente con su audiencia en plataformas populares<\/li>\n<li>Documentaci\u00f3n y soporte integral para la facilidad de uso y configuraci\u00f3n.<\/li>\n<\/ul>\n","protected":false},"excerpt":{"rendered":"<p>El tema Itok ICO y la criptomoneda de WordPress, un tema altamente sofisticado y contempor\u00e1neo, ha sido dise\u00f1ado exclusivamente para personas que operan dentro de las industrias de criptomonedas y blockchain. Este tema sirve como una plataforma ejemplar para mostrar su proyecto ICO o criptomonedas a posibles inversores y clientes por igual. Con su dise\u00f1o f\u00e1cil e intuitivo, tiene la capacidad de construir sin esfuerzo p\u00e1ginas de destino profesionales, blogs cautivadores y carteras impresionantes que se garanticen para captar la atenci\u00f3n de los inversores m\u00e1s astutos. Adem\u00e1s, el tema ITOK exhibe una capacidad de respuesta completa, asegurando una apariencia visualmente agradable en cualquier dispositivo. Adem\u00e1s, est\u00e1 equipado con una amplia gama de caracter\u00edsticas y widgets que le permiten personalizar y seleccionar su contenido con precisi\u00f3n para atender a su p\u00fablico objetivo. Por lo tanto, cuando aproveche el notable tema ITOK ICO y la criptomoneda de WordPress, poseer\u00e1 todas las herramientas y recursos necesarios esenciales para un lanzamiento triunfante de su proyecto.<\/p>\n","protected":false},"featured_media":166489,"comment_status":"open","ping_status":"open","template":"","meta":[],"product_brand":[2337],"product_cat":[1307,1237,1238],"product_tag":[1391],"class_list":{"0":"post-112713","1":"product","2":"type-product","3":"status-publish","4":"has-post-thumbnail","6":"product_brand-themeforest","7":"product_cat-negocio-wordpress-temas","8":"product_cat-temas","9":"product_cat-wordpress-temas","10":"product_tag-themeforest","11":"member-discount","12":"discount-restricted","14":"first","15":"instock","16":"sale","17":"downloadable","18":"virtual","19":"sold-individually","20":"purchasable","21":"product-type-simple"},"_links":{"self":[{"href":"https:\/\/gpl-love.com\/es\/wp-json\/wp\/v2\/product\/112713","targetHints":{"allow":["GET"]}}],"collection":[{"href":"https:\/\/gpl-love.com\/es\/wp-json\/wp\/v2\/product"}],"about":[{"href":"https:\/\/gpl-love.com\/es\/wp-json\/wp\/v2\/types\/product"}],"replies":[{"embeddable":true,"href":"https:\/\/gpl-love.com\/es\/wp-json\/wp\/v2\/comments?post=112713"}],"wp:featuredmedia":[{"embeddable":true,"href":"https:\/\/gpl-love.com\/es\/wp-json\/wp\/v2\/media\/166489"}],"wp:attachment":[{"href":"https:\/\/gpl-love.com\/es\/wp-json\/wp\/v2\/media?parent=112713"}],"wp:term":[{"taxonomy":"product_brand","embeddable":true,"href":"https:\/\/gpl-love.com\/es\/wp-json\/wp\/v2\/product_brand?post=112713"},{"taxonomy":"product_cat","embeddable":true,"href":"https:\/\/gpl-love.com\/es\/wp-json\/wp\/v2\/product_cat?post=112713"},{"taxonomy":"product_tag","embeddable":true,"href":"https:\/\/gpl-love.com\/es\/wp-json\/wp\/v2\/product_tag?post=112713"}],"curies":[{"name":"wp","href":"https:\/\/api.w.org\/{rel}","templated":true}]}}