{"id":112711,"date":"2025-08-25T00:00:00","date_gmt":"2025-08-25T05:00:00","guid":{"rendered":"http:\/\/gpl-love.com\/es\/producto\/ireca-car-rental-boat-bike-vehicle-calendar-wordpress-tema\/"},"modified":"2026-03-13T17:22:46","modified_gmt":"2026-03-13T22:22:46","slug":"ireca-car-rental-boat-bike-vehicle-calendar-wordpress-tema","status":"publish","type":"product","link":"https:\/\/gpl-love.com\/es\/producto\/ireca-car-rental-boat-bike-vehicle-calendar-wordpress-tema\/","title":{"rendered":"Ireca Car Rental Boat Bike Vehicle Calendar WordPress Theme 1.8.6"},"content":{"rendered":"<h3>Ireca Car Rental Boat Bike Vehicle Calendar WordPress Theme Caracteristicas<\/h3>\n<p>El tema de WordPress de WordPress de Ireca Al Rental Bike de alquiler cuenta con una mir\u00edada de caracter\u00edsticas altamente funcionales y personalizables meticulosamente dise\u00f1adas para satisfacer los distintos requisitos de los negocios de alquiler y transporte de autom\u00f3viles. Su interfaz f\u00e1cil de usar facilita la gesti\u00f3n perfecta de su calendario de reserva, visualizaci\u00f3n sin esfuerzo de toda su flota de veh\u00edculos y una exhibici\u00f3n efectiva de sus servicios de primer nivel. Asegurando una experiencia de usuario perfecta, este tema es totalmente receptivo, adapt\u00e1ndose perfectamente a todos los dispositivos modernos y garantiza un sitio web est\u00e9ticamente agradable en todos los tama\u00f1os de pantalla. Adem\u00e1s, este tema ofrece una amplia gama de potentes opciones de personalizaci\u00f3n, brind\u00e1ndole la oportunidad de ajustar el dise\u00f1o y la funcionalidad para alinearse con sus preferencias \u00fanicas y espec\u00edficas. Ya sea que aspire a embarcarse en una nueva empresa de alquiler de autom\u00f3viles o mejorar una existente, el tema de WordPress de WordPress de Bike de alquiler de alquiler de autom\u00f3viles IRECA demuestra ser una opci\u00f3n excepcional, lista para cautivar y retener una vasta base de clientes.<\/p>\n<ul>\n<li>Tema de WordPress multiprop\u00f3sito dise\u00f1ado para negocios de alquiler de autom\u00f3viles, alquiler de botes, alquiler de bicicletas y alquiler de veh\u00edculos<\/li>\n<li>Dise\u00f1o receptivo y amigable para m\u00f3viles que se ve muy bien en todos los dispositivos<\/li>\n<li>Viene con el popular compositor visual de arrastre de la p\u00e1gina de arrastre<\/li>\n<li>Panel de administraci\u00f3n avanzado con opciones de personalizaci\u00f3n f\u00e1cil de usar<\/li>\n<li>Sistema de reserva incorporado con campos personalizados y capacidades de b\u00fasqueda avanzadas<\/li>\n<li>Opciones de precios flexibles que incluyen tarifas por hora, diariamente y semanal<\/li>\n<li>Integraci\u00f3n de Google Maps para un f\u00e1cil seguimiento y direcciones de ubicaci\u00f3n<\/li>\n<li>Integraci\u00f3n de las redes sociales para f\u00e1cil compartir y marketing<\/li>\n<li>Accesible a trav\u00e9s de varios idiomas<\/li>\n<li>Optimizado para motores de b\u00fasqueda, asegurando una alta visibilidad y tr\u00e1fico<\/li>\n<li>Actualizaciones regulares y atenci\u00f3n al cliente dedicada para una experiencia de usuario perfecta.<\/li>\n<\/ul>\n","protected":false},"excerpt":{"rendered":"<p>El tema de WordPress de WordPress del calendario de veh\u00edculos de alquiler de alquiler de autom\u00f3viles IRECA demuestra ser la soluci\u00f3n definitiva para cualquier negocio de alquiler de autom\u00f3viles o alquiler de botes, satisfaciendo sus diversas necesidades exhaustivamente. Este tema meticulosamente elaborado est\u00e1 espec\u00edficamente dise\u00f1ado para capacitarlo en exhibir sus servicios de alquiler con la m\u00e1xima delicadeza, administrar eficientemente su inventario de veh\u00edculos y aceptar las reservas en l\u00ednea sin problemas. Su interfaz notablemente f\u00e1cil de usar y sus caracter\u00edsticas altamente personalizables trabajan armoniosamente para facilitar la creaci\u00f3n de un sitio web exquisitamente cautivador que permite a sus valiosos clientes navegar sin esfuerzo a trav\u00e9s de sus ofertas y asegurar sin esfuerzo sus veh\u00edculos o barcos deseados. Adem\u00e1s, este tema excepcionalmente receptivo integra perfectamente un sistema de calendario de vanguardia, ayudando h\u00e1bilmente a la gesti\u00f3n perfecta de la disponibilidad de su flota de alquiler. En consecuencia, esto garantiza que sus estimados veh\u00edculos o botes est\u00e9n alquilados de manera \u00f3ptima y competente. Sum\u00e9rjase en la comodidad y eficiencia incomparables que ofrece el tema de WordPress de WordPress del Veh\u00edculo de Barco de alquiler de alquiler de Ireca Car Rental, y permita que el alquiler de su autom\u00f3vil o el negocio de alquiler de botes prosperen exponencialmente en el \u00e1mbito en l\u00ednea.<\/p>\n","protected":false},"featured_media":166485,"comment_status":"open","ping_status":"open","template":"","meta":[],"product_brand":[2337],"product_cat":[1267,1237,1238],"product_tag":[1391],"class_list":{"0":"post-112711","1":"product","2":"type-product","3":"status-publish","4":"has-post-thumbnail","6":"product_brand-themeforest","7":"product_cat-creativo","8":"product_cat-temas","9":"product_cat-wordpress-temas","10":"product_tag-themeforest","11":"member-discount","12":"discount-restricted","14":"first","15":"instock","16":"sale","17":"downloadable","18":"virtual","19":"sold-individually","20":"purchasable","21":"product-type-simple"},"_links":{"self":[{"href":"https:\/\/gpl-love.com\/es\/wp-json\/wp\/v2\/product\/112711","targetHints":{"allow":["GET"]}}],"collection":[{"href":"https:\/\/gpl-love.com\/es\/wp-json\/wp\/v2\/product"}],"about":[{"href":"https:\/\/gpl-love.com\/es\/wp-json\/wp\/v2\/types\/product"}],"replies":[{"embeddable":true,"href":"https:\/\/gpl-love.com\/es\/wp-json\/wp\/v2\/comments?post=112711"}],"wp:featuredmedia":[{"embeddable":true,"href":"https:\/\/gpl-love.com\/es\/wp-json\/wp\/v2\/media\/166485"}],"wp:attachment":[{"href":"https:\/\/gpl-love.com\/es\/wp-json\/wp\/v2\/media?parent=112711"}],"wp:term":[{"taxonomy":"product_brand","embeddable":true,"href":"https:\/\/gpl-love.com\/es\/wp-json\/wp\/v2\/product_brand?post=112711"},{"taxonomy":"product_cat","embeddable":true,"href":"https:\/\/gpl-love.com\/es\/wp-json\/wp\/v2\/product_cat?post=112711"},{"taxonomy":"product_tag","embeddable":true,"href":"https:\/\/gpl-love.com\/es\/wp-json\/wp\/v2\/product_tag?post=112711"}],"curies":[{"name":"wp","href":"https:\/\/api.w.org\/{rel}","templated":true}]}}