{"id":112709,"date":"2023-06-18T00:00:00","date_gmt":"2023-06-18T05:00:00","guid":{"rendered":"http:\/\/gpl-love.com\/es\/producto\/yozi-multipurpose-electronics-woocommerce-tema\/"},"modified":"2026-03-13T17:35:25","modified_gmt":"2026-03-13T22:35:25","slug":"yozi-multipurpose-electronics-woocommerce-tema","status":"publish","type":"product","link":"https:\/\/gpl-love.com\/es\/producto\/yozi-multipurpose-electronics-woocommerce-tema\/","title":{"rendered":"Yozi Multipurpose Electronics WooCommerce Theme 2.0.48"},"content":{"rendered":"<h3>Yozi Multipurpose Electronics WooCommerce Theme Caracteristicas<\/h3>\n<p>El tema de WooCommerce de Electronics Yozi MultipUrpose es un tema incre\u00edblemente vers\u00e1til y receptivo que ha sido meticulosamente elaborado para atender a tiendas electr\u00f3nicas que operan en la plataforma de WooCommerce. Este tema cuenta con un dise\u00f1o elegante y contempor\u00e1neo que exuda un sentido de profesionalismo y sofisticaci\u00f3n, elevando as\u00ed el atractivo est\u00e9tico general de su tienda en l\u00ednea. Proporciona una gran cantidad de caracter\u00edsticas notables, como una variedad de dise\u00f1os distintos de la p\u00e1gina de inicio, cuadr\u00edculas de productos exquisitamente dise\u00f1adas y un motor de b\u00fasqueda excepcionalmente robusto que garantiza una experiencia de usuario \u00f3ptima. Adem\u00e1s, cuenta con una interfaz amigable para dispositivos m\u00f3viles, lo que permite a los clientes acceder sin esfuerzo a su tienda virtual a trav\u00e9s de una gran cantidad de dispositivos. Adem\u00e1s, este tema se integra perfectamente con varios complementos de WooCommerce, lo que le permite expandir la funcionalidad de su tienda de acuerdo con sus requisitos comerciales \u00fanicos. A fin de cuentas, el tema de WooCommerce de Electronics Multipurpose Yozi representa una opci\u00f3n ejemplar para tiendas electr\u00f3nicas que buscan establecer una presencia en l\u00ednea convincente y cautivadora.<\/p>\n<ul>\n<li>Dise\u00f1o limpio y moderno adecuado para tiendas de comercio electr\u00f3nico electr\u00f3nica<\/li>\n<li>Totalmente receptivo y f\u00e1cil de personalizar<\/li>\n<li>Potente panel de administraci\u00f3n para facilitar la gesti\u00f3n<\/li>\n<li>Compatible con WooCommerce para una experiencia de compra en l\u00ednea perfecta<\/li>\n<li>M\u00faltiples dise\u00f1os de p\u00e1gina de inicio preconstruidos para elegir<\/li>\n<li>Integrado con complementos populares como Slider Revolution y Visual Composer<\/li>\n<li>Vista de cuadr\u00edcula y lista personalizable para listados de productos<\/li>\n<li>M\u00faltiples dise\u00f1os de p\u00e1gina de productos para mostrar productos de manera efectiva<\/li>\n<li>Opciones de b\u00fasqueda y filtrado de AJAX para una f\u00e1cil navegaci\u00f3n<\/li>\n<li>Optimizado para SEO para mejorar la clasificaci\u00f3n y la visibilidad del sitio web.<\/li>\n<\/ul>\n","protected":false},"excerpt":{"rendered":"<p>El tema de WooCommerce de Electronics Yozi MultipUrpose es una plantilla incre\u00edblemente vers\u00e1til y exquisitamente elegante que est\u00e1 espec\u00edficamente dise\u00f1ada para sitios web de comercio electr\u00f3nico que se especializan en la venta de electr\u00f3nica y dispositivos. Con su dise\u00f1o inmaculadamente limpio e innegablemente moderno, este tema cuenta con un dise\u00f1o totalmente receptivo que se adapta sin esfuerzo al tama\u00f1o de la pantalla de cualquier dispositivo, asegurando una experiencia visualmente impresionante y f\u00e1cil de usar para todos los visitantes. Este tema fenomenal no solo prioriza la est\u00e9tica, sino que tambi\u00e9n prioriza la funcionalidad al emplear un marco optimizado que garantiza velocidades de carga r\u00e1pidas. Adem\u00e1s, el tema Electr\u00f3nico de Multiprop\u00f3sito de Yozi incorpora una extensa variedad de caracter\u00edsticas \u00fatiles, incluidos los filtros de productos revolucionarios, los mega men\u00fas altamente eficientes y el panel de personalizaci\u00f3n de temas inmensamente poderoso. No importa si su tienda en l\u00ednea gira en torno a la venta de tel\u00e9fonos, computadoras port\u00e1tiles o equipo de juego, este tema extraordinario ha sido meticulosamente elaborado para satisfacer todas sus necesidades, lo que finalmente le proporciona las herramientas necesarias para establecer una empresa comercial en l\u00ednea pr\u00f3spera y triunfante.<\/p>\n","protected":false},"featured_media":168703,"comment_status":"open","ping_status":"open","template":"","meta":[],"product_brand":[2337],"product_cat":[1263,1397,1237],"product_tag":[1391],"class_list":{"0":"post-112709","1":"product","2":"type-product","3":"status-publish","4":"has-post-thumbnail","6":"product_brand-themeforest","7":"product_cat-comercio-electronico-temas","8":"product_cat-de-multiples-fines-comercio-electronico-temas","9":"product_cat-temas","10":"product_tag-themeforest","11":"member-discount","12":"discount-restricted","14":"first","15":"instock","16":"sale","17":"downloadable","18":"virtual","19":"sold-individually","20":"purchasable","21":"product-type-simple"},"_links":{"self":[{"href":"https:\/\/gpl-love.com\/es\/wp-json\/wp\/v2\/product\/112709","targetHints":{"allow":["GET"]}}],"collection":[{"href":"https:\/\/gpl-love.com\/es\/wp-json\/wp\/v2\/product"}],"about":[{"href":"https:\/\/gpl-love.com\/es\/wp-json\/wp\/v2\/types\/product"}],"replies":[{"embeddable":true,"href":"https:\/\/gpl-love.com\/es\/wp-json\/wp\/v2\/comments?post=112709"}],"wp:featuredmedia":[{"embeddable":true,"href":"https:\/\/gpl-love.com\/es\/wp-json\/wp\/v2\/media\/168703"}],"wp:attachment":[{"href":"https:\/\/gpl-love.com\/es\/wp-json\/wp\/v2\/media?parent=112709"}],"wp:term":[{"taxonomy":"product_brand","embeddable":true,"href":"https:\/\/gpl-love.com\/es\/wp-json\/wp\/v2\/product_brand?post=112709"},{"taxonomy":"product_cat","embeddable":true,"href":"https:\/\/gpl-love.com\/es\/wp-json\/wp\/v2\/product_cat?post=112709"},{"taxonomy":"product_tag","embeddable":true,"href":"https:\/\/gpl-love.com\/es\/wp-json\/wp\/v2\/product_tag?post=112709"}],"curies":[{"name":"wp","href":"https:\/\/api.w.org\/{rel}","templated":true}]}}