{"id":112707,"date":"2025-10-02T00:00:00","date_gmt":"2025-10-02T05:00:00","guid":{"rendered":"http:\/\/gpl-love.com\/es\/producto\/ogami-organic-store-wordpress-tema\/"},"modified":"2026-04-10T11:20:14","modified_gmt":"2026-04-10T16:20:14","slug":"ogami-organic-store-wordpress-tema","status":"publish","type":"product","link":"https:\/\/gpl-love.com\/es\/producto\/ogami-organic-store-wordpress-tema\/","title":{"rendered":"Ogami Organic Store WordPress Theme 1.61"},"content":{"rendered":"<h3>Ogami Organic Store WordPress Theme Caracteristicas<\/h3>\n<p>Si est\u00e1 buscando una tienda en l\u00ednea excepcional y sofisticada que est\u00e9 dedicada a vender productos org\u00e1nicos, no busque m\u00e1s que el tema de WordPress de la tienda org\u00e1nica Ogami. Con su dise\u00f1o inmaculado y simplista, este tema asegura que el centro de atenci\u00f3n est\u00e9 en sus productos, lo que facilita la facilidad de navegaci\u00f3n para sus valiosos clientes. Adem\u00e1s, su dise\u00f1o receptivo garantiza una visualizaci\u00f3n perfecta en varios dispositivos, que van desde computadoras de escritorio hasta tel\u00e9fonos m\u00f3viles. Adem\u00e1s, el tema Ogami Organic Store WordPress ofrece una variedad de opciones de personalizaci\u00f3n, lo que le permite personalizar su tienda de acuerdo con el estilo distintivo de su marca. Independientemente de si su establecimiento es una peque\u00f1a empresa o una gran corporaci\u00f3n, el tema de WordPress de la tienda org\u00e1nica Ogami es su \u00faltimo compa\u00f1ero para elevar su tienda en l\u00ednea a un nivel completamente nuevo.<\/p>\n<ul>\n<li>Tema de WordPress bellamente dise\u00f1ado y personalizable para tiendas org\u00e1nicas de alimentos naturales<\/li>\n<li>Totalmente compatible con WooCommerce para la funcionalidad de compras en l\u00ednea<\/li>\n<li>Dise\u00f1o de p\u00e1gina de inicio \u00fanico con productos destacados, secci\u00f3n de testimonios y formulario de suscripci\u00f3n al bolet\u00edn<\/li>\n<li>Secciones de encabezado y pie de p\u00e1gina personalizables<\/li>\n<li>M\u00faltiples p\u00e1ginas interiores predise\u00f1adas para nosotros, contacto y blogs de blogs<\/li>\n<li>Incluye una variedad de opciones de banner de p\u00e1gina de inicio, que incluyen un control deslizante de pantalla completa y una imagen de h\u00e9roe est\u00e1tico<\/li>\n<li>Viene con una variedad de plantillas de p\u00e1gina de productos predise\u00f1adas para mostrar sus productos maravillosamente<\/li>\n<li>Se puede traducir f\u00e1cilmente a cualquier idioma con los archivos de traducci\u00f3n incluidos<\/li>\n<li>Optimizado para el rendimiento y la velocidad de SEO<\/li>\n<li>Actualizaciones regulares y soporte continuo para su sitio web<\/li>\n<\/ul>\n","protected":false},"excerpt":{"rendered":"<p>El tema de WordPress de Ogami Organic Store, con su dise\u00f1o visualmente atractivo y moderno, sirve como una soluci\u00f3n excepcional de comercio electr\u00f3nico para tiendas org\u00e1nicas de alimentos que buscan una ventaja competitiva. Desarrollado espec\u00edficamente para WordPress, este tema ofrece una gran cantidad de caracter\u00edsticas robustas, incluida una p\u00e1gina de inicio totalmente personalizable, la capacidad de aplicar filtros de productos y una amplia selecci\u00f3n de plantillas de p\u00e1gina para satisfacer diversas necesidades. En particular, el dise\u00f1o limpio y el dise\u00f1o intuitivo de este tema facilitan enormemente la experiencia de navegaci\u00f3n de los clientes, permitiendo una exploraci\u00f3n de productos sin problemas y una compra f\u00e1cil. Adem\u00e1s, la integraci\u00f3n con pasarelas de pago populares, como PayPal y Stripe, garantiza transacciones seguras y sin problemas, asegurando la m\u00e1xima conveniencia tanto para el negocio como para sus clientes. Por \u00faltimo, el profundo compromiso del tema con los productos org\u00e1nicos y la ecol\u00f3gica lo convierte en una opci\u00f3n ideal para las empresas con el objetivo de establecer una presencia en l\u00ednea sostenible, solidificando de manera efectiva su dedicaci\u00f3n a las pr\u00e1cticas responsables y ambientalmente conscientes.<\/p>\n","protected":false},"featured_media":167093,"comment_status":"open","ping_status":"open","template":"","meta":[],"product_brand":[2337],"product_cat":[1263,1469,1237],"product_tag":[1391],"class_list":{"0":"post-112707","1":"product","2":"type-product","3":"status-publish","4":"has-post-thumbnail","6":"product_brand-themeforest","7":"product_cat-comercio-electronico-temas","8":"product_cat-creativo-comercio-electronico-temas","9":"product_cat-temas","10":"product_tag-themeforest","11":"member-discount","12":"discount-restricted","14":"first","15":"instock","16":"sale","17":"downloadable","18":"virtual","19":"sold-individually","20":"purchasable","21":"product-type-simple"},"_links":{"self":[{"href":"https:\/\/gpl-love.com\/es\/wp-json\/wp\/v2\/product\/112707","targetHints":{"allow":["GET"]}}],"collection":[{"href":"https:\/\/gpl-love.com\/es\/wp-json\/wp\/v2\/product"}],"about":[{"href":"https:\/\/gpl-love.com\/es\/wp-json\/wp\/v2\/types\/product"}],"replies":[{"embeddable":true,"href":"https:\/\/gpl-love.com\/es\/wp-json\/wp\/v2\/comments?post=112707"}],"wp:featuredmedia":[{"embeddable":true,"href":"https:\/\/gpl-love.com\/es\/wp-json\/wp\/v2\/media\/167093"}],"wp:attachment":[{"href":"https:\/\/gpl-love.com\/es\/wp-json\/wp\/v2\/media?parent=112707"}],"wp:term":[{"taxonomy":"product_brand","embeddable":true,"href":"https:\/\/gpl-love.com\/es\/wp-json\/wp\/v2\/product_brand?post=112707"},{"taxonomy":"product_cat","embeddable":true,"href":"https:\/\/gpl-love.com\/es\/wp-json\/wp\/v2\/product_cat?post=112707"},{"taxonomy":"product_tag","embeddable":true,"href":"https:\/\/gpl-love.com\/es\/wp-json\/wp\/v2\/product_tag?post=112707"}],"curies":[{"name":"wp","href":"https:\/\/api.w.org\/{rel}","templated":true}]}}