{"id":112705,"date":"2021-04-17T00:00:00","date_gmt":"2021-04-17T05:00:00","guid":{"rendered":"http:\/\/gpl-love.com\/es\/producto\/noanet-internet-provider-and-digital-network-wordpress-tema\/"},"modified":"2026-04-10T11:19:45","modified_gmt":"2026-04-10T16:19:45","slug":"noanet-internet-provider-and-digital-network-wordpress-tema","status":"publish","type":"product","link":"https:\/\/gpl-love.com\/es\/producto\/noanet-internet-provider-and-digital-network-wordpress-tema\/","title":{"rendered":"Noanet Internet Provider And Digital Network WordPress Theme 2.13"},"content":{"rendered":"<h3>Noanet Internet Provider And Digital Network WordPress Theme Caracteristicas<\/h3>\n<p>El proveedor de Internet de Noanet y el tema de WordPress de la red digital, que se jactan de su inmenso poder y su impresionante flexibilidad, ha sido meticulosamente elaborado para satisfacer espec\u00edficamente las necesidades de los proveedores de servicios de Internet y las compa\u00f1\u00edas de redes digitales. Su dise\u00f1o limpio y moderno exuda una sensaci\u00f3n de sofisticaci\u00f3n, lo que la convierte en la plataforma ideal para mostrar su negocio y promover efectivamente su variedad de servicios a los clientes potenciales. Este tema extraordinario viene equipado con una impresionante variedad de caracter\u00edsticas que facilitan sin esfuerzo la personalizaci\u00f3n y la personalizaci\u00f3n, incluidos, entre otras, m\u00faltiples dise\u00f1os de la p\u00e1gina de inicio, una amplia selecci\u00f3n de widgets personalizados y un panel de opciones de temas notablemente robustos. Independientemente de si usted es un novato que se aventura en la industria del proveedor de servicios de Internet o en una entidad establecida que busca elevar su presencia en l\u00ednea, el tema NoAnet se presenta como una opci\u00f3n impecable que garantiza la creaci\u00f3n de una plataforma en l\u00ednea altamente profesional e inmensamente efectiva.<\/p>\n<ul>\n<li>Dise\u00f1o moderno y receptivo optimizado para proveedores de Internet y redes digitales<\/li>\n<li>P\u00e1gina de inicio personalizable con m\u00faltiples opciones de dise\u00f1o<\/li>\n<li>Tablas y paquetes de precios incorporados para una f\u00e1cil visualizaci\u00f3n del plan de servicio<\/li>\n<li>Soporte integrado para complementos populares de WordPress como el formulario de contacto 7 y Revolution Slider<\/li>\n<li>Opciones de personalizaci\u00f3n de temas avanzados para colores, fuentes y dise\u00f1os de p\u00e1gina<\/li>\n<li>Codificaci\u00f3n amigable para SEO y c\u00f3digo limpio y organizado para tiempos de carga r\u00e1pidas<\/li>\n<li>Sistema de m\u00f3dulo de constructor de p\u00e1ginas f\u00e1cil de usar y arrastre de m\u00f3dulos para la creaci\u00f3n de p\u00e1ginas sin problemas<\/li>\n<li>Dise\u00f1o listo para dispositivos m\u00f3viles con navegaci\u00f3n t\u00e1ctil y dise\u00f1os adaptativos<\/li>\n<li>Panel de administraci\u00f3n f\u00e1cil de usar para una gesti\u00f3n de back-end conveniente<\/li>\n<li>Instalaci\u00f3n de contenido de demostraci\u00f3n de un solo clic para una configuraci\u00f3n r\u00e1pida y f\u00e1cil.<\/li>\n<\/ul>\n","protected":false},"excerpt":{"rendered":"<p>Si est\u00e1 buscando establecer un sitio web sofisticado y contempor\u00e1neo para su empresa relacionada con Internet o la red, el proveedor de Internet Noanet y el tema de WordPress de la red digital es sin duda la opci\u00f3n \u00f3ptima. Con un dise\u00f1o simplificado y adaptable, este tema presenta una variedad de atributos y recursos personalizables que le permitir\u00e1n mostrar de manera efectiva sus servicios y productos. Independientemente de si es una startup diminuta o una corporaci\u00f3n expansiva, el tema Noanet abarca todos los componentes necesarios para fabricar un sitio web visualmente llamativo que cautivar\u00e1 y retener\u00e1 a su audiencia deseada. \u00a1Emp\u00e1rate en este viaje hoy y eleva tu presencia en l\u00ednea a alturas incomparables con noanet!<\/p>\n","protected":false},"featured_media":167055,"comment_status":"open","ping_status":"open","template":"","meta":[],"product_brand":[2337],"product_cat":[1307,1237,1238],"product_tag":[1391],"class_list":{"0":"post-112705","1":"product","2":"type-product","3":"status-publish","4":"has-post-thumbnail","6":"product_brand-themeforest","7":"product_cat-negocio-wordpress-temas","8":"product_cat-temas","9":"product_cat-wordpress-temas","10":"product_tag-themeforest","11":"member-discount","12":"discount-restricted","14":"first","15":"instock","16":"sale","17":"downloadable","18":"virtual","19":"sold-individually","20":"purchasable","21":"product-type-simple"},"_links":{"self":[{"href":"https:\/\/gpl-love.com\/es\/wp-json\/wp\/v2\/product\/112705","targetHints":{"allow":["GET"]}}],"collection":[{"href":"https:\/\/gpl-love.com\/es\/wp-json\/wp\/v2\/product"}],"about":[{"href":"https:\/\/gpl-love.com\/es\/wp-json\/wp\/v2\/types\/product"}],"replies":[{"embeddable":true,"href":"https:\/\/gpl-love.com\/es\/wp-json\/wp\/v2\/comments?post=112705"}],"wp:featuredmedia":[{"embeddable":true,"href":"https:\/\/gpl-love.com\/es\/wp-json\/wp\/v2\/media\/167055"}],"wp:attachment":[{"href":"https:\/\/gpl-love.com\/es\/wp-json\/wp\/v2\/media?parent=112705"}],"wp:term":[{"taxonomy":"product_brand","embeddable":true,"href":"https:\/\/gpl-love.com\/es\/wp-json\/wp\/v2\/product_brand?post=112705"},{"taxonomy":"product_cat","embeddable":true,"href":"https:\/\/gpl-love.com\/es\/wp-json\/wp\/v2\/product_cat?post=112705"},{"taxonomy":"product_tag","embeddable":true,"href":"https:\/\/gpl-love.com\/es\/wp-json\/wp\/v2\/product_tag?post=112705"}],"curies":[{"name":"wp","href":"https:\/\/api.w.org\/{rel}","templated":true}]}}