{"id":112703,"date":"2021-06-15T00:00:00","date_gmt":"2021-06-15T05:00:00","guid":{"rendered":"http:\/\/gpl-love.com\/es\/producto\/moren-fashion-woocommerce-tema\/"},"modified":"2026-04-10T11:17:13","modified_gmt":"2026-04-10T16:17:13","slug":"moren-fashion-woocommerce-tema","status":"publish","type":"product","link":"https:\/\/gpl-love.com\/es\/producto\/moren-fashion-woocommerce-tema\/","title":{"rendered":"Moren Fashion WooCommerce Theme 1.0.8"},"content":{"rendered":"<h3>Moren Fashion WooCommerce Theme Caracteristicas<\/h3>\n<p>El tema de Moren Fashion WooCommerce, caracterizado por su naturaleza elegante y elegante, ha sido meticulosamente elaborado para satisfacer las necesidades de los sitios web de comercio electr\u00f3nico centrados en la moda. Con un dise\u00f1o limpio y moderno, este tema sirve como la plataforma ideal para exhibir su mercanc\u00eda de manera visualmente cautivadora. Adem\u00e1s, su nivel excepcional de personalizaci\u00f3n le permite adaptar los colores, las fuentes y los dise\u00f1os sin esfuerzo para alinearse sin problemas con la identidad de su marca. Adem\u00e1s, ofrece una variedad de caracter\u00edsticas invaluables, como un dise\u00f1o totalmente receptivo, una p\u00e1gina de inicio personalizable y una variedad de plantillas de p\u00e1gina del producto. Armado con el tema de Moren Fashion WooCommerce, posee los medios para crear una tienda en l\u00ednea verdaderamente profesional y f\u00e1cil de usar que est\u00e9 garantizada para atraer y retener una amplia base de clientela.<\/p>\n<ul>\n<li>Dise\u00f1o hermoso y moderno perfecto para sitios web relacionados con la moda<\/li>\n<li>Tema totalmente personalizable con una interfaz f\u00e1cil de usar<\/li>\n<li>Construido con WooCommerce Integration, permitiendo una experiencia de compra en l\u00ednea perfecta para los clientes<\/li>\n<li>Ofrece m\u00faltiples opciones de p\u00e1gina de inicio predise\u00f1adas para elegir<\/li>\n<li>Compatible con complementos populares de WordPress para mejorar la funcionalidad<\/li>\n<li>El dise\u00f1o receptivo asegura que el sitio web se vea muy bien en cualquier dispositivo<\/li>\n<li>SEO optimizado para una mayor visibilidad en la clasificaci\u00f3n de motores de b\u00fasqueda<\/li>\n<li>Incluye una variedad de opciones de personalizaci\u00f3n para fuentes, colores y dise\u00f1os.<\/li>\n<li>Proporciona herramientas f\u00e1ciles de usar para administrar galer\u00edas de productos y p\u00e1ginas de productos individuales<\/li>\n<li>Ofrece opciones de p\u00e1gina de ancho completo y diversas caracter\u00edsticas de dise\u00f1o, como desplazamiento de paralaje y fondos de video.<\/li>\n<\/ul>\n","protected":false},"excerpt":{"rendered":"<p>El tema de Moren Fashion WooCommerce se presenta como una resoluci\u00f3n perfecta para las personas que buscan establecer una tienda virtual sofisticada y de moda que combina sin problemas un atractivo est\u00e9tico con la navegaci\u00f3n f\u00e1cil de usar. Este tema excepcional cuenta con una capacidad de respuesta completa y una amplia gama de posibilidades de personalizaci\u00f3n, lo que le brinda la oportunidad de ajustar su tienda de acuerdo con sus requisitos \u00fanicos e inclinaciones personales. Con una interfaz notablemente intuitiva y una gran cantidad de caracter\u00edsticas robustas a su disposici\u00f3n, el tema de Moren Fashion WooCommerce se erige como la mejor selecci\u00f3n para quienes se esfuerzan por elevar su tienda en l\u00ednea a alturas sin precedentes.<\/p>\n","protected":false},"featured_media":166828,"comment_status":"open","ping_status":"open","template":"","meta":[],"product_brand":[2337],"product_cat":[1263,1469,1237],"product_tag":[1391],"class_list":{"0":"post-112703","1":"product","2":"type-product","3":"status-publish","4":"has-post-thumbnail","6":"product_brand-themeforest","7":"product_cat-comercio-electronico-temas","8":"product_cat-creativo-comercio-electronico-temas","9":"product_cat-temas","10":"product_tag-themeforest","11":"member-discount","12":"discount-restricted","14":"first","15":"instock","16":"sale","17":"downloadable","18":"virtual","19":"sold-individually","20":"purchasable","21":"product-type-simple"},"_links":{"self":[{"href":"https:\/\/gpl-love.com\/es\/wp-json\/wp\/v2\/product\/112703","targetHints":{"allow":["GET"]}}],"collection":[{"href":"https:\/\/gpl-love.com\/es\/wp-json\/wp\/v2\/product"}],"about":[{"href":"https:\/\/gpl-love.com\/es\/wp-json\/wp\/v2\/types\/product"}],"replies":[{"embeddable":true,"href":"https:\/\/gpl-love.com\/es\/wp-json\/wp\/v2\/comments?post=112703"}],"wp:featuredmedia":[{"embeddable":true,"href":"https:\/\/gpl-love.com\/es\/wp-json\/wp\/v2\/media\/166828"}],"wp:attachment":[{"href":"https:\/\/gpl-love.com\/es\/wp-json\/wp\/v2\/media?parent=112703"}],"wp:term":[{"taxonomy":"product_brand","embeddable":true,"href":"https:\/\/gpl-love.com\/es\/wp-json\/wp\/v2\/product_brand?post=112703"},{"taxonomy":"product_cat","embeddable":true,"href":"https:\/\/gpl-love.com\/es\/wp-json\/wp\/v2\/product_cat?post=112703"},{"taxonomy":"product_tag","embeddable":true,"href":"https:\/\/gpl-love.com\/es\/wp-json\/wp\/v2\/product_tag?post=112703"}],"curies":[{"name":"wp","href":"https:\/\/api.w.org\/{rel}","templated":true}]}}