{"id":112701,"date":"2024-02-09T00:00:00","date_gmt":"2024-02-09T05:00:00","guid":{"rendered":"http:\/\/gpl-love.com\/es\/producto\/mella-minimalist-ajax-woocommerce-wordpress-tema\/"},"modified":"2026-03-13T17:24:27","modified_gmt":"2026-03-13T22:24:27","slug":"mella-minimalist-ajax-woocommerce-wordpress-tema","status":"publish","type":"product","link":"https:\/\/gpl-love.com\/es\/producto\/mella-minimalist-ajax-woocommerce-wordpress-tema\/","title":{"rendered":"Mella Minimalist Ajax WooCommerce WordPress Theme 1.2.29"},"content":{"rendered":"<h3>Mella Minimalist Ajax WooCommerce WordPress Theme Caracteristicas<\/h3>\n<p>El tema de WordPress de Mella Minimalist Ajax WooCommerce es un tema de comercio electr\u00f3nico ultramoderno y exquisitamente dise\u00f1ado exclusivamente para usuarios distinguidos de WordPress. Imbuida de su interfaz est\u00e9tica minimalista incomparable y de interfaz perfectamente intuitiva, Mella orquesta meticulosamente una experiencia de compra incomparable y extraordinaria para clientes exigentes y comerciantes emprendedores por igual. Capitalizando el poder inigualable y la versatilidad de la aclamada plataforma de WooCommerce, Mella est\u00e1 inequ\u00edvocamente equipada con un extenso repertorio de caracter\u00edsticas de vanguardia que facilitan sin problemas la venta y la distribuci\u00f3n de productos sin esfuerzo en el vasto reino del comercio en l\u00ednea. Aprovechando las capacidades revolucionarias de la tecnolog\u00eda Ajax, Mella garantiza sin esfuerzo los tiempos de carga de la p\u00e1gina y las opciones de filtrado de productos sin problemas, aumentando as\u00ed la experiencia general del usuario. Adem\u00e1s, el dise\u00f1o inherentemente receptivo de Mella garantiza inequ\u00edvocamente que su tienda en l\u00ednea meticulosamente seleccionada sigue siendo visualmente cautivadora y funcionalmente excelente en todos los dispositivos y tama\u00f1os de pantalla concebibles. En un testimonio convincente de su inquebrantable compromiso de empoderar a los usuarios, Mella extiende a\u00fan m\u00e1s su repertorio integral de funcionalidades al ofrecer una facilidad y conveniencia incomparables en t\u00e9rminos de opciones de personalizaci\u00f3n, lo que le permite adaptar y personalizar el tema sin esfuerzo para alinearse impecablemente con su \u00fanico y espec\u00edfico. requisitos. Con su impresionante amalgamaci\u00f3n de caracter\u00edsticas de vanguardia y su firme dedicaci\u00f3n hacia una experiencia de usuario incomparable, Mella indudablemente emerge como la defensora final e indiscutible para cualquier individuo exigente que busque materializar su ambici\u00f3n de cultivar una tienda en l\u00ednea verdaderamente profesional e insuacible .<\/p>\n<ul>\n<li>Dise\u00f1o limpio y minimalista con enfoque en la exhibici\u00f3n de productos<\/li>\n<li>Dise\u00f1o totalmente receptivo y amigable para m\u00f3viles<\/li>\n<li>Construido en la robusta plataforma de WooCommerce para una f\u00e1cil venta en l\u00ednea<\/li>\n<li>Incluye un carrito de compras con AJAX para una experiencia de compra suave<\/li>\n<li>Opci\u00f3n de vista r\u00e1pida para detalles del producto sin salir de la p\u00e1gina<\/li>\n<li>Opciones de dise\u00f1o de p\u00e1gina de inicio m\u00faltiple y p\u00e1gina de taller<\/li>\n<li>Secciones de encabezado y pie de p\u00e1gina personalizables<\/li>\n<li>Personalizaci\u00f3n f\u00e1cil con opciones de importaci\u00f3n de demostraci\u00f3n y personalizador en vivo con un solo clic<\/li>\n<li>SEO optimizado para una mayor visibilidad en los motores de b\u00fasqueda<\/li>\n<li>Compatible con complementos populares de WordPress y listos para la traducci\u00f3n.<\/li>\n<\/ul>\n","protected":false},"excerpt":{"rendered":"<p>\u00a1Presentando la notable Mella Minimalista Ajax, una necesidad absoluta para cualquier fashionista minimalista o blogger de belleza exigente! Sum\u00e9rgete en el dise\u00f1o exquisito de este tema, que integra perfectamente la funcionalidad de Ajax y cuenta con una est\u00e9tica elegante y contempor\u00e1nea que seguramente cautivar\u00e1 tanto a tus lectores como a los clientes. Deleite en la amplia gama de opciones totalmente personalizables que le permiten modificar sin esfuerzo dise\u00f1os, colores y fuentes, lo que le permite curar la tienda o blog ideal en l\u00ednea. Ya sea que su objetivo sea exhibir sus productos de una manera simple pero sofisticada o transmitir sus pensamientos a trav\u00e9s de una plataforma elegante y elegante, \u00a1tenga la seguridad de que Mella Minimalist Ajax lo tiene completamente cubierto!<\/p>\n","protected":false},"featured_media":166736,"comment_status":"open","ping_status":"open","template":"","meta":[],"product_brand":[2337],"product_cat":[1263,1469,1237],"product_tag":[1391],"class_list":{"0":"post-112701","1":"product","2":"type-product","3":"status-publish","4":"has-post-thumbnail","6":"product_brand-themeforest","7":"product_cat-comercio-electronico-temas","8":"product_cat-creativo-comercio-electronico-temas","9":"product_cat-temas","10":"product_tag-themeforest","11":"member-discount","12":"discount-restricted","14":"first","15":"instock","16":"sale","17":"downloadable","18":"virtual","19":"sold-individually","20":"purchasable","21":"product-type-simple"},"_links":{"self":[{"href":"https:\/\/gpl-love.com\/es\/wp-json\/wp\/v2\/product\/112701","targetHints":{"allow":["GET"]}}],"collection":[{"href":"https:\/\/gpl-love.com\/es\/wp-json\/wp\/v2\/product"}],"about":[{"href":"https:\/\/gpl-love.com\/es\/wp-json\/wp\/v2\/types\/product"}],"replies":[{"embeddable":true,"href":"https:\/\/gpl-love.com\/es\/wp-json\/wp\/v2\/comments?post=112701"}],"wp:featuredmedia":[{"embeddable":true,"href":"https:\/\/gpl-love.com\/es\/wp-json\/wp\/v2\/media\/166736"}],"wp:attachment":[{"href":"https:\/\/gpl-love.com\/es\/wp-json\/wp\/v2\/media?parent=112701"}],"wp:term":[{"taxonomy":"product_brand","embeddable":true,"href":"https:\/\/gpl-love.com\/es\/wp-json\/wp\/v2\/product_brand?post=112701"},{"taxonomy":"product_cat","embeddable":true,"href":"https:\/\/gpl-love.com\/es\/wp-json\/wp\/v2\/product_cat?post=112701"},{"taxonomy":"product_tag","embeddable":true,"href":"https:\/\/gpl-love.com\/es\/wp-json\/wp\/v2\/product_tag?post=112701"}],"curies":[{"name":"wp","href":"https:\/\/api.w.org\/{rel}","templated":true}]}}