{"id":112699,"date":"2024-02-05T00:00:00","date_gmt":"2024-02-05T05:00:00","guid":{"rendered":"http:\/\/gpl-love.com\/es\/producto\/entaro-job-portal-wordpress-tema\/"},"modified":"2026-03-13T17:20:30","modified_gmt":"2026-03-13T22:20:30","slug":"entaro-job-portal-wordpress-tema","status":"publish","type":"product","link":"https:\/\/gpl-love.com\/es\/producto\/entaro-job-portal-wordpress-tema\/","title":{"rendered":"Entaro Job Portal WordPress Theme 3.28"},"content":{"rendered":"<h3>Entaro Job Portal WordPress Theme Caracteristicas<\/h3>\n<p>El tema de WordPress de Entaro Portal WordPress, con su versatilidad y naturaleza intuitiva, sirve como una herramienta espec\u00edficamente dise\u00f1ada para ayudar a las personas a construir un sitio web de portal de trabajo elaborado y de alta calidad. Con un dise\u00f1o elegante y contempor\u00e1neo, este tema garantiza una experiencia f\u00e1cil de usar, lo que permite una f\u00e1cil manipulaci\u00f3n y personalizaci\u00f3n, lo que finalmente resulta en la creaci\u00f3n de un sitio web distinto y cautivador que muestra efectivamente sus listados de trabajo y cautiva efectivamente a los posibles candidatos. Adem\u00e1s, la extensa variedad de caracter\u00edsticas robustas y ajustables del tema abarca varios dise\u00f1os de tableros de trabajo, capacidades avanzadas de b\u00fasqueda y filtrado, widgets hechos a medida, as\u00ed como integraci\u00f3n con juntas de trabajo de renombre y plataformas de redes sociales prevalentes. Ya sea que opere una agencia de reclutamiento, promueva las vacantes de empleo o se esfuerce por establecer una comunidad vibrante del portal de empleo, seleccionar el tema de WordPress del portal de trabajo de Entaro ser\u00e1 una decisi\u00f3n realmente sobresaliente.<\/p>\n<ul>\n<li>Tema de WordPress moderno y f\u00e1cil de usar WordPress<\/li>\n<li>Dise\u00f1o elegante con opciones de color personalizables<\/li>\n<li>Centrado en proporcionar una gran experiencia de usuario para los solicitantes de empleo y los empleadores<\/li>\n<li>Incluye potentes caracter\u00edsticas de b\u00fasqueda y opciones de filtrado<\/li>\n<li>Integrado con complementos populares de la junta de trabajo para una f\u00e1cil publicaci\u00f3n y gesti\u00f3n de listados de trabajo<\/li>\n<li>Incluye env\u00edos de curr\u00edculum incorporados y gesti\u00f3n para solicitantes de empleo<\/li>\n<li>Los empleadores pueden administrar y rastrear f\u00e1cilmente las aplicaciones a trav\u00e9s del tablero<\/li>\n<li>Incluye opciones para alertas de trabajo y notificaciones por correo electr\u00f3nico tanto para buscadores de empleo como para empleadores.<\/li>\n<li>Dise\u00f1o de respuesta m\u00f3vil para facilitar el acceso en cualquier dispositivo<\/li>\n<li>Documentaci\u00f3n y soporte integral para una f\u00e1cil configuraci\u00f3n y personalizaci\u00f3n.<\/li>\n<\/ul>\n","protected":false},"excerpt":{"rendered":"<p>El tema de WordPress de Entaro Portal WordPress es una opci\u00f3n muy recomendable para aquellos que buscan establecer un sitio web con el fin de las vacantes de trabajo publicitarios, permitir que los posibles candidatos se registren y otorgan a las empresas la capacidad de detectar reanudaciones. Con un dise\u00f1o de dise\u00f1o contempor\u00e1neo, este tema cuenta con una gran cantidad de caracter\u00edsticas impresionantes, incluidos los filtros de b\u00fasqueda de empleo f\u00e1ciles de usar, la capacidad de enviar curr\u00edculums y la provisi\u00f3n de perfiles de la empresa. Adem\u00e1s, su naturaleza personalizable y su capacidad de respuesta aseguran que sea una excelente selecci\u00f3n para las empresas ansiosas por exhibir sus aperturas de trabajo en Internet. Con su idoneidad para las agencias de empleo, las juntas de trabajo y cualquier organizaci\u00f3n que anhele facilitar la conexi\u00f3n entre los solicitantes de empleo y los empleadores, el tema de WordPress de Entaro Portal WordPress surge como la soluci\u00f3n perfecta.<\/p>\n","protected":false},"featured_media":165987,"comment_status":"open","ping_status":"open","template":"","meta":[],"product_brand":[2337],"product_cat":[1267,1237,1238],"product_tag":[1391],"class_list":{"0":"post-112699","1":"product","2":"type-product","3":"status-publish","4":"has-post-thumbnail","6":"product_brand-themeforest","7":"product_cat-creativo","8":"product_cat-temas","9":"product_cat-wordpress-temas","10":"product_tag-themeforest","11":"member-discount","12":"discount-restricted","14":"first","15":"instock","16":"sale","17":"downloadable","18":"virtual","19":"sold-individually","20":"purchasable","21":"product-type-simple"},"_links":{"self":[{"href":"https:\/\/gpl-love.com\/es\/wp-json\/wp\/v2\/product\/112699","targetHints":{"allow":["GET"]}}],"collection":[{"href":"https:\/\/gpl-love.com\/es\/wp-json\/wp\/v2\/product"}],"about":[{"href":"https:\/\/gpl-love.com\/es\/wp-json\/wp\/v2\/types\/product"}],"replies":[{"embeddable":true,"href":"https:\/\/gpl-love.com\/es\/wp-json\/wp\/v2\/comments?post=112699"}],"wp:featuredmedia":[{"embeddable":true,"href":"https:\/\/gpl-love.com\/es\/wp-json\/wp\/v2\/media\/165987"}],"wp:attachment":[{"href":"https:\/\/gpl-love.com\/es\/wp-json\/wp\/v2\/media?parent=112699"}],"wp:term":[{"taxonomy":"product_brand","embeddable":true,"href":"https:\/\/gpl-love.com\/es\/wp-json\/wp\/v2\/product_brand?post=112699"},{"taxonomy":"product_cat","embeddable":true,"href":"https:\/\/gpl-love.com\/es\/wp-json\/wp\/v2\/product_cat?post=112699"},{"taxonomy":"product_tag","embeddable":true,"href":"https:\/\/gpl-love.com\/es\/wp-json\/wp\/v2\/product_tag?post=112699"}],"curies":[{"name":"wp","href":"https:\/\/api.w.org\/{rel}","templated":true}]}}