{"id":112693,"date":"2021-04-17T00:00:00","date_gmt":"2021-04-17T05:00:00","guid":{"rendered":"http:\/\/gpl-love.com\/es\/producto\/agmycoo-isometric-creative-digital-agency-wordpress-tema\/"},"modified":"2026-03-13T17:15:29","modified_gmt":"2026-03-13T22:15:29","slug":"agmycoo-isometric-creative-digital-agency-wordpress-tema","status":"publish","type":"product","link":"https:\/\/gpl-love.com\/es\/producto\/agmycoo-isometric-creative-digital-agency-wordpress-tema\/","title":{"rendered":"Agmycoo Isometric Creative Digital Agency WordPress Theme 1.9"},"content":{"rendered":"<h3>Agmycoo Isometric Creative Digital Agency WordPress Theme Caracteristicas<\/h3>\n<p>La agencia digital creativa isom\u00e9trica AGMYCOO WordPress, WordPress, es un tema incre\u00edblemente potente y multifac\u00e9tico que ha sido dise\u00f1ado exclusivamente en beneficio de las agencias digitales. Su dise\u00f1o isom\u00e9trico elegante y contempor\u00e1neo hace que Agmycoo sea la plataforma ideal para exhibir su cartera expansiva, los diversos servicios que ofrece, as\u00ed como los estimados miembros de su equipo. Este notable tema viene equipado con una amplia gama de p\u00e1ginas y dise\u00f1os predise\u00f1ados, que abarca una variedad de opciones de p\u00e1gina de inicio, p\u00e1ginas de cartera y dise\u00f1os de blogs. Adem\u00e1s, Agmycoo se enorgullece de su capacidad inigualable de personalizaci\u00f3n, otorg\u00e1ndole la capacidad de adaptar sin esfuerzo los colores, las fuentes y otros elementos de dise\u00f1o, asegurando as\u00ed una alineaci\u00f3n perfecta con su identidad de marca distintiva. Adem\u00e1s, Agmycoo se ha optimizado meticulosamente tanto para la velocidad como para el SEO, garantizando tiempos de carga r\u00e1pida y una posici\u00f3n de alto rango dentro de los motores de b\u00fasqueda. Con su interfaz f\u00e1cil de usar y una variedad de caracter\u00edsticas potentes a su disposici\u00f3n, Agmycoo es inequ\u00edvocamente la mejor opci\u00f3n para cualquier agencia digital con el objetivo de establecer una presencia en l\u00ednea formidable y cautivadora.<\/p>\n<ul>\n<li>Tema de WordPress dise\u00f1ado profesionalmente para agencias digitales creativas<\/li>\n<li>Dise\u00f1o isom\u00e9trico para dar un aspecto moderno y \u00fanico<\/li>\n<li>Totalmente personalizable con un constructor de p\u00e1ginas de arrastre y suelto f\u00e1cil de usar<\/li>\n<li>M\u00faltiples p\u00e1ginas preconstruidas para exhibir sus servicios, equipo, proyectos y cartera<\/li>\n<li>Dise\u00f1o receptivo para una visualizaci\u00f3n \u00f3ptima en todos los dispositivos<\/li>\n<li>SEO optimizado para mejorar las clasificaciones de los motores de b\u00fasqueda<\/li>\n<li>Compatibilidad de navegador cruzado para llegar a un p\u00fablico m\u00e1s amplio<\/li>\n<li>Iconos de redes sociales integrados para compartir f\u00e1cilmente y un mayor compromiso<\/li>\n<li>Formularios de contacto y suscripci\u00f3n para capturar f\u00e1cilmente clientes potenciales y mantenerse en contacto con los clientes<\/li>\n<li>Importar demostraci\u00f3n de un solo clic para configurar r\u00e1pidamente su sitio web<\/li>\n<li>Actualizaciones regulares y soporte dedicado de los desarrolladores de temas.<\/li>\n<\/ul>\n","protected":false},"excerpt":{"rendered":"<p>\u00bfEst\u00e1 buscando un tema profesional de WordPress de la agencia digital creativa pero creativa? \u00a1No busque m\u00e1s all\u00e1 de Agmycoo Isom\u00e9trico! Nuestro tema es perfecto para cualquier agencia digital, que proporcione un dise\u00f1o isom\u00e9trico \u00fanico que distinga su sitio web de la competencia. Agmycoo se basa en WordPress, el creador de sitios web l\u00edder del mundo, asegurando una interfaz f\u00e1cil de usar y una f\u00e1cil personalizaci\u00f3n. El tema tambi\u00e9n incluye una gran cantidad de caracter\u00edsticas que incluyen optimizaci\u00f3n de SEO, dise\u00f1o receptivo y compatibilidad de comercio electr\u00f3nico. Con Agmycoo, no solo est\u00e1 obteniendo un tema de WordPress, sino que est\u00e1 invirtiendo en una herramienta poderosa para su agencia digital que atraer\u00e1 e informar\u00e1 a los clientes potenciales sobre sus servicios \u00fanicos. \u00a1Prueba el tema de WordPress de la agencia digital creativa creativa de Agmycoo Isom\u00e9trico hoy!<\/p>\n","protected":false},"featured_media":165335,"comment_status":"open","ping_status":"open","template":"","meta":[],"product_brand":[2337],"product_cat":[1267,1237,1238],"product_tag":[1391],"class_list":{"0":"post-112693","1":"product","2":"type-product","3":"status-publish","4":"has-post-thumbnail","6":"product_brand-themeforest","7":"product_cat-creativo","8":"product_cat-temas","9":"product_cat-wordpress-temas","10":"product_tag-themeforest","11":"member-discount","12":"discount-restricted","14":"first","15":"instock","16":"sale","17":"downloadable","18":"virtual","19":"sold-individually","20":"purchasable","21":"product-type-simple"},"_links":{"self":[{"href":"https:\/\/gpl-love.com\/es\/wp-json\/wp\/v2\/product\/112693","targetHints":{"allow":["GET"]}}],"collection":[{"href":"https:\/\/gpl-love.com\/es\/wp-json\/wp\/v2\/product"}],"about":[{"href":"https:\/\/gpl-love.com\/es\/wp-json\/wp\/v2\/types\/product"}],"replies":[{"embeddable":true,"href":"https:\/\/gpl-love.com\/es\/wp-json\/wp\/v2\/comments?post=112693"}],"wp:featuredmedia":[{"embeddable":true,"href":"https:\/\/gpl-love.com\/es\/wp-json\/wp\/v2\/media\/165335"}],"wp:attachment":[{"href":"https:\/\/gpl-love.com\/es\/wp-json\/wp\/v2\/media?parent=112693"}],"wp:term":[{"taxonomy":"product_brand","embeddable":true,"href":"https:\/\/gpl-love.com\/es\/wp-json\/wp\/v2\/product_brand?post=112693"},{"taxonomy":"product_cat","embeddable":true,"href":"https:\/\/gpl-love.com\/es\/wp-json\/wp\/v2\/product_cat?post=112693"},{"taxonomy":"product_tag","embeddable":true,"href":"https:\/\/gpl-love.com\/es\/wp-json\/wp\/v2\/product_tag?post=112693"}],"curies":[{"name":"wp","href":"https:\/\/api.w.org\/{rel}","templated":true}]}}