{"id":112691,"date":"2024-02-05T00:00:00","date_gmt":"2024-02-05T05:00:00","guid":{"rendered":"http:\/\/gpl-love.com\/es\/producto\/apuslisting-directory-y-listing-wordpress-tema\/"},"modified":"2026-03-13T17:15:49","modified_gmt":"2026-03-13T22:15:49","slug":"apuslisting-directory-y-listing-wordpress-tema","status":"publish","type":"product","link":"https:\/\/gpl-love.com\/es\/producto\/apuslisting-directory-y-listing-wordpress-tema\/","title":{"rendered":"ApusListing Directory y Listing WordPress Theme 1.2.46"},"content":{"rendered":"<h3>ApusListing Directory y Listing WordPress Theme Caracteristicas<\/h3>\n<p>El directorio y el tema de WordPress de la lista de APUSLISTA es una soluci\u00f3n de software robusta que atiende las necesidades de las personas que buscan establecer un directorio en l\u00ednea o un sitio web de listado. Esta notable herramienta ha sido h\u00e1bilmente dise\u00f1ada para ayudar a los usuarios a administrar y presentar sus listados sin esfuerzo de una manera pulida y visualmente cautivadora. Con su interfaz f\u00e1cil de usar y su extensa gama de caracter\u00edsticas, directorio de APUSListing y listado de WordPress, ofrece un enfoque simplificado para crear y supervisar listados, filtros de b\u00fasqueda, mapas, revisiones y otros componentes indispensables de cualquier directorio o sitio web de listados. Este producto ejemplar es el ep\u00edtome de la perfecci\u00f3n para empresas, organizaciones e individuos que anhelan una plataforma integral y centrada en el usuario para mostrar sus listados, al tiempo que resalta simult\u00e1neamente su marca y servicios. Por lo tanto, si est\u00e1 buscando una herramienta confiable y eficaz para construir su propio sitio web o directorio de listado, directorio de apusos y enumerar el tema de WordPress se destaca como la soluci\u00f3n definitiva para usted.<\/p>\n<ul>\n<li>Un software y tema de listado de directorio integral para sitios web de WordPress<\/li>\n<li>Dise\u00f1ado para crear listados de directorio profesionales y elegantes<\/li>\n<li>Flexible y personalizable para que coincida con la apariencia de su marca<\/li>\n<li>Interfaz f\u00e1cil de usar para una f\u00e1cil navegaci\u00f3n y gesti\u00f3n de listados<\/li>\n<li>Optimizado para SEO para mejorar la clasificaci\u00f3n de los motores de b\u00fasqueda para su sitio de directorio<\/li>\n<li>Opciones de monetizaci\u00f3n incorporadas para generar ingresos desde su sitio de directorio<\/li>\n<li>Incluye caracter\u00edsticas como formularios de generaci\u00f3n de leads, revisiones y calificaciones de los usuarios y filtros de b\u00fasqueda basados \u200b\u200ben la ubicaci\u00f3n<\/li>\n<li>Compatible con complementos populares de WordPress para una funcionalidad y personalizaci\u00f3n adicionales<\/li>\n<li>Actualizaciones regulares y atenci\u00f3n al cliente para mantener su sitio de directorio funcionando sin problemas.<\/li>\n<\/ul>\n","protected":false},"excerpt":{"rendered":"<p>ApusListing es un directorio din\u00e1mico y un tema de WordPress de WordPress, dise\u00f1ado para aliviar las navegaciones, aumentar la participaci\u00f3n del usuario y mejorar la experiencia del cliente. El tema es vers\u00e1til y flexible, dise\u00f1ado para satisfacer las necesidades de cualquier sitio de listado y directorio con una interfaz altamente personalizable. Est\u00e1 lleno de caracter\u00edsticas innovadoras como opciones de b\u00fasqueda avanzada, geolocalizaci\u00f3n y un tablero f\u00e1cil de usar que permite a sus clientes administrar sus listados con facilidad. El tema APusListing tambi\u00e9n es amigable con SEO, asegurando una mejor visibilidad en los motores de b\u00fasqueda, aumentando el tr\u00e1fico de su sitio y, en \u00faltima instancia, conduce a conversiones m\u00e1s altas. Su dise\u00f1o totalmente receptivo asegura que se vea muy bien en cualquier dispositivo. Con el tema de WordPress de ApusListing, se le garantiza una experiencia din\u00e1mica, rica en funciones y perfecta en l\u00ednea.<\/p>\n","protected":false},"featured_media":165386,"comment_status":"open","ping_status":"open","template":"","meta":[],"product_brand":[2337],"product_cat":[1267,1237,1238],"product_tag":[1391],"class_list":{"0":"post-112691","1":"product","2":"type-product","3":"status-publish","4":"has-post-thumbnail","6":"product_brand-themeforest","7":"product_cat-creativo","8":"product_cat-temas","9":"product_cat-wordpress-temas","10":"product_tag-themeforest","11":"member-discount","12":"discount-restricted","14":"first","15":"instock","16":"sale","17":"downloadable","18":"virtual","19":"sold-individually","20":"purchasable","21":"product-type-simple"},"_links":{"self":[{"href":"https:\/\/gpl-love.com\/es\/wp-json\/wp\/v2\/product\/112691","targetHints":{"allow":["GET"]}}],"collection":[{"href":"https:\/\/gpl-love.com\/es\/wp-json\/wp\/v2\/product"}],"about":[{"href":"https:\/\/gpl-love.com\/es\/wp-json\/wp\/v2\/types\/product"}],"replies":[{"embeddable":true,"href":"https:\/\/gpl-love.com\/es\/wp-json\/wp\/v2\/comments?post=112691"}],"wp:featuredmedia":[{"embeddable":true,"href":"https:\/\/gpl-love.com\/es\/wp-json\/wp\/v2\/media\/165386"}],"wp:attachment":[{"href":"https:\/\/gpl-love.com\/es\/wp-json\/wp\/v2\/media?parent=112691"}],"wp:term":[{"taxonomy":"product_brand","embeddable":true,"href":"https:\/\/gpl-love.com\/es\/wp-json\/wp\/v2\/product_brand?post=112691"},{"taxonomy":"product_cat","embeddable":true,"href":"https:\/\/gpl-love.com\/es\/wp-json\/wp\/v2\/product_cat?post=112691"},{"taxonomy":"product_tag","embeddable":true,"href":"https:\/\/gpl-love.com\/es\/wp-json\/wp\/v2\/product_tag?post=112691"}],"curies":[{"name":"wp","href":"https:\/\/api.w.org\/{rel}","templated":true}]}}