{"id":112687,"date":"2022-07-14T00:00:00","date_gmt":"2022-07-14T05:00:00","guid":{"rendered":"http:\/\/gpl-love.com\/es\/producto\/herald-news-portal-y-magazine-wordpress-tema\/"},"modified":"2026-03-13T17:22:05","modified_gmt":"2026-03-13T22:22:05","slug":"herald-news-portal-y-magazine-wordpress-tema","status":"publish","type":"product","link":"https:\/\/gpl-love.com\/es\/producto\/herald-news-portal-y-magazine-wordpress-tema\/","title":{"rendered":"Herald News Portal y Magazine WordPress Theme 2.6"},"content":{"rendered":"<h3>Herald News Portal y Magazine WordPress Theme Caracteristicas<\/h3>\n<p>El portal de Herald News y el tema de la revista WordPress surgen como una opci\u00f3n notable para las personas que buscan desarrollar un sitio web o de revistas profesional y visualmente cautivador. Este tema posee una amplia gama de opciones personalizables que le permiten adaptar su sitio a sus requisitos espec\u00edficos. Estas opciones incluyen m\u00faltiples dise\u00f1os para su p\u00e1gina de inicio, diversos estilos para su encabezado y numerosas plantillas para sus publicaciones y p\u00e1ginas. Adem\u00e1s, este tema exhibe una capacidad de respuesta completa, asegurando que su sitio parezca espl\u00e9ndido en cualquier tipo de dispositivo. Al integrarse perfectamente con complementos populares como WooCommerce y MailChimp, puede generar ingresos sin esfuerzo desde su sitio y ampliar su lista de correo electr\u00f3nico. El portal de Herald News y el tema de la revista WordPress ofrecen un valor excepcional teniendo en cuenta su precio asequible, lo que lo convierte en la opci\u00f3n ideal para las personas con el objetivo de construir una publicaci\u00f3n en l\u00ednea vibrante y cautivadora.<\/p>\n<ul>\n<li>Un tema de WordPress elegante y moderno dise\u00f1ado espec\u00edficamente para portales y revistas de noticias<\/li>\n<li>Incluye una variedad de dise\u00f1os de p\u00e1gina de inicio personalizables para elegir<\/li>\n<li>Cuenta con un creador de p\u00e1ginas f\u00e1cil de usar para crear p\u00e1ginas y publicaciones personalizadas<\/li>\n<li>Ofrece un dise\u00f1o din\u00e1mico y receptivo para una visualizaci\u00f3n perfecta en todos los dispositivos<\/li>\n<li>Incluye m\u00faltiples opciones de encabezado y pie de p\u00e1gina para marca personalizada<\/li>\n<li>Ofrece espacios publicitarios flexibles para la monetizaci\u00f3n<\/li>\n<li>Integraci\u00f3n de redes sociales incorporadas para un f\u00e1cil intercambio de contenidos<\/li>\n<li>Incluye soporte para una amplia gama de formatos de publicaci\u00f3n, que incluyen audio y video.<\/li>\n<li>Ofrece una variedad de plantillas predise\u00f1adas para una creaci\u00f3n de p\u00e1ginas m\u00e1s r\u00e1pida<\/li>\n<li>Compatible con la \u00faltima versi\u00f3n de WordPress y todos los principales navegadores web.<\/li>\n<\/ul>\n","protected":false},"excerpt":{"rendered":"<p>Ofreciendo una soluci\u00f3n de vanguardia, el portal de noticias Herald y el tema de la revista WordPress se presenta como la mejor opci\u00f3n para las personas que buscan establecer una publicaci\u00f3n en l\u00ednea de vanguardia, sofisticada y visualmente cautivadora. Con un dise\u00f1o elegante y f\u00e1cil de usar, este tema se ha optimizado espec\u00edficamente para mostrar una amplia gama de contenido, desde noticias y historias de caracter\u00edsticas hasta eventos deportivos, entretenimiento, estilo de vida y m\u00e1s all\u00e1. Lo que distingue a este tema es su amplia gama de opciones personalizables, widgets y c\u00f3digos cortos, que ofrecen a los usuarios la capacidad incomparable de personalizar sus sitios web y acentuar su contenido \u00fanico. Adem\u00e1s, con su dise\u00f1o receptivo, soporte de retina y una base de c\u00f3digo limpio, este tema garantiza que su sitio web no solo parezca impresionante en cualquier dispositivo, sino que tambi\u00e9n se cargar\u00e1 con velocidad de rayo. Adem\u00e1s, el Tema de WordPress de WordPress del portal y revista Herald News ofrece un soporte excepcional y actualizaciones regulares, asegurando que su sitio web permanezca a la vanguardia de las \u00faltimas tendencias y tecnolog\u00eda. Independientemente de si se identifica como periodista, editor, blogger o editor, este notable tema lo equipa con las herramientas y caracter\u00edsticas necesarias para construir una publicaci\u00f3n en l\u00ednea extraordinaria que realmente se destaca entre la multitud.<\/p>\n","protected":false},"featured_media":166412,"comment_status":"open","ping_status":"open","template":"","meta":[],"product_brand":[2337],"product_cat":[1245,1237,1238],"product_tag":[1391],"class_list":{"0":"post-112687","1":"product","2":"type-product","3":"status-publish","4":"has-post-thumbnail","6":"product_brand-themeforest","7":"product_cat-blog-revista","8":"product_cat-temas","9":"product_cat-wordpress-temas","10":"product_tag-themeforest","11":"member-discount","12":"discount-restricted","14":"first","15":"instock","16":"sale","17":"downloadable","18":"virtual","19":"sold-individually","20":"purchasable","21":"product-type-simple"},"_links":{"self":[{"href":"https:\/\/gpl-love.com\/es\/wp-json\/wp\/v2\/product\/112687","targetHints":{"allow":["GET"]}}],"collection":[{"href":"https:\/\/gpl-love.com\/es\/wp-json\/wp\/v2\/product"}],"about":[{"href":"https:\/\/gpl-love.com\/es\/wp-json\/wp\/v2\/types\/product"}],"replies":[{"embeddable":true,"href":"https:\/\/gpl-love.com\/es\/wp-json\/wp\/v2\/comments?post=112687"}],"wp:featuredmedia":[{"embeddable":true,"href":"https:\/\/gpl-love.com\/es\/wp-json\/wp\/v2\/media\/166412"}],"wp:attachment":[{"href":"https:\/\/gpl-love.com\/es\/wp-json\/wp\/v2\/media?parent=112687"}],"wp:term":[{"taxonomy":"product_brand","embeddable":true,"href":"https:\/\/gpl-love.com\/es\/wp-json\/wp\/v2\/product_brand?post=112687"},{"taxonomy":"product_cat","embeddable":true,"href":"https:\/\/gpl-love.com\/es\/wp-json\/wp\/v2\/product_cat?post=112687"},{"taxonomy":"product_tag","embeddable":true,"href":"https:\/\/gpl-love.com\/es\/wp-json\/wp\/v2\/product_tag?post=112687"}],"curies":[{"name":"wp","href":"https:\/\/api.w.org\/{rel}","templated":true}]}}