{"id":112685,"date":"2021-05-17T00:00:00","date_gmt":"2021-05-17T05:00:00","guid":{"rendered":"http:\/\/gpl-love.com\/es\/producto\/nielsen-e-commerce-wordpress-tema\/"},"modified":"2026-04-10T11:19:04","modified_gmt":"2026-04-10T16:19:04","slug":"nielsen-e-commerce-wordpress-tema","status":"publish","type":"product","link":"https:\/\/gpl-love.com\/es\/producto\/nielsen-e-commerce-wordpress-tema\/","title":{"rendered":"Nielsen E-commerce WordPress Theme 1.9.17"},"content":{"rendered":"<h3>Nielsen E-commerce WordPress Theme Caracteristicas<\/h3>\n<p>El tema de WordPress de comercio electr\u00f3nico de Nielsen, repleto de energ\u00eda y versatilidad, se presenta como la soluci\u00f3n ideal para las empresas con el objetivo de establecer su presencia en l\u00ednea. Este tema notablemente completo ofrece una variedad de caracter\u00edsticas que le permiten dise\u00f1ar un sitio de comercio electr\u00f3nico totalmente funcional que combine perfectamente la facilidad de uso y el esplendor visual. Adem\u00e1s, este tema cuenta con una impresionante gama de opciones de personalizaci\u00f3n, que le brinda la oportunidad de personalizar su sitio y alinearlo con su identidad de marca. La amplia selecci\u00f3n de opciones de dise\u00f1o, fuentes y colores a su disposici\u00f3n asegura que su sitio se destaque sin esfuerzo entre la multitud. En particular, el tema ha sido meticulosamente optimizado para los motores de b\u00fasqueda, lo que garantiza que su sitio ser\u00e1 descubierto sin esfuerzo por los clientes potenciales. El tema de WordPress de comercio electr\u00f3nico de Nielsen le otorga la invaluable oportunidad de elaborar una tienda en l\u00ednea profesional y de alto rendimiento, impulsando as\u00ed su negocio a alturas sin precedentes.<\/p>\n<ul>\n<li>Dise\u00f1o moderno y receptivo con un enfoque en la funcionalidad de comercio electr\u00f3nico<\/li>\n<li>P\u00e1gina de inicio personalizable con widgets de arrastrar y soltar f\u00e1ciles de usar<\/li>\n<li>M\u00faltiples dise\u00f1os para p\u00e1ginas de productos, incluidas las opciones de red y cuadr\u00edcula<\/li>\n<li>Integraci\u00f3n con complementos populares de comercio electr\u00f3nico como WooCommerce y descargas digitales f\u00e1ciles<\/li>\n<li>Soporte incorporado para revisiones y calificaciones de productos<\/li>\n<li>Integraci\u00f3n perfecta con las principales pasarelas de pago<\/li>\n<li>Admite m\u00faltiples monedas e idiomas<\/li>\n<li>Optimizado para SEO con c\u00f3digo limpio y tiempos de carga r\u00e1pidas<\/li>\n<li>Documentaci\u00f3n integral y equipo de apoyo dedicado.<\/li>\n<\/ul>\n","protected":false},"excerpt":{"rendered":"<p>El tema de WordPress de comercio electr\u00f3nico de Nielsen es un tema excepcionalmente contempor\u00e1neo y est\u00e9ticamente agradable que ha sido meticulosamente elaborado con el \u00fanico prop\u00f3sito de atender las tiendas en l\u00ednea. Se jacta de una interfaz notablemente desenfrenada y f\u00e1cil de usar, lo que hace que el acto de comprar una brisa absoluta, repleta de deleite para todos los clientes. Lo que distingue a este tema de sus contrapartes es su notable versatilidad, manifestada en la gran cantidad de dise\u00f1os prefabricados que ofrece, lo que permite a los usuarios adaptar sus escaparates de acuerdo con su identidad de marca. Adem\u00e1s, gracias a sus caracter\u00edsticas integradas de intercambio social, opciones de b\u00fasqueda avanzada y un sistema de navegaci\u00f3n sin problemas, los productos alojados dentro de su tienda virtual pueden atraer sin esfuerzo atenci\u00f3n y reconocimiento generalizado de la pr\u00f3spera comunidad en l\u00ednea. Adem\u00e1s, el tema tambi\u00e9n se enorgullece de sus capacidades de dise\u00f1o receptivas, lo que esencialmente significa que se puede acceder a su tienda desde cualquier dispositivo, ya sea un tel\u00e9fono inteligente, tableta o computadora. En esencia, el tema Nielsen E-Commerce WordPress le permite curar una tienda exquisitamente cautivadora que promete una experiencia de compra incomparable y extraordinaria para todos y cada uno de sus estimados clientes.<\/p>\n","protected":false},"featured_media":166989,"comment_status":"open","ping_status":"open","template":"","meta":[],"product_brand":[2337],"product_cat":[1263,1264,1237],"product_tag":[1391],"class_list":{"0":"post-112685","1":"product","2":"type-product","3":"status-publish","4":"has-post-thumbnail","6":"product_brand-themeforest","7":"product_cat-comercio-electronico-temas","8":"product_cat-negocio","9":"product_cat-temas","10":"product_tag-themeforest","11":"member-discount","12":"discount-restricted","14":"first","15":"instock","16":"sale","17":"downloadable","18":"virtual","19":"sold-individually","20":"purchasable","21":"product-type-simple"},"_links":{"self":[{"href":"https:\/\/gpl-love.com\/es\/wp-json\/wp\/v2\/product\/112685","targetHints":{"allow":["GET"]}}],"collection":[{"href":"https:\/\/gpl-love.com\/es\/wp-json\/wp\/v2\/product"}],"about":[{"href":"https:\/\/gpl-love.com\/es\/wp-json\/wp\/v2\/types\/product"}],"replies":[{"embeddable":true,"href":"https:\/\/gpl-love.com\/es\/wp-json\/wp\/v2\/comments?post=112685"}],"wp:featuredmedia":[{"embeddable":true,"href":"https:\/\/gpl-love.com\/es\/wp-json\/wp\/v2\/media\/166989"}],"wp:attachment":[{"href":"https:\/\/gpl-love.com\/es\/wp-json\/wp\/v2\/media?parent=112685"}],"wp:term":[{"taxonomy":"product_brand","embeddable":true,"href":"https:\/\/gpl-love.com\/es\/wp-json\/wp\/v2\/product_brand?post=112685"},{"taxonomy":"product_cat","embeddable":true,"href":"https:\/\/gpl-love.com\/es\/wp-json\/wp\/v2\/product_cat?post=112685"},{"taxonomy":"product_tag","embeddable":true,"href":"https:\/\/gpl-love.com\/es\/wp-json\/wp\/v2\/product_tag?post=112685"}],"curies":[{"name":"wp","href":"https:\/\/api.w.org\/{rel}","templated":true}]}}