{"id":112684,"date":"2023-08-18T00:00:00","date_gmt":"2023-08-18T05:00:00","guid":{"rendered":"http:\/\/gpl-love.com\/es\/producto\/divi-machine-toolkit-para-adding-y-creating-dynamic-content\/"},"modified":"2026-03-09T07:27:27","modified_gmt":"2026-03-09T12:27:27","slug":"divi-machine-toolkit-para-adding-y-creating-dynamic-content","status":"publish","type":"product","link":"https:\/\/gpl-love.com\/es\/producto\/divi-machine-toolkit-para-adding-y-creating-dynamic-content\/","title":{"rendered":"Divi Machine Toolkit para Adding y Creating Dynamic Content 6.0"},"content":{"rendered":"<h3>Divi Machine Toolkit para Adding y Creating Dynamic Content Caracteristicas<\/h3>\n<p>El Kit Machine Toolkit, conocido por su inmensa potencia y capacidad, ha sido meticulosamente elaborado para satisfacer las necesidades de los desarrolladores y dise\u00f1adores web que se esfuerzan por infundir sus sitios web con contenido din\u00e1mico. Esta notable herramienta abarca una amplia gama de caracter\u00edsticas y funcionalidades, lo que le permite dise\u00f1ar dise\u00f1os personalizados sin esfuerzo, automatizar la generaci\u00f3n de contenido e imbuir sus p\u00e1ginas con elementos que est\u00e1n constantemente en flujo. Con el kit de m\u00e1quinas de herramienta Divi a su disposici\u00f3n, la creaci\u00f3n de cuadr\u00edculas din\u00e1micas, tipos de publicaciones personalizados y filtros de b\u00fasqueda se convierte en un esfuerzo sin problemas. Adem\u00e1s, esta herramienta se enorgullece de su naturaleza f\u00e1cil de usar y su interfaz intuitiva, lo que lo convierte en una opci\u00f3n accesible para personas de diferentes niveles de habilidad, ya sean novatos o expertos experimentados. Con una multitud de atributos avanzados y alternativas personalizables, el kit de m\u00e1quinas de herramientas Divi surge como la soluci\u00f3n por excelencia para aquellos que buscan amplificar la funcionalidad de su sitio web y curar una experiencia de usuario cautivadora.<\/p>\n<ul>\n<li>Permite a los usuarios crear y agregar contenido din\u00e1mico a su sitio web<\/li>\n<li>Compatible con el tema Divi, lo que facilita la integraci\u00f3n con los sitios existentes<\/li>\n<li>Proporciona m\u00f3dulos de contenido predise\u00f1ados para una implementaci\u00f3n r\u00e1pida<\/li>\n<li>Permite crear m\u00f3dulos de contenido personalizados para necesidades espec\u00edficas<\/li>\n<li>Agiliza el proceso de agregar elementos interactivos a las p\u00e1ginas, como pesta\u00f1as, alternas y controles deslizantes<\/li>\n<li>Ofrece caracter\u00edsticas avanzadas como opciones de filtrado de l\u00f3gica condicional y din\u00e1mica<\/li>\n<li>Ahorra tiempo para los propietarios de sitios web eliminando la necesidad de codificaci\u00f3n personalizada<\/li>\n<li>Aumenta la funcionalidad del sitio y la participaci\u00f3n del usuario a trav\u00e9s de contenido din\u00e1mico<\/li>\n<\/ul>\n","protected":false},"excerpt":{"rendered":"<p>Experimente el poder de la m\u00e1quina Divi, un conjunto de herramientas de alto rendimiento dise\u00f1ado para mejorar el potencial de su sitio web agregando y creando contenido din\u00e1mico. Este complemento avanzado es imprescindible para principiantes y expertos, ofreciendo caracter\u00edsticas que le permiten crear dise\u00f1os personalizados, crear estrategias de SEO efectivas y aumentar la participaci\u00f3n del usuario. Sum\u00e9rgete en el mundo de la m\u00e1quina Divi y desbloquea la capacidad de personalizar los campos, dise\u00f1ar mapas y filtros din\u00e1micos, y crear plantillas \u00fanicas que distinguen a tu sitio web. Con Divi Machine, tiene un control completo sobre su contenido, con opciones para agregar controles deslizantes profesionales, galer\u00edas interactivas y m\u00e1s. Este no es solo un kit de herramientas, sino una puerta de entrada a una experiencia de usuario m\u00e1s din\u00e1mica y atractiva. \u00a1Intenta tu juego de dise\u00f1o web con Divi Machine hoy!<\/p>\n","protected":false},"featured_media":165786,"comment_status":"open","ping_status":"open","template":"","meta":[],"product_brand":[2413],"product_cat":[1214,1206,1211],"product_tag":[2107],"class_list":{"0":"post-112684","1":"product","2":"type-product","3":"status-publish","4":"has-post-thumbnail","6":"product_brand-divi-engine","7":"product_cat-personalizacion","8":"product_cat-plugins","9":"product_cat-wordpress-plugins","10":"product_tag-divi-engine","11":"member-discount","12":"discount-restricted","14":"first","15":"instock","16":"sale","17":"downloadable","18":"virtual","19":"sold-individually","20":"purchasable","21":"product-type-simple"},"_links":{"self":[{"href":"https:\/\/gpl-love.com\/es\/wp-json\/wp\/v2\/product\/112684","targetHints":{"allow":["GET"]}}],"collection":[{"href":"https:\/\/gpl-love.com\/es\/wp-json\/wp\/v2\/product"}],"about":[{"href":"https:\/\/gpl-love.com\/es\/wp-json\/wp\/v2\/types\/product"}],"replies":[{"embeddable":true,"href":"https:\/\/gpl-love.com\/es\/wp-json\/wp\/v2\/comments?post=112684"}],"wp:featuredmedia":[{"embeddable":true,"href":"https:\/\/gpl-love.com\/es\/wp-json\/wp\/v2\/media\/165786"}],"wp:attachment":[{"href":"https:\/\/gpl-love.com\/es\/wp-json\/wp\/v2\/media?parent=112684"}],"wp:term":[{"taxonomy":"product_brand","embeddable":true,"href":"https:\/\/gpl-love.com\/es\/wp-json\/wp\/v2\/product_brand?post=112684"},{"taxonomy":"product_cat","embeddable":true,"href":"https:\/\/gpl-love.com\/es\/wp-json\/wp\/v2\/product_cat?post=112684"},{"taxonomy":"product_tag","embeddable":true,"href":"https:\/\/gpl-love.com\/es\/wp-json\/wp\/v2\/product_tag?post=112684"}],"curies":[{"name":"wp","href":"https:\/\/api.w.org\/{rel}","templated":true}]}}