{"id":112682,"date":"2021-04-17T00:00:00","date_gmt":"2021-04-17T05:00:00","guid":{"rendered":"http:\/\/gpl-love.com\/es\/producto\/shortener-short-links-application-with-analytic\/"},"modified":"2026-04-10T11:24:47","modified_gmt":"2026-04-10T16:24:47","slug":"shortener-short-links-application-with-analytic","status":"publish","type":"product","link":"https:\/\/gpl-love.com\/es\/producto\/shortener-short-links-application-with-analytic\/","title":{"rendered":"Shortener Short Links Application with Analytic 2.0.4"},"content":{"rendered":"<h3>Shortener Short Links Application with Analytic Caracteristicas<\/h3>\n<p>La aplicaci\u00f3n de enlaces cortos de acortador con Analytic es una herramienta incre\u00edblemente robusta y eficiente que permite a los usuarios generar enlaces cortos concisos y f\u00e1cilmente compartibles, al tiempo que permite capacidades de seguimiento integrales. Esta notable aplicaci\u00f3n permite a los usuarios condensar las URL largas en un formato m\u00e1s simplificado y manejable, todo el tiempo asegurando que ninguno de los elementos cruciales se sacrifique en el proceso. Adem\u00e1s, esta invaluable herramienta ofrece la ventaja adicional de los an\u00e1lisis incorporados, que facilita el monitoreo y el an\u00e1lisis del rendimiento de los enlaces acortados. Al proporcionar informaci\u00f3n como la tasa de clics, los datos basados \u200b\u200ben la ubicaci\u00f3n y la informaci\u00f3n del referente, esta caracter\u00edstica sofisticada demuestra ser un activo invaluable para los especialistas en marketing que buscan evaluar la efectividad de sus campa\u00f1as, as\u00ed como para las personas que buscan crear m\u00e1s elegantes y simplificados. Enlaces para plataformas de redes sociales. En consecuencia, es evidente que la aplicaci\u00f3n de enlaces cortos de acortador con anal\u00edtico es la soluci\u00f3n definitiva para todos los requisitos de acortamiento de enlaces.<\/p>\n<ul>\n<li>Una interfaz f\u00e1cil de usar que permite una f\u00e1cil creaci\u00f3n y compartir enlaces acortados<\/li>\n<li>Potentes herramientas anal\u00edticas que rastrean las tasas de clics, la participaci\u00f3n y otros datos importantes<\/li>\n<li>Opciones personalizables para personalizar enlaces acortados con nombres \u00fanicos o palabras clave<\/li>\n<li>Caracter\u00edsticas intuitivas de navegaci\u00f3n y organizaci\u00f3n para ayudar a administrar y organizar una gran cantidad de enlaces acortados<\/li>\n<li>Integraci\u00f3n con plataformas de redes sociales populares y otras herramientas en l\u00ednea para una mayor comodidad y compatibilidad<\/li>\n<li>Medidas de seguridad s\u00f3lidas para proteger contra el acceso o el abuso no autorizados<\/li>\n<li>Actualizaciones y soporte regulares para garantizar la usabilidad y la funcionalidad continua con el tiempo.<\/li>\n<\/ul>\n","protected":false},"excerpt":{"rendered":"<p>\u00a1Introducir acortador, una herramienta excepcional dise\u00f1ada meticulosamente para racionalizar las URL prolongadas, monitorear las tasas de clics y analizar los niveles de participaci\u00f3n del usuario! Nuestra revolucionaria aplicaci\u00f3n de enlaces cortos, junto con sus capacidades anal\u00edticas de vanguardia, es una necesidad absoluta para las personas que buscan regular y analizar de manera efectiva el tr\u00e1fico de URL. Con una variedad de caracter\u00edsticas potentes que incluyen estructuras de enlaces personalizadas, enrutamiento de tr\u00e1fico din\u00e1mico, seguimiento integral de campa\u00f1as y an\u00e1lisis en profundidad, acortar a la perfecci\u00f3n facilita a los usuarios para administrar sin esfuerzo sus enlaces y optimizar sus esfuerzos de marketing. \u00a1No pierda el tiempo, se embarque en su viaje de acortamiento hoy y presencie el aumento exponencial en clics, participaci\u00f3n del usuario y conversiones!<\/p>\n","protected":false},"featured_media":167486,"comment_status":"open","ping_status":"open","template":"","meta":[],"product_brand":[2339],"product_cat":[1212,1206,1211],"product_tag":[1256],"class_list":{"0":"post-112682","1":"product","2":"type-product","3":"status-publish","4":"has-post-thumbnail","6":"product_brand-codecanyon","7":"product_cat-administracion-wordpress-plugins","8":"product_cat-plugins","9":"product_cat-wordpress-plugins","10":"product_tag-codecanyon","11":"member-discount","12":"discount-restricted","14":"first","15":"instock","16":"sale","17":"downloadable","18":"virtual","19":"sold-individually","20":"purchasable","21":"product-type-simple"},"_links":{"self":[{"href":"https:\/\/gpl-love.com\/es\/wp-json\/wp\/v2\/product\/112682","targetHints":{"allow":["GET"]}}],"collection":[{"href":"https:\/\/gpl-love.com\/es\/wp-json\/wp\/v2\/product"}],"about":[{"href":"https:\/\/gpl-love.com\/es\/wp-json\/wp\/v2\/types\/product"}],"replies":[{"embeddable":true,"href":"https:\/\/gpl-love.com\/es\/wp-json\/wp\/v2\/comments?post=112682"}],"wp:featuredmedia":[{"embeddable":true,"href":"https:\/\/gpl-love.com\/es\/wp-json\/wp\/v2\/media\/167486"}],"wp:attachment":[{"href":"https:\/\/gpl-love.com\/es\/wp-json\/wp\/v2\/media?parent=112682"}],"wp:term":[{"taxonomy":"product_brand","embeddable":true,"href":"https:\/\/gpl-love.com\/es\/wp-json\/wp\/v2\/product_brand?post=112682"},{"taxonomy":"product_cat","embeddable":true,"href":"https:\/\/gpl-love.com\/es\/wp-json\/wp\/v2\/product_cat?post=112682"},{"taxonomy":"product_tag","embeddable":true,"href":"https:\/\/gpl-love.com\/es\/wp-json\/wp\/v2\/product_tag?post=112682"}],"curies":[{"name":"wp","href":"https:\/\/api.w.org\/{rel}","templated":true}]}}