{"id":112676,"date":"2024-02-05T00:00:00","date_gmt":"2024-02-05T05:00:00","guid":{"rendered":"http:\/\/gpl-love.com\/es\/producto\/trucking-logistics-y-transportation-wordpress-tema\/"},"modified":"2026-04-10T11:29:08","modified_gmt":"2026-04-10T16:29:08","slug":"trucking-logistics-y-transportation-wordpress-tema","status":"publish","type":"product","link":"https:\/\/gpl-love.com\/es\/producto\/trucking-logistics-y-transportation-wordpress-tema\/","title":{"rendered":"Trucking Logistics y Transportation WordPress Theme 1.28"},"content":{"rendered":"<h3>Trucking Logistics y Transportation WordPress Theme Caracteristicas<\/h3>\n<p>El tema de WordPress dedicado a la log\u00edstica y el transporte de camiones es un tema incre\u00edblemente adaptable y f\u00e1cil de usar que ha sido dise\u00f1ado exclusivamente para empresas de transporte, proveedores de log\u00edstica y negocios de transporte. Ofrece una amplia gama de caracter\u00edsticas y funciones que le permiten no solo mostrar su extensa gama de servicios y flota, sino tambi\u00e9n administrar efectivamente las reservas y los env\u00edos de seguimiento. Al utilizar este tema, puede mejorar sin esfuerzo su presencia en l\u00ednea y optimizar sus operaciones, ya que abarca todo lo necesario para lograr estos objetivos. Adem\u00e1s, el tema cuenta con un dise\u00f1o receptivo y caracter\u00edsticas personalizables, lo que significa que tiene la capacidad de crear un sitio web que represente sin problemas su marca y se alinee con sus requisitos comerciales espec\u00edficos. Es la soluci\u00f3n definitiva para las empresas de transporte y transporte que buscan atraer nuevos clientes, elevar la experiencia de su cliente y amplificar su visibilidad en l\u00ednea.<\/p>\n<ul>\n<li>Dise\u00f1o profesional y moderno<\/li>\n<li>Interfaz f\u00e1cil de usar y navegaci\u00f3n<\/li>\n<li>P\u00e1gina de inicio personalizable con m\u00faltiples opciones de dise\u00f1o<\/li>\n<li>P\u00e1ginas dedicadas para servicios, sobre nosotros, equipo y m\u00e1s<\/li>\n<li>Integraci\u00f3n con complementos populares como WooCommerce, Contact Form 7 y Slider Revolution<\/li>\n<li>Funcionalidad de b\u00fasqueda avanzada para encontrar servicios de transporte y log\u00edstica<\/li>\n<li>Dise\u00f1o de respuesta m\u00f3vil para una visualizaci\u00f3n \u00f3ptima en todos los dispositivos<\/li>\n<li>Blog incorporado para compartir noticias y actualizaciones de la industria<\/li>\n<li>La importaci\u00f3n de demostraci\u00f3n de un solo clic para configurar r\u00e1pida y f\u00e1cilmente su sitio web<\/li>\n<li>Actualizaciones regulares y atenci\u00f3n al cliente de los desarrolladores de temas.<\/li>\n<\/ul>\n","protected":false},"excerpt":{"rendered":"<p>El tema de WordPress de la log\u00edstica y el transporte de transporte es una plantilla de sitio web ejemplar y altamente receptiva, ingeniosamente dise\u00f1ada con empresas de transporte y log\u00edstica en mente. Cuenta con una mir\u00edada de caracter\u00edsticas distintivas, como sistemas avanzados de seguimiento y despacho, herramientas de gesti\u00f3n de flotas de vanguardia y capacidades de seguimiento de GPS en tiempo real de \u00faltima generaci\u00f3n. Con su interfaz de usuario intuitiva y su dise\u00f1o f\u00e1cilmente personalizable, este tema presenta una plataforma ideal para las empresas que buscan mostrar sus servicios y reforzar su presencia en l\u00ednea. En consecuencia, ya sea que presida una modesta compa\u00f1\u00eda de camiones o una gran corporaci\u00f3n de transporte, el tema de WordPress de la log\u00edstica de camiones y el transporte sirve como la soluci\u00f3n por excelencia para todos sus requisitos relacionados con el sitio web.<\/p>\n","protected":false},"featured_media":167855,"comment_status":"open","ping_status":"open","template":"","meta":[],"product_brand":[2337],"product_cat":[1307,1237,1238],"product_tag":[1391],"class_list":{"0":"post-112676","1":"product","2":"type-product","3":"status-publish","4":"has-post-thumbnail","6":"product_brand-themeforest","7":"product_cat-negocio-wordpress-temas","8":"product_cat-temas","9":"product_cat-wordpress-temas","10":"product_tag-themeforest","11":"member-discount","12":"discount-restricted","14":"first","15":"instock","16":"sale","17":"downloadable","18":"virtual","19":"sold-individually","20":"purchasable","21":"product-type-simple"},"_links":{"self":[{"href":"https:\/\/gpl-love.com\/es\/wp-json\/wp\/v2\/product\/112676","targetHints":{"allow":["GET"]}}],"collection":[{"href":"https:\/\/gpl-love.com\/es\/wp-json\/wp\/v2\/product"}],"about":[{"href":"https:\/\/gpl-love.com\/es\/wp-json\/wp\/v2\/types\/product"}],"replies":[{"embeddable":true,"href":"https:\/\/gpl-love.com\/es\/wp-json\/wp\/v2\/comments?post=112676"}],"wp:featuredmedia":[{"embeddable":true,"href":"https:\/\/gpl-love.com\/es\/wp-json\/wp\/v2\/media\/167855"}],"wp:attachment":[{"href":"https:\/\/gpl-love.com\/es\/wp-json\/wp\/v2\/media?parent=112676"}],"wp:term":[{"taxonomy":"product_brand","embeddable":true,"href":"https:\/\/gpl-love.com\/es\/wp-json\/wp\/v2\/product_brand?post=112676"},{"taxonomy":"product_cat","embeddable":true,"href":"https:\/\/gpl-love.com\/es\/wp-json\/wp\/v2\/product_cat?post=112676"},{"taxonomy":"product_tag","embeddable":true,"href":"https:\/\/gpl-love.com\/es\/wp-json\/wp\/v2\/product_tag?post=112676"}],"curies":[{"name":"wp","href":"https:\/\/api.w.org\/{rel}","templated":true}]}}