{"id":112672,"date":"2024-03-03T00:00:00","date_gmt":"2024-03-03T05:00:00","guid":{"rendered":"http:\/\/gpl-love.com\/es\/producto\/the-qlean-cleaning-company-wordpress-tema\/"},"modified":"2026-04-10T11:27:32","modified_gmt":"2026-04-10T16:27:32","slug":"the-qlean-cleaning-company-wordpress-tema","status":"publish","type":"product","link":"https:\/\/gpl-love.com\/es\/producto\/the-qlean-cleaning-company-wordpress-tema\/","title":{"rendered":"The Qlean Cleaning Company WordPress Theme 2.2.0"},"content":{"rendered":"<h3>The Qlean Cleaning Company WordPress Theme Caracteristicas<\/h3>\n<p>El tema de WordPress de Qlean Cleaning Company, meticulosamente elaborado para empresas de limpieza, cuenta con una plantilla de sitio web contempor\u00e1nea y sofisticada. Este tema de vanguardia presenta un dise\u00f1o est\u00e9ticamente agradable, junto con un dise\u00f1o simplificado que garantiza la navegaci\u00f3n perfecta. Una caracter\u00edstica distintiva del tema de Qlean se encuentra en su incomparable personalizaci\u00f3n, ofreciendo una gran cantidad de opciones para adaptar el esquema de color, las fuentes y la estructura general para alinearse perfectamente con su identidad de marca. Adem\u00e1s, este tema excepcional abarca una variedad de plantillas predise\u00f1adas, dedicadas a p\u00e1ginas esenciales como servicios, sobre nosotros y testimonios. Aprovechando su optimizaci\u00f3n meticulosa para los motores de b\u00fasqueda, el tema de WordPress de la empresa de limpieza Qlean se compromete a elevar la visibilidad de su sitio web dentro de los resultados de b\u00fasqueda, catapult\u00e1ndolo al pin\u00e1culo de la prominencia. Dentro del cautivador reino virtual fomentado por este tema, exhibe sin esfuerzo su variedad de servicios de limpieza, cautivan a posibles clientes y finalmente impulsan su negocio a nuevas alturas.<\/p>\n<ul>\n<li>Dise\u00f1o receptivo que se ajusta a cualquier tama\u00f1o de pantalla para una experiencia de usuario perfecta<\/li>\n<li>Aspecto profesional y moderno con esquemas de color y fuentes personalizables<\/li>\n<li>Constructor de p\u00e1gina f\u00e1cil de usar con funcionalidad de arrastrar y soltar para crear dise\u00f1os \u00fanicos del sitio web<\/li>\n<li>Documentaci\u00f3n y soporte integral para una f\u00e1cil configuraci\u00f3n y mantenimiento<\/li>\n<li>Sistema de reserva de citas incorporado para la programaci\u00f3n y gesti\u00f3n de los clientes<\/li>\n<li>Integraci\u00f3n con pasarelas de pago populares para procesamiento de pagos en l\u00ednea sin interrupciones<\/li>\n<li>Integraci\u00f3n de las redes sociales para un f\u00e1cil intercambio y promoci\u00f3n de sus servicios de limpieza<\/li>\n<li>Totalmente compatible con complementos populares de WordPress, incluidos WooCommerce y el Formulario de contacto 7<\/li>\n<li>SEO optimizado para una mejor visibilidad y clasificaci\u00f3n de motores de b\u00fasqueda<\/li>\n<li>Traducci\u00f3n lista para sitios web multiling\u00fces para llegar a audiencias m\u00e1s amplias.<\/li>\n<\/ul>\n","protected":false},"excerpt":{"rendered":"<p>El tema de WordPress de Qlean Cleaning Company se presenta como la soluci\u00f3n ideal para la limpieza de negocios que buscan establecer su presencia en el \u00e1mbito en l\u00ednea. Con su dise\u00f1o elegante y contempor\u00e1neo, este tema ofrece una amplia gama de caracter\u00edsticas y opciones personalizables que le permiten mostrar efectivamente los servicios, los miembros del equipo y los testimonios de los clientes de su empresa. Adem\u00e1s, su dise\u00f1o receptivo garantiza una experiencia de usuario perfecta en todos los dispositivos, facilitando as\u00ed a los clientes para reservar citas y comunicarse con usted con consultas. En particular, el tema de WordPress de la empresa de limpieza Qlean est\u00e1 equipado con complementos pr\u00e1cticos, como Slider Revolution y Contact Form 7, que sirve para mejorar la funcionalidad de su sitio web. Al adoptar el tema de WordPress de la empresa de limpieza Qlean, tiene la oportunidad de elevar su negocio de limpieza a nuevas alturas.<\/p>\n","protected":false},"featured_media":167713,"comment_status":"open","ping_status":"open","template":"","meta":[],"product_brand":[2337],"product_cat":[1307,1237,1238],"product_tag":[1391],"class_list":{"0":"post-112672","1":"product","2":"type-product","3":"status-publish","4":"has-post-thumbnail","6":"product_brand-themeforest","7":"product_cat-negocio-wordpress-temas","8":"product_cat-temas","9":"product_cat-wordpress-temas","10":"product_tag-themeforest","11":"member-discount","12":"discount-restricted","14":"first","15":"instock","16":"sale","17":"downloadable","18":"virtual","19":"sold-individually","20":"purchasable","21":"product-type-simple"},"_links":{"self":[{"href":"https:\/\/gpl-love.com\/es\/wp-json\/wp\/v2\/product\/112672","targetHints":{"allow":["GET"]}}],"collection":[{"href":"https:\/\/gpl-love.com\/es\/wp-json\/wp\/v2\/product"}],"about":[{"href":"https:\/\/gpl-love.com\/es\/wp-json\/wp\/v2\/types\/product"}],"replies":[{"embeddable":true,"href":"https:\/\/gpl-love.com\/es\/wp-json\/wp\/v2\/comments?post=112672"}],"wp:featuredmedia":[{"embeddable":true,"href":"https:\/\/gpl-love.com\/es\/wp-json\/wp\/v2\/media\/167713"}],"wp:attachment":[{"href":"https:\/\/gpl-love.com\/es\/wp-json\/wp\/v2\/media?parent=112672"}],"wp:term":[{"taxonomy":"product_brand","embeddable":true,"href":"https:\/\/gpl-love.com\/es\/wp-json\/wp\/v2\/product_brand?post=112672"},{"taxonomy":"product_cat","embeddable":true,"href":"https:\/\/gpl-love.com\/es\/wp-json\/wp\/v2\/product_cat?post=112672"},{"taxonomy":"product_tag","embeddable":true,"href":"https:\/\/gpl-love.com\/es\/wp-json\/wp\/v2\/product_tag?post=112672"}],"curies":[{"name":"wp","href":"https:\/\/api.w.org\/{rel}","templated":true}]}}