{"id":112670,"date":"2025-10-23T00:00:00","date_gmt":"2025-10-23T05:00:00","guid":{"rendered":"http:\/\/gpl-love.com\/es\/producto\/skin-beauty-spa-wordpress\/"},"modified":"2026-03-13T17:29:13","modified_gmt":"2026-03-13T22:29:13","slug":"skin-beauty-spa-wordpress","status":"publish","type":"product","link":"https:\/\/gpl-love.com\/es\/producto\/skin-beauty-spa-wordpress\/","title":{"rendered":"Skin Beauty Spa WordPress 1.4.0"},"content":{"rendered":"<h3>Skin Beauty Spa WordPress Caracteristicas<\/h3>\n<p>Skin Beauty Spa WordPress es una plataforma excepcionalmente robusta y f\u00e1cil de usar que faculta a los spas de belleza para mostrar efectivamente su amplia gama de servicios y productos en el panorama virtual. Al aprovechar el inmenso poder y la versatilidad de esta plataforma incomparable, los SPA se brindan la notable oportunidad de dise\u00f1ar un sitio web verdaderamente distintivo y de vanguardia que incorpora inequ\u00edvocamente su identidad de marca \u00fanica al tiempo que cautivan simult\u00e1neamente y en atraer a los clientes potenciales. Adem\u00e1s, la plataforma cuenta con una variedad de plantillas y temas meticulosamente personalizables que permiten a los SPA elaborar una presencia en l\u00ednea est\u00e9ticamente agradable y altamente profesional que resuene con su p\u00fablico objetivo y los atraiga a comprometerse con sus ofertas. La naturaleza multifac\u00e9tica de esta plataforma extraordinaria se demuestra ampliamente por una variedad de caracter\u00edsticas formidables, incluidas, entre otros, la reserva de citas sin problemas, el procesamiento de pagos en l\u00ednea sin problemas e integraci\u00f3n de redes sociales sin problemas. Con una dedicaci\u00f3n inquebrantable para facilitar las operaciones comerciales simplificadas, Skin Beauty Spa WordPress ofrece a Spas la conveniencia y la eficiencia requeridas para administrar y impulsar efectivamente el crecimiento de su empresa. Adem\u00e1s, esta plataforma incomparable est\u00e1 ingeniosamente dise\u00f1ada para ser inherentemente optimizado de los motores de b\u00fasqueda, asegurando as\u00ed que SPA pueda conquistar sin esfuerzo la amplia extensi\u00f3n digital y llegar sin esfuerzo a una audiencia exponencialmente m\u00e1s amplia, aumentando as\u00ed su visibilidad en l\u00ednea y fomentando el crecimiento sin igual. En conclusi\u00f3n, es inequ\u00edvoco que la belleza de la piel Spa WordPress sea una herramienta indispensable y transformadora que empodera a Spas para forjar una presencia indomable en el \u00e1mbito digital, fortaleciendo as\u00ed sus negocios y manifestando sus aspiraciones empresariales en un \u00e9xito tangible y resonante.<\/p>\n<ul>\n<li>Skin Beauty Spa WordPress es un conjunto de herramientas integral para crear un sitio web de spa de aspecto profesional y de aspecto profesional en WordPress.<\/li>\n<li>Este producto viene con una gama de plantillas predise\u00f1adas, con opciones de personalizaci\u00f3n para colores, fuentes y dise\u00f1o.<\/li>\n<li>Skin Beauty Spa WordPress incluye una gama de caracter\u00edsticas incorporadas dise\u00f1adas espec\u00edficamente para sitios web de spa, como reserva de citas, listados de servicios y perfiles de personal.<\/li>\n<li>Este producto admite la integraci\u00f3n con sistemas populares de pago y reserva, lo que le permite optimizar las operaciones en l\u00ednea de su spa.<\/li>\n<li>Con un dise\u00f1o receptivo y tiempos de carga r\u00e1pidos, Skin Beauty Spa WordPress est\u00e1 dise\u00f1ado para ofrecer una excelente experiencia de usuario en todos los dispositivos y plataformas.<\/li>\n<li>Ya sea que sea un dise\u00f1ador web profesional o nuevo en WordPress, Skin Beauty Spa WordPress es f\u00e1cil de instalar, configurar y mantener.<\/li>\n<li>Este producto incluye actualizaciones y soporte continuos, asegurando que su sitio web se mantenga actualizado con las \u00faltimas funciones y parches de seguridad.<\/li>\n<li>Skin Beauty Spa WordPress es una soluci\u00f3n rentable para los spas que desean establecer una presencia profesional en l\u00ednea sin romper el banco.<\/li>\n<\/ul>\n","protected":false},"excerpt":{"rendered":"<p>Prep\u00e1rese para una experiencia verdaderamente transformadora en la revolucionar su negocio de spa adoptando las capacidades extraordinarias de Skin Beauty Spa WordPress. Esta plataforma excepcionalmente robusta e intuitivamente navegable se ha adaptado exclusivamente para satisfacer las distintas necesidades del cuidado de la piel y las empresas de belleza. Al aprovechar su vasto repertorio de plantillas de dise\u00f1o de alto calibre, sistemas de reservas y citas integrados sin problemas, as\u00ed como una variedad de opciones de personalizaci\u00f3n avanzadas, podr\u00e1 establecer sin esfuerzo e inequ\u00edvocamente una presencia en l\u00ednea impresionante que se garantiza para impulsar un impulso de impulsar Surge exponencial en el tr\u00e1fico, las reservas y los ingresos generales para su estimado spa. Desde exhibir su exquisita gama de productos con un aire de sofisticaci\u00f3n y elegancia hasta elaborar publicaciones de blog cautivadoras e iluminadoras, Skin Beauty Spa WordPress es una herramienta indispensable para elevar su visibilidad, atraer clientes potenciales y refinar la experiencia general del cliente a niveles de perfecci\u00f3n sin precedentes de perfecci\u00f3n . D\u00e9jate despedir del software arcaico y anticuado y, en cambio, adopta el futuro resplandeciente que te espera, donde la belleza y la rentabilidad se entrelazan sin problemas en una sinfon\u00eda de \u00e9xito inequ\u00edvocamente armoniosa.<\/p>\n","protected":false},"featured_media":167498,"comment_status":"open","ping_status":"open","template":"","meta":[],"product_brand":[2337],"product_cat":[1307,1237,1238],"product_tag":[1391],"class_list":{"0":"post-112670","1":"product","2":"type-product","3":"status-publish","4":"has-post-thumbnail","6":"product_brand-themeforest","7":"product_cat-negocio-wordpress-temas","8":"product_cat-temas","9":"product_cat-wordpress-temas","10":"product_tag-themeforest","11":"member-discount","12":"discount-restricted","14":"first","15":"instock","16":"sale","17":"downloadable","18":"virtual","19":"sold-individually","20":"purchasable","21":"product-type-simple"},"_links":{"self":[{"href":"https:\/\/gpl-love.com\/es\/wp-json\/wp\/v2\/product\/112670","targetHints":{"allow":["GET"]}}],"collection":[{"href":"https:\/\/gpl-love.com\/es\/wp-json\/wp\/v2\/product"}],"about":[{"href":"https:\/\/gpl-love.com\/es\/wp-json\/wp\/v2\/types\/product"}],"replies":[{"embeddable":true,"href":"https:\/\/gpl-love.com\/es\/wp-json\/wp\/v2\/comments?post=112670"}],"wp:featuredmedia":[{"embeddable":true,"href":"https:\/\/gpl-love.com\/es\/wp-json\/wp\/v2\/media\/167498"}],"wp:attachment":[{"href":"https:\/\/gpl-love.com\/es\/wp-json\/wp\/v2\/media?parent=112670"}],"wp:term":[{"taxonomy":"product_brand","embeddable":true,"href":"https:\/\/gpl-love.com\/es\/wp-json\/wp\/v2\/product_brand?post=112670"},{"taxonomy":"product_cat","embeddable":true,"href":"https:\/\/gpl-love.com\/es\/wp-json\/wp\/v2\/product_cat?post=112670"},{"taxonomy":"product_tag","embeddable":true,"href":"https:\/\/gpl-love.com\/es\/wp-json\/wp\/v2\/product_tag?post=112670"}],"curies":[{"name":"wp","href":"https:\/\/api.w.org\/{rel}","templated":true}]}}