{"id":112668,"date":"2025-10-23T00:00:00","date_gmt":"2025-10-23T05:00:00","guid":{"rendered":"http:\/\/gpl-love.com\/es\/producto\/recibo-restaurant-wordpress\/"},"modified":"2026-03-13T17:28:08","modified_gmt":"2026-03-13T22:28:08","slug":"recibo-restaurant-wordpress","status":"publish","type":"product","link":"https:\/\/gpl-love.com\/es\/producto\/recibo-restaurant-wordpress\/","title":{"rendered":"Recibo Restaurant WordPress 1.4.1"},"content":{"rendered":"<h3>Recibo Restaurant WordPress Caracteristicas<\/h3>\n<p>Recibo Restaurant WordPress presenta una soluci\u00f3n integral que se ha adaptado espec\u00edficamente para las necesidades de restaurantes y empresas de alimentos que se esfuerzan por establecer una presencia en l\u00ednea profesional y funcional. Este notable tema de WordPress cuenta con una interfaz intuitiva y f\u00e1cil de usar, que ofrece una amplia gama de caracter\u00edsticas y herramientas que le permiten mostrar su men\u00fa, servicios y precios, as\u00ed como promover eficazmente promociones y eventos especiales. La belleza de este tema se encuentra en sus plantillas y dise\u00f1os personalizables, lo que le otorga la oportunidad de personalizar la apariencia y el ambiente de su sitio web, asegurando que se alinee perfectamente con su identidad de marca. Adem\u00e1s, la inclusi\u00f3n de sistemas integrados de reserva y reserva simplifica el proceso para que los clientes se reserven tablas o realicen pedidos en l\u00ednea, mejorando su experiencia general. Al aprovechar el poder del restaurante Recibo WordPress, puede administrar sin esfuerzo su presencia en l\u00ednea y impulsar el crecimiento de su negocio, independientemente de si opera un caf\u00e9 acogedor o una vasta cadena de restaurantes.<\/p>\n<ul>\n<li>Sistema de gesti\u00f3n de restaurantes de servicio completo dise\u00f1ado para sitios web de WordPress<\/li>\n<li>Incluye caracter\u00edsticas para reservas de mesa, pedidos en l\u00ednea, administraci\u00f3n de men\u00fa y m\u00e1s<\/li>\n<li>Interfaz f\u00e1cil de usar con opciones de personalizaci\u00f3n para marca y dise\u00f1o<\/li>\n<li>Puede integrarse con varias pasarelas de pago y servicios de terceros para una experiencia de cliente perfecta<\/li>\n<li>Herramientas s\u00f3lidas de informes y an\u00e1lisis para rastrear las ventas, el inventario y el comportamiento del cliente<\/li>\n<li>Se integra con complementos y temas populares de WordPress para una mayor funcionalidad y flexibilidad<\/li>\n<li>Dise\u00f1o receptivo optimizado para dispositivos m\u00f3viles para el acceso sobre la marcha<\/li>\n<li>Herramientas de gesti\u00f3n de relaciones con el cliente (CRM) incorporadas para fines de marketing y comunicaci\u00f3n<\/li>\n<li>M\u00faltiples niveles de acceso a los usuarios para la gesti\u00f3n del personal y los permisos de roles<\/li>\n<li>Soporte t\u00e9cnico 24\/7 y actualizaciones regulares de software para fiabilidad y mejora continuas.<\/li>\n<\/ul>\n","protected":false},"excerpt":{"rendered":"<p>\u00bfEst\u00e1 en el mercado un tema de WordPress altamente eficiente y f\u00e1cil de usar espec\u00edficamente adaptado para restaurantes? \u00a1No busque m\u00e1s que el extraordinario restaurante Recibo WordPress! Este tema notablemente intuitivo abarca una gama integral de caracter\u00edsticas que le permitir\u00e1 crear un sitio web impresionante sin esfuerzo para su estimado restaurante. Desde los men\u00fas y sistemas de reserva de integraci\u00f3n sin problemas hasta la creaci\u00f3n de galer\u00edas visualmente cautivadoras e incorporando revisiones de los clientes, Recibo no deja piedra sin mover al proporcionarle todas las herramientas necesarias para que su presencia en l\u00ednea sea realmente notable. Adem\u00e1s, con un dise\u00f1o receptivo e integr\u00e1ndose perfectamente con las populares plataformas de restaurantes como OpenTable y Yelp, Recibo simplifica el proceso de mostrar su establecimiento y comprometerse efectivamente con su valiosa clientela. Adem\u00e1s, con su compromiso inquebrantable con un soporte r\u00e1pido y confiable, as\u00ed como actualizaciones regulares, puede tener confianza en el conocimiento de que su sitio web operar\u00e1 perpetuamente en el m\u00e1ximo rendimiento. Entonces, \u00bfpor qu\u00e9 demorarse m\u00e1s? \u00a1Da el paso y experimenta el poder transformador del restaurante Recibo WordPress hoy!<\/p>\n","protected":false},"featured_media":167332,"comment_status":"open","ping_status":"open","template":"","meta":[],"product_brand":[2337],"product_cat":[1646,1237,1238],"product_tag":[1391],"class_list":{"0":"post-112668","1":"product","2":"type-product","3":"status-publish","4":"has-post-thumbnail","6":"product_brand-themeforest","7":"product_cat-alimentacion-y-restaurante","8":"product_cat-temas","9":"product_cat-wordpress-temas","10":"product_tag-themeforest","11":"member-discount","12":"discount-restricted","14":"first","15":"instock","16":"sale","17":"downloadable","18":"virtual","19":"sold-individually","20":"purchasable","21":"product-type-simple"},"_links":{"self":[{"href":"https:\/\/gpl-love.com\/es\/wp-json\/wp\/v2\/product\/112668","targetHints":{"allow":["GET"]}}],"collection":[{"href":"https:\/\/gpl-love.com\/es\/wp-json\/wp\/v2\/product"}],"about":[{"href":"https:\/\/gpl-love.com\/es\/wp-json\/wp\/v2\/types\/product"}],"replies":[{"embeddable":true,"href":"https:\/\/gpl-love.com\/es\/wp-json\/wp\/v2\/comments?post=112668"}],"wp:featuredmedia":[{"embeddable":true,"href":"https:\/\/gpl-love.com\/es\/wp-json\/wp\/v2\/media\/167332"}],"wp:attachment":[{"href":"https:\/\/gpl-love.com\/es\/wp-json\/wp\/v2\/media?parent=112668"}],"wp:term":[{"taxonomy":"product_brand","embeddable":true,"href":"https:\/\/gpl-love.com\/es\/wp-json\/wp\/v2\/product_brand?post=112668"},{"taxonomy":"product_cat","embeddable":true,"href":"https:\/\/gpl-love.com\/es\/wp-json\/wp\/v2\/product_cat?post=112668"},{"taxonomy":"product_tag","embeddable":true,"href":"https:\/\/gpl-love.com\/es\/wp-json\/wp\/v2\/product_tag?post=112668"}],"curies":[{"name":"wp","href":"https:\/\/api.w.org\/{rel}","templated":true}]}}