{"id":112666,"date":"2025-10-23T00:00:00","date_gmt":"2025-10-23T05:00:00","guid":{"rendered":"http:\/\/gpl-love.com\/es\/producto\/mediso-corporate-one-page-blogging-wp-tema\/"},"modified":"2026-03-13T17:24:23","modified_gmt":"2026-03-13T22:24:23","slug":"mediso-corporate-one-page-blogging-wp-tema","status":"publish","type":"product","link":"https:\/\/gpl-love.com\/es\/producto\/mediso-corporate-one-page-blogging-wp-tema\/","title":{"rendered":"Mediso Corporate One-Page Blogging WP Theme 1.4.2"},"content":{"rendered":"<h3>Mediso Corporate One-Page Blogging WP Theme Caracteristicas<\/h3>\n<p>El tema WP de blogging de una p\u00e1gina de una p\u00e1gina de Mediso se adapta espec\u00edficamente a satisfacer las necesidades y deseos de los bloggers que buscan establecer una presencia en l\u00ednea que exude profesionalismo, sofisticaci\u00f3n y encanto contempor\u00e1neo, todo sin la tarea tediosa y lenta del dise\u00f1o metico y codificaci\u00f3n. Gracias a su proceso de instalaci\u00f3n sin esfuerzo y sus opciones de personalizaci\u00f3n perfecta, este tema demuestra ser una excelente selecci\u00f3n tanto para ne\u00f3fitos como para bloggers experimentados. Su ingenioso dise\u00f1o de una p\u00e1gina asegura que los lectores puedan navegar sin esfuerzo a trav\u00e9s de la totalidad de su contenido, garantizando una experiencia de navegaci\u00f3n inmersiva e ininterrumpida. Adem\u00e1s, el tema cuenta con plena capacidad de respuesta, lo que la hace cautivador visualmente y perfecta en un espectro de dispositivos, incluidas, entre otros, computadoras de escritorio, computadoras port\u00e1tiles, tabletas y tel\u00e9fonos inteligentes. Adem\u00e1s, el tema Mediso est\u00e1 meticulosamente ajustado para apaciguar los algoritmos de los motores de b\u00fasqueda, mejorando efectivamente la capacidad de descubrimiento de su sitio web para cautivar e involucrar a los lectores potenciales. En resumen, si est\u00e1 en busca de un tema de blogs est\u00e9ticamente agradable y centrado en el usuario que mostrar\u00e1 efectivamente su contenido de una manera incomparable, el tema WP de Blogging de One P\u00e1gina de Mediso sin duda es una elecci\u00f3n ejemplar.<\/p>\n<ul>\n<li>Dise\u00f1o elegante y moderno, perfecto para blogs corporativos o marca personal<\/li>\n<li>Opciones de personalizaci\u00f3n f\u00e1cil de usar con un creador de p\u00e1ginas de arrastrar y soltar<\/li>\n<li>M\u00faltiples dise\u00f1os y estilos para elegir, incluida una p\u00e1gina de inicio con publicaciones destacadas y una p\u00e1gina de blog basada en la cuadr\u00edcula<\/li>\n<li>Dise\u00f1o totalmente receptivo, asegurando que su sitio web se vea muy bien en cualquier dispositivo<\/li>\n<li>Panel de opciones de temas avanzados para una f\u00e1cil personalizaci\u00f3n de colores, fuentes y otros elementos de dise\u00f1o<\/li>\n<li>Compatible con complementos populares de WordPress como Jetpack, Yoast SEO y Formulario de contacto 7<\/li>\n<li>Marcado de codificaci\u00f3n y esquema de SEO para una mejor visibilidad del motor de b\u00fasqueda<\/li>\n<li>Velocidades de carga r\u00e1pidas y optimizado para el rendimiento, mejorando la experiencia del usuario y las clasificaciones de los motores de b\u00fasqueda<\/li>\n<li>Documentaci\u00f3n integral y soporte dedicado para garantizar una configuraci\u00f3n sin problemas y un uso continuo del tema<\/li>\n<\/ul>\n","protected":false},"excerpt":{"rendered":"<p>Dise\u00f1ado espec\u00edficamente para empresas y bloggers, el tema WP de Blogging de One Page de Mediso Corporate abarca un dise\u00f1o sofisticado y refinado. Su plantilla elegante y profesional presenta un dise\u00f1o limpio y moderno, que finalmente proporciona una experiencia de usuario perfecta y sin esfuerzo que resalta efectivamente su contenido y fomenta el compromiso activo con su audiencia. Este tema ofrece una multitud de secciones personalizables, como publicaciones de blog, testimonios y miembros del equipo, lo que garantiza que se pueda adaptar perfectamente alinearse con sus requisitos \u00fanicos. Ya sea que se est\u00e9 embarcando en una nueva empresa de blogs o que busque renovar su sitio web existente, el tema WP de Blogging de One Page de Mediso Corporate es una opci\u00f3n excepcional para establecer una presencia en l\u00ednea pulida y profesional.<\/p>\n","protected":false},"featured_media":166730,"comment_status":"open","ping_status":"open","template":"","meta":[],"product_brand":[2337],"product_cat":[1245,1237,1238],"product_tag":[1391],"class_list":{"0":"post-112666","1":"product","2":"type-product","3":"status-publish","4":"has-post-thumbnail","6":"product_brand-themeforest","7":"product_cat-blog-revista","8":"product_cat-temas","9":"product_cat-wordpress-temas","10":"product_tag-themeforest","11":"member-discount","12":"discount-restricted","14":"first","15":"instock","16":"sale","17":"downloadable","18":"virtual","19":"sold-individually","20":"purchasable","21":"product-type-simple"},"_links":{"self":[{"href":"https:\/\/gpl-love.com\/es\/wp-json\/wp\/v2\/product\/112666","targetHints":{"allow":["GET"]}}],"collection":[{"href":"https:\/\/gpl-love.com\/es\/wp-json\/wp\/v2\/product"}],"about":[{"href":"https:\/\/gpl-love.com\/es\/wp-json\/wp\/v2\/types\/product"}],"replies":[{"embeddable":true,"href":"https:\/\/gpl-love.com\/es\/wp-json\/wp\/v2\/comments?post=112666"}],"wp:featuredmedia":[{"embeddable":true,"href":"https:\/\/gpl-love.com\/es\/wp-json\/wp\/v2\/media\/166730"}],"wp:attachment":[{"href":"https:\/\/gpl-love.com\/es\/wp-json\/wp\/v2\/media?parent=112666"}],"wp:term":[{"taxonomy":"product_brand","embeddable":true,"href":"https:\/\/gpl-love.com\/es\/wp-json\/wp\/v2\/product_brand?post=112666"},{"taxonomy":"product_cat","embeddable":true,"href":"https:\/\/gpl-love.com\/es\/wp-json\/wp\/v2\/product_cat?post=112666"},{"taxonomy":"product_tag","embeddable":true,"href":"https:\/\/gpl-love.com\/es\/wp-json\/wp\/v2\/product_tag?post=112666"}],"curies":[{"name":"wp","href":"https:\/\/api.w.org\/{rel}","templated":true}]}}