{"id":112662,"date":"2021-04-16T00:00:00","date_gmt":"2021-04-16T05:00:00","guid":{"rendered":"http:\/\/gpl-love.com\/es\/producto\/denso-advanced-electronics-store-woocommerce-wordpress-tema\/"},"modified":"2026-03-13T17:19:07","modified_gmt":"2026-03-13T22:19:07","slug":"denso-advanced-electronics-store-woocommerce-wordpress-tema","status":"publish","type":"product","link":"https:\/\/gpl-love.com\/es\/producto\/denso-advanced-electronics-store-woocommerce-wordpress-tema\/","title":{"rendered":"Denso Advanced Electronics Store Woocommerce WordPress Theme 2.30"},"content":{"rendered":"<h3>Denso Advanced Electronics Store Woocommerce WordPress Theme Caracteristicas<\/h3>\n<p>El tema de WordPress WooCommerce de Denso Advanced Store es un ejemplo de calidad superior, con un dise\u00f1o contempor\u00e1neo y sofisticado que atiende espec\u00edficamente a las demandas de las tiendas en l\u00ednea dentro del sector electr\u00f3nica. Este tema excepcional est\u00e1 equipado con una gran cantidad de atributos ricos en caracter\u00edsticas y opciones personalizables, facilitando la construcci\u00f3n sin esfuerzo de una tienda electr\u00f3nica visualmente cautivadora y altamente funcional. Con su dise\u00f1o adaptativo, su tienda exudar\u00e1 una apariencia est\u00e9ticamente agradable en cualquier dispositivo, mientras que su interfaz f\u00e1cil de usar garantiza una navegaci\u00f3n perfecta y compras convenientes para los clientes. Adem\u00e1s, el tema de WordPress de WooCommerce de Denso Advanced Store ofrece una amplia gama de widgets, c\u00f3digos cortos y capacidades de personalizaci\u00f3n, lo que permite la creaci\u00f3n de una tienda verdaderamente distintiva y personalizada que se distingue sin esfuerzo de los competidores. Independientemente de si posee competencia a nivel principiante o experiencia avanzada en desarrollo, este tema sirve como la soluci\u00f3n por excelencia para establecer una tienda de electr\u00f3nica en l\u00ednea formidable que sin duda se centrar\u00e1 y conservar\u00e1 una base de clientes leales.<\/p>\n<ul>\n<li>Dise\u00f1o moderno y visualmente atractivo<\/li>\n<li>Filtro de producto incorporado y funcionalidad de b\u00fasqueda<\/li>\n<li>Compatible con pasarelas de pago populares<\/li>\n<li>F\u00e1cil de personalizar e instalar<\/li>\n<li>Optimizado para SEO y velocidades de carga r\u00e1pidas<\/li>\n<li>Mobile Responsive para una experiencia de compra perfecta en todos los dispositivos<\/li>\n<li>Opciones de dise\u00f1o m\u00faltiples y esquemas de color<\/li>\n<li>Integraci\u00f3n con plataformas de redes sociales populares<\/li>\n<li>Documentaci\u00f3n detallada y atenci\u00f3n al cliente excepcional<\/li>\n<li>Perfecto para tiendas electr\u00f3nicas y otros negocios de comercio electr\u00f3nico.<\/li>\n<\/ul>\n","protected":false},"excerpt":{"rendered":"<p>Descubra la potencia y la versatilidad del tema Denso Advanced Electronics Store WooCommerce WordPress. Dise\u00f1ado con las necesidades de las tiendas de electr\u00f3nica modernas en mente, este tema elegante y funcional est\u00e1 lleno de caracter\u00edsticas avanzadas y opciones personalizables. Aproveche la integraci\u00f3n de WooCommerce, haciendo que la venta en l\u00ednea sea muy f\u00e1cil. La plataforma de WordPress garantiza una f\u00e1cil gesti\u00f3n y navegaci\u00f3n, lo que le permite mostrar su electr\u00f3nica de una manera atractiva y f\u00e1cil de usar. El tema de Denso no es solo est\u00e9ticamente agradable, sino que tambi\u00e9n es muy funcional, que ofrece caracter\u00edsticas avanzadas que hacen de las compras en l\u00ednea una experiencia agradable para sus clientes. Obtenga el tema de WordPress de WooCommerce de Denso Advanced Store hoy y eleve su tienda de electr\u00f3nica en l\u00ednea a nuevas alturas.<\/p>\n","protected":false},"featured_media":165758,"comment_status":"open","ping_status":"open","template":"","meta":[],"product_brand":[2337],"product_cat":[1263,1264,1237],"product_tag":[1391],"class_list":{"0":"post-112662","1":"product","2":"type-product","3":"status-publish","4":"has-post-thumbnail","6":"product_brand-themeforest","7":"product_cat-comercio-electronico-temas","8":"product_cat-negocio","9":"product_cat-temas","10":"product_tag-themeforest","11":"member-discount","12":"discount-restricted","14":"first","15":"instock","16":"sale","17":"downloadable","18":"virtual","19":"sold-individually","20":"purchasable","21":"product-type-simple"},"_links":{"self":[{"href":"https:\/\/gpl-love.com\/es\/wp-json\/wp\/v2\/product\/112662","targetHints":{"allow":["GET"]}}],"collection":[{"href":"https:\/\/gpl-love.com\/es\/wp-json\/wp\/v2\/product"}],"about":[{"href":"https:\/\/gpl-love.com\/es\/wp-json\/wp\/v2\/types\/product"}],"replies":[{"embeddable":true,"href":"https:\/\/gpl-love.com\/es\/wp-json\/wp\/v2\/comments?post=112662"}],"wp:featuredmedia":[{"embeddable":true,"href":"https:\/\/gpl-love.com\/es\/wp-json\/wp\/v2\/media\/165758"}],"wp:attachment":[{"href":"https:\/\/gpl-love.com\/es\/wp-json\/wp\/v2\/media?parent=112662"}],"wp:term":[{"taxonomy":"product_brand","embeddable":true,"href":"https:\/\/gpl-love.com\/es\/wp-json\/wp\/v2\/product_brand?post=112662"},{"taxonomy":"product_cat","embeddable":true,"href":"https:\/\/gpl-love.com\/es\/wp-json\/wp\/v2\/product_cat?post=112662"},{"taxonomy":"product_tag","embeddable":true,"href":"https:\/\/gpl-love.com\/es\/wp-json\/wp\/v2\/product_tag?post=112662"}],"curies":[{"name":"wp","href":"https:\/\/api.w.org\/{rel}","templated":true}]}}