{"id":112660,"date":"2021-02-09T00:00:00","date_gmt":"2021-02-09T05:00:00","guid":{"rendered":"http:\/\/gpl-love.com\/es\/producto\/codz-software-y-it-services-tema\/"},"modified":"2026-03-13T17:17:52","modified_gmt":"2026-03-13T22:17:52","slug":"codz-software-y-it-services-tema","status":"publish","type":"product","link":"https:\/\/gpl-love.com\/es\/producto\/codz-software-y-it-services-tema\/","title":{"rendered":"Codz Software y IT Services Theme 3.3"},"content":{"rendered":"<h3>Codz Software y IT Services Theme Caracteristicas<\/h3>\n<p>El tema del software y los servicios de TI de CODZ ofrece una soluci\u00f3n integral y abarrotable que atiende a todo lo que necesita, lo que lo convierte en una verdadera ventanilla \u00fanica. Con una interfaz elegantemente dise\u00f1ada y pulida, este tema es el ep\u00edtome de la profesionalidad y es ideal para cualquier empresa que busque establecer una presencia en l\u00ednea formidable y dominante. Cuenta con una extensa variedad de caracter\u00edsticas, como men\u00fas altamente personalizables, un dise\u00f1o receptivo de vanguardia que se adapta perfectamente a varios tama\u00f1os de pantalla, y una funci\u00f3n de b\u00fasqueda inmensamente poderosa que garantiza que pueda ubicar sin esfuerzo precisamente lo que necesita. Ya sea que sea el propietario de un negocio a peque\u00f1a escala o una entidad corporativa Titanic, el tema CODZ est\u00e1 garantizado para equiparlo con las herramientas necesarias para optimizar y optimizar sus operaciones de TI, lo que le permite superar a sus competidores con facilidad. Con su software robusto y resistente junto con su experiencia en el \u00e1mbito de los servicios de TI, este tema est\u00e1 listo para elevar su negocio a alturas sin precedentes y impulsarlo a un \u00e1mbito de \u00e9xito incomparable.<\/p>\n<ul>\n<li>Un dise\u00f1o de tema profesional y moderno para sitios web de software y servicios de TI<\/li>\n<li>Dise\u00f1o vers\u00e1til que se puede personalizar f\u00e1cilmente de acuerdo con las preferencias de su marca<\/li>\n<li>Dise\u00f1o totalmente receptivo para garantizar que su sitio web se vea genial en todos los dispositivos<\/li>\n<li>M\u00faltiples plantillas de p\u00e1gina, incluidos servicios, sobre nosotros, cartera y p\u00e1ginas de contacto<\/li>\n<li>Integraci\u00f3n de redes sociales incorporadas para un f\u00e1cil intercambio y promoci\u00f3n del contenido<\/li>\n<li>Optimizaci\u00f3n de motores de b\u00fasqueda (SEO) amigable<\/li>\n<li>Compatible con complementos populares de WordPress<\/li>\n<li>Panel de control de backend f\u00e1cil de usar con opciones de personalizaci\u00f3n en vivo<\/li>\n<li>Actualizaciones de por vida y soporte del software CODZ para garantizar la estabilidad y la funcionalidad.<\/li>\n<\/ul>\n","protected":false},"excerpt":{"rendered":"<p>Sum\u00e9rjase en el mundo de la tecnolog\u00eda con el software CODZ y el tema de los servicios de TI. Dise\u00f1ado para personas y empresas expertos en tecnolog\u00eda, esta soluci\u00f3n integral de software ofrece una amplia gama de servicios de TI. Desde el dise\u00f1o del sitio web hasta el an\u00e1lisis de datos, CODZ es su socio de confianza para navegar por el panorama digital.<\/p>\n<p>Nuestro tema es totalmente receptivo y compatible con m\u00faltiples dispositivos, proporcionando una experiencia de usuario perfecta, ya sea que est\u00e9 en un escritorio o dispositivo m\u00f3vil. Est\u00e1 lleno de caracter\u00edsticas personalizables, lo que le permite adaptar su entorno digital a sus necesidades espec\u00edficas.<\/p>\n<p>Codz tambi\u00e9n incluye una funci\u00f3n de optimizaci\u00f3n de SEO incorporada, asegurando que su sitio web se ubique en alto en los resultados de los motores de b\u00fasqueda y llega a un p\u00fablico m\u00e1s amplio. Adem\u00e1s, con nuestras medidas de seguridad avanzadas, sus datos siempre est\u00e1n protegidos.<\/p>\n<p>Pero no se trata solo de caracter\u00edsticas. El tema Codz tambi\u00e9n ofrece un dise\u00f1o visualmente atractivo, con est\u00e9tica moderna y una interfaz intuitiva que es f\u00e1cil de navegar. Est\u00e1 dise\u00f1ado para mantener a los usuarios comprometidos, aumentando la probabilidad de conversi\u00f3n y aumentar su presencia en l\u00ednea.<\/p>\n<p>Adem\u00e1s,<\/p>\n","protected":false},"featured_media":165640,"comment_status":"open","ping_status":"open","template":"","meta":[],"product_brand":[2337],"product_cat":[1307,1237,1238],"product_tag":[1391],"class_list":{"0":"post-112660","1":"product","2":"type-product","3":"status-publish","4":"has-post-thumbnail","6":"product_brand-themeforest","7":"product_cat-negocio-wordpress-temas","8":"product_cat-temas","9":"product_cat-wordpress-temas","10":"product_tag-themeforest","11":"member-discount","12":"discount-restricted","14":"first","15":"instock","16":"sale","17":"downloadable","18":"virtual","19":"sold-individually","20":"purchasable","21":"product-type-simple"},"_links":{"self":[{"href":"https:\/\/gpl-love.com\/es\/wp-json\/wp\/v2\/product\/112660","targetHints":{"allow":["GET"]}}],"collection":[{"href":"https:\/\/gpl-love.com\/es\/wp-json\/wp\/v2\/product"}],"about":[{"href":"https:\/\/gpl-love.com\/es\/wp-json\/wp\/v2\/types\/product"}],"replies":[{"embeddable":true,"href":"https:\/\/gpl-love.com\/es\/wp-json\/wp\/v2\/comments?post=112660"}],"wp:featuredmedia":[{"embeddable":true,"href":"https:\/\/gpl-love.com\/es\/wp-json\/wp\/v2\/media\/165640"}],"wp:attachment":[{"href":"https:\/\/gpl-love.com\/es\/wp-json\/wp\/v2\/media?parent=112660"}],"wp:term":[{"taxonomy":"product_brand","embeddable":true,"href":"https:\/\/gpl-love.com\/es\/wp-json\/wp\/v2\/product_brand?post=112660"},{"taxonomy":"product_cat","embeddable":true,"href":"https:\/\/gpl-love.com\/es\/wp-json\/wp\/v2\/product_cat?post=112660"},{"taxonomy":"product_tag","embeddable":true,"href":"https:\/\/gpl-love.com\/es\/wp-json\/wp\/v2\/product_tag?post=112660"}],"curies":[{"name":"wp","href":"https:\/\/api.w.org\/{rel}","templated":true}]}}