{"id":112658,"date":"2021-04-16T00:00:00","date_gmt":"2021-04-16T05:00:00","guid":{"rendered":"http:\/\/gpl-love.com\/es\/producto\/a-studio-interior-design-y-architecture-wordpress-tema\/"},"modified":"2026-03-13T17:15:11","modified_gmt":"2026-03-13T22:15:11","slug":"a-studio-interior-design-y-architecture-wordpress-tema","status":"publish","type":"product","link":"https:\/\/gpl-love.com\/es\/producto\/a-studio-interior-design-y-architecture-wordpress-tema\/","title":{"rendered":"A Studio Interior Design y Architecture WordPress Theme 1.2.2"},"content":{"rendered":"<h3>A Studio Interior Design y Architecture WordPress Theme Caracteristicas<\/h3>\n<p>\u00bfEst\u00e1 buscando un tema de WordPress que exude elegancia y profesionalismo para su dise\u00f1o de interiores o estudio de arquitectura? No busque m\u00e1s que el notable dise\u00f1o de interiores de estudio y el tema de la arquitectura de WordPress. Este tema exquisitamente dise\u00f1ado y cautivador visualmente se ha adaptado exclusivamente para satisfacer las necesidades de dise\u00f1adores y arquitectos profesionales. Cuenta con una gran cantidad de caracter\u00edsticas y opciones de personalizaci\u00f3n que simplemente no tienen paralelo, por lo que es la opci\u00f3n ideal para exhibir su trabajo excepcional y cautivadores de clientes potenciales. Con un dise\u00f1o que se adapta perfectamente a cualquier tama\u00f1o de pantalla, una variedad de potentes opciones de temas a su alcance y una extensa colecci\u00f3n de plantillas y widgets predise\u00f1ados, este tema supera todas las expectativas. Sin duda, es la soluci\u00f3n perfecta para las personas que anhelan crear un sitio web impresionante para su estimado negocio de dise\u00f1o o arquitectura. Independientemente de si posee experiencia experimentada en el campo o si se est\u00e1 embarcando en su viaje profesional, el dise\u00f1o de interiores de estudio y el tema de la arquitectura de WordPress poseen todas las herramientas esenciales necesarias para crear un sitio web visualmente impresionante y altamente funcional. Esta plataforma impecable sin duda facilitar\u00e1 el crecimiento de su negocio y proporcionar\u00e1 un medio para mostrar sus talentos excepcionales al mundo.<\/p>\n<ul>\n<li>Dise\u00f1o de interiores de estudio dise\u00f1ado profesionalmente y tema de arquitectura<\/li>\n<li>Dise\u00f1o totalmente personalizable con un constructor de p\u00e1ginas de arrastrar y soltar<\/li>\n<li>Varias plantillas preconstruidas para una f\u00e1cil configuraci\u00f3n del sitio web<\/li>\n<li>Panel de opciones de tema avanzado para la personalizaci\u00f3n definitiva<\/li>\n<li>Dise\u00f1o receptivo que se adapta a todos los dispositivos<\/li>\n<li>Integrado con WooCommerce para una f\u00e1cil funcionalidad de comercio electr\u00f3nico<\/li>\n<li>Documentaci\u00f3n y soporte extenso para una f\u00e1cil configuraci\u00f3n y mantenimiento<\/li>\n<li>SEO optimizado para una mejor clasificaci\u00f3n de motores de b\u00fasqueda<\/li>\n<li>Im\u00e1genes y gr\u00e1ficos de alta resoluci\u00f3n para un sitio web visualmente impresionante<\/li>\n<li>Navegador cruzado compatible para el m\u00e1ximo alcance<\/li>\n<li>Construido con c\u00f3digo limpio y optimizado para la m\u00e1xima velocidad del sitio<\/li>\n<li>Actualizaciones regulares para garantizar la m\u00e1xima compatibilidad con WordPress y otros complementos.<\/li>\n<\/ul>\n","protected":false},"excerpt":{"rendered":"<p>El tema de entrada de WordPress es una excelente selecci\u00f3n para aquellos en la industria del dise\u00f1o de interiores y la arquitectura que buscan temas elegantes de WordPress para arquitectos y elegantes temas de WordPress para dise\u00f1adores de interiores. El tema de WordPress de dise\u00f1o contempor\u00e1neo permite a los profesionales mostrar su trabajo de una manera moderna y atractiva.<\/p>\n<p>Sus temas de WordPress de dise\u00f1o minimalista abarcan una variedad de temas personalizables de WordPress para profesionales. Desde el dise\u00f1o de la galer\u00eda de temas de WordPress hasta los temas \u00fanicos de WordPress y los temas de WordPress Opciones de WordPress, ofrece una gran cantidad de personalizaciones. Esto le permite crear una presencia en l\u00ednea \u00fanica con WordPress que realmente refleje su marca.<\/p>\n<p>El tema de entrada se desarrolla con la experiencia del usuario en mente, lo que lo convierte en un tema de WordPress f\u00e1cil de usar. Su dise\u00f1o receptivo garantiza que su sitio web mantenga su atractivo visual en todos los dispositivos, por lo que es un tema receptivo de WordPress para los arquitectos.<\/p>\n<p>Ya sea que lo est\u00e9 utilizando para la cartera que exhibe temas de WordPress, que promueve los temas de WordPress o dise\u00f1e informaci\u00f3n compartiendo temas de WordPress, el tema de WordPress de entrada proporciona una plataforma refinada y sofisticada temas de WordPress. Tanto usted como sus clientes seguramente adorar\u00e1n esta marca reflexiva<\/p>\n","protected":false},"featured_media":165244,"comment_status":"open","ping_status":"open","template":"","meta":[],"product_brand":[2337],"product_cat":[1267,1237,1238],"product_tag":[1391],"class_list":{"0":"post-112658","1":"product","2":"type-product","3":"status-publish","4":"has-post-thumbnail","6":"product_brand-themeforest","7":"product_cat-creativo","8":"product_cat-temas","9":"product_cat-wordpress-temas","10":"product_tag-themeforest","11":"member-discount","12":"discount-restricted","14":"first","15":"instock","16":"sale","17":"downloadable","18":"virtual","19":"sold-individually","20":"purchasable","21":"product-type-simple"},"_links":{"self":[{"href":"https:\/\/gpl-love.com\/es\/wp-json\/wp\/v2\/product\/112658","targetHints":{"allow":["GET"]}}],"collection":[{"href":"https:\/\/gpl-love.com\/es\/wp-json\/wp\/v2\/product"}],"about":[{"href":"https:\/\/gpl-love.com\/es\/wp-json\/wp\/v2\/types\/product"}],"replies":[{"embeddable":true,"href":"https:\/\/gpl-love.com\/es\/wp-json\/wp\/v2\/comments?post=112658"}],"wp:featuredmedia":[{"embeddable":true,"href":"https:\/\/gpl-love.com\/es\/wp-json\/wp\/v2\/media\/165244"}],"wp:attachment":[{"href":"https:\/\/gpl-love.com\/es\/wp-json\/wp\/v2\/media?parent=112658"}],"wp:term":[{"taxonomy":"product_brand","embeddable":true,"href":"https:\/\/gpl-love.com\/es\/wp-json\/wp\/v2\/product_brand?post=112658"},{"taxonomy":"product_cat","embeddable":true,"href":"https:\/\/gpl-love.com\/es\/wp-json\/wp\/v2\/product_cat?post=112658"},{"taxonomy":"product_tag","embeddable":true,"href":"https:\/\/gpl-love.com\/es\/wp-json\/wp\/v2\/product_tag?post=112658"}],"curies":[{"name":"wp","href":"https:\/\/api.w.org\/{rel}","templated":true}]}}