{"id":112656,"date":"2025-10-28T00:00:00","date_gmt":"2025-10-28T05:00:00","guid":{"rendered":"http:\/\/gpl-love.com\/es\/producto\/findgo-directory-y-listing-wordpress-tema\/"},"modified":"2026-03-13T17:20:50","modified_gmt":"2026-03-13T22:20:50","slug":"findgo-directory-y-listing-wordpress-tema","status":"publish","type":"product","link":"https:\/\/gpl-love.com\/es\/producto\/findgo-directory-y-listing-wordpress-tema\/","title":{"rendered":"Findgo Directory y Listing WordPress Theme 1.3.62"},"content":{"rendered":"<h3>Findgo Directory y Listing WordPress Theme Caracteristicas<\/h3>\n<p>Findgo Directorio y Listado WordPress El tema es un tema de WordPress extremadamente funcional y vers\u00e1til que se ha dise\u00f1ado expl\u00edcitamente para los sitios web de directorio y listado. Con su extensa gama de caracter\u00edsticas avanzadas y un dise\u00f1o incre\u00edblemente flexible, este tema faculta a los usuarios generar y supervisar sin esfuerzo una variedad diversa de listados de directorio, que abarca una amplia gama de negocios, atracciones tur\u00edsticas, eventos y mucho m\u00e1s. El tema tambi\u00e9n proporciona a los usuarios capacidades formidables de b\u00fasqueda y filtrado, facilitando as\u00ed la adquisici\u00f3n perfecta de la informaci\u00f3n deseada de manera r\u00e1pida y eficiente. Adem\u00e1s, Findgo cuenta con un grado excepcional de personalizaci\u00f3n, ya que proporciona a los usuarios una variedad de opciones de dise\u00f1o y herramientas de personalizaci\u00f3n que permiten la creaci\u00f3n de un sitio web verdaderamente \u00fanico y visualmente cautivador que se alinea impecablemente con sus requisitos individuales. Ya sea que las aspiraciones de un individuo giren en torno al establecimiento de un sitio web de directorio que lo abarca o un sitio de listado espec\u00edfico de nicho, el directorio de Findgo y el tema de WordPress de WordPress se destacan inequ\u00edvocamente como la opci\u00f3n definitiva y \u00f3ptima.<\/p>\n<ul>\n<li>Directorio y listado altamente personalizable Tema de WordPress<\/li>\n<li>Compatible con la \u00faltima versi\u00f3n de WordPress<\/li>\n<li>Admite categor\u00edas y ubicaciones ilimitadas para listados<\/li>\n<li>Constructor de p\u00e1gina de arrastrar y soltar f\u00e1ciles de usar<\/li>\n<li>Dise\u00f1o de respuesta m\u00f3vil para una visualizaci\u00f3n \u00f3ptima en cualquier dispositivo<\/li>\n<li>Integrado con Google Maps para b\u00fasquedas basadas en la ubicaci\u00f3n<\/li>\n<li>Ofrece opciones de precios flexibles para listados destacados<\/li>\n<li>Incluye una poderosa funcionalidad de b\u00fasqueda para que los usuarios encuentren listados espec\u00edficos<\/li>\n<li>Soporte de varios idiomas para uso global<\/li>\n<li>Proporciona m\u00faltiples opciones de pasarela de pago para listados pagados<\/li>\n<li>Viene con m\u00faltiples estilos y demostraciones predise\u00f1adas para una configuraci\u00f3n r\u00e1pida<\/li>\n<li>Ofrece una excelente atenci\u00f3n al cliente y documentaci\u00f3n.<\/li>\n<\/ul>\n","protected":false},"excerpt":{"rendered":"<p>Presentando el impresionante directorio de Findgo y el tema de WordPress de WordPress, que presenta la soluci\u00f3n definitiva para satisfacer todas las necesidades del sitio web de su directorio y listado. Este tema excepcional abarca un dise\u00f1o contempor\u00e1neo y elegante, lo que brinda una experiencia de usuario perfecta tanto para los propietarios de sitios web como para los visitantes. En particular, cuenta con una variedad de opciones de personalizaci\u00f3n que est\u00e1n destinadas a impresionar, incluida una gran cantidad de m\u00faltiples dise\u00f1os de encabezado y pie de p\u00e1gina, una abundancia de esquemas de color llamativos y una variedad diversa de widgets que le permiten mostrar listados de manera efectiva, publicaciones de blog y publicaciones de blogs Una variedad de otros tipos de contenido. Adem\u00e1s, es significativo tener en cuenta que Findgo no solo es completamente receptivo, sino que tambi\u00e9n es meticulosamente optimizado para los motores de b\u00fasqueda, lo que garantiza que su sitio web obtenga una audiencia expansiva. Con Findgo a su disposici\u00f3n, creando y administrando los directorios sin esfuerzo adaptados a una amplia gama de nichos, que abarca, entre otros, restaurantes, hoteles, bienes ra\u00edces y mucho m\u00e1s, se convierte en una realidad alcanzable. Desatara el potencial de su directorio o sitio web de listado adquiriendo el prestigioso directorio Findgo y enumerando el tema de WordPress y lo impulse a alturas insondables.<\/p>\n","protected":false},"featured_media":166108,"comment_status":"open","ping_status":"open","template":"","meta":[],"product_brand":[2337],"product_cat":[1267,1237,1238],"product_tag":[1391],"class_list":{"0":"post-112656","1":"product","2":"type-product","3":"status-publish","4":"has-post-thumbnail","6":"product_brand-themeforest","7":"product_cat-creativo","8":"product_cat-temas","9":"product_cat-wordpress-temas","10":"product_tag-themeforest","11":"member-discount","12":"discount-restricted","14":"first","15":"instock","16":"sale","17":"downloadable","18":"virtual","19":"sold-individually","20":"purchasable","21":"product-type-simple"},"_links":{"self":[{"href":"https:\/\/gpl-love.com\/es\/wp-json\/wp\/v2\/product\/112656","targetHints":{"allow":["GET"]}}],"collection":[{"href":"https:\/\/gpl-love.com\/es\/wp-json\/wp\/v2\/product"}],"about":[{"href":"https:\/\/gpl-love.com\/es\/wp-json\/wp\/v2\/types\/product"}],"replies":[{"embeddable":true,"href":"https:\/\/gpl-love.com\/es\/wp-json\/wp\/v2\/comments?post=112656"}],"wp:featuredmedia":[{"embeddable":true,"href":"https:\/\/gpl-love.com\/es\/wp-json\/wp\/v2\/media\/166108"}],"wp:attachment":[{"href":"https:\/\/gpl-love.com\/es\/wp-json\/wp\/v2\/media?parent=112656"}],"wp:term":[{"taxonomy":"product_brand","embeddable":true,"href":"https:\/\/gpl-love.com\/es\/wp-json\/wp\/v2\/product_brand?post=112656"},{"taxonomy":"product_cat","embeddable":true,"href":"https:\/\/gpl-love.com\/es\/wp-json\/wp\/v2\/product_cat?post=112656"},{"taxonomy":"product_tag","embeddable":true,"href":"https:\/\/gpl-love.com\/es\/wp-json\/wp\/v2\/product_tag?post=112656"}],"curies":[{"name":"wp","href":"https:\/\/api.w.org\/{rel}","templated":true}]}}