{"id":112652,"date":"2024-02-05T00:00:00","date_gmt":"2024-02-05T05:00:00","guid":{"rendered":"http:\/\/gpl-love.com\/es\/producto\/famita-minimalist-woocommerce-wordpress-tema\/"},"modified":"2026-03-13T17:20:45","modified_gmt":"2026-03-13T22:20:45","slug":"famita-minimalist-woocommerce-wordpress-tema","status":"publish","type":"product","link":"https:\/\/gpl-love.com\/es\/producto\/famita-minimalist-woocommerce-wordpress-tema\/","title":{"rendered":"Famita Minimalist WooCommerce WordPress Theme 1.40"},"content":{"rendered":"<h3>Famita Minimalist WooCommerce WordPress Theme Caracteristicas<\/h3>\n<p>El tema Minimalista de WordPress de WooCommerce de Famita es un tema altamente de moda y contempor\u00e1neo dise\u00f1ado con la intenci\u00f3n espec\u00edfica de satisfacer las necesidades y requisitos de WooCommerce. Este tema es particularmente adecuado para los comerciantes que anhelan establecer una tienda en l\u00ednea que no solo se jacta de ser f\u00e1cil de usar, sino que tambi\u00e9n es visualmente cautivador. Con su dise\u00f1o elegante y discreto, as\u00ed como su dise\u00f1o ordenado, Famita demuestra ser la mejor opci\u00f3n para las personas que desean exhibir sus productos de la manera m\u00e1s refinada y elegante. Adem\u00e1s, este tema ofrece una extensa variedad de caracter\u00edsticas que facilitan la personalizaci\u00f3n perfecta y la configuraci\u00f3n sin esfuerzo, que incluye la disponibilidad de widgets personalizables, opciones de temas avanzados y un constructor de p\u00e1ginas de arrastrar y soltar excepcionalmente robusto. Independientemente de si usted es un proveedor en l\u00ednea experimentado o un individuo que acaba de embarcarse en este viaje, Famita simplificar\u00e1 indudablemente el proceso de elaboraci\u00f3n de una tienda en l\u00ednea exquisita y altamente funcional que seguramente dejar\u00e1 una impresi\u00f3n indeleble en su estimada clientela.<\/p>\n<ul>\n<li>Dise\u00f1o limpio y moderno<\/li>\n<li>Dise\u00f1o receptivo que se adapta a una variedad de dispositivos<\/li>\n<li>Integraci\u00f3n de WooCommerce para una f\u00e1cil configuraci\u00f3n de comercio electr\u00f3nico<\/li>\n<li>M\u00faltiples dise\u00f1os de p\u00e1gina de inicio y p\u00e1gina interior para elegir<\/li>\n<li>Tipograf\u00eda personalizable y opciones de color<\/li>\n<li>El complemento Slider Revolution incluido para impresionantes presentaciones visuales<\/li>\n<li>Funci\u00f3n de zoom de productos incorporado para una experiencia de usuario mejorada<\/li>\n<li>SEO optimizado para una mejor visibilidad en las p\u00e1ginas de resultados del motor de b\u00fasqueda<\/li>\n<li>Importaci\u00f3n de demostraci\u00f3n de un solo clic para una configuraci\u00f3n r\u00e1pida y f\u00e1cil<\/li>\n<li>Actualizaciones regulares y soporte dedicado de los desarrolladores de temas<\/li>\n<\/ul>\n","protected":false},"excerpt":{"rendered":"<p>Estamos encantados de presentarle el tema Minimalista de WordPress de WooCommerce Famita. Este notable tema encarna la esencia de la elegancia, la modernidad y la facilidad de uso, todo cuidadosamente incorporado para mejorar el atractivo general de su tienda en l\u00ednea. Con su dise\u00f1o minimalista y elegante, este tema garantiza una experiencia de compra sin esfuerzo y perfecta para sus estimados clientes, cortes\u00eda de su navegaci\u00f3n f\u00e1cil de usar y acceso acelerado a todos sus estimados productos. La versatilidad que ofrece el tema Famita es simplemente incomparable, ya que facilita la personalizaci\u00f3n completa, asegurando as\u00ed que su sitio web exude su identidad de marca distintiva. Adem\u00e1s, su compatibilidad completa con WooCommerce hace que el proceso de configurar su tienda en l\u00ednea sea muy f\u00e1cil, lo que le permite comenzar a vender sus productos excepcionales sin ning\u00fan retraso. Para concluir, si est\u00e1 buscando establecer un sitio web de comercio electr\u00f3nico visualmente cautivador y orientado profesionalmente, el tema de WordPress de WooCommerce de Famita es la opci\u00f3n perfecta para usted.<\/p>\n","protected":false},"featured_media":166091,"comment_status":"open","ping_status":"open","template":"","meta":[],"product_brand":[2337],"product_cat":[1263,1469,1237],"product_tag":[1391],"class_list":{"0":"post-112652","1":"product","2":"type-product","3":"status-publish","4":"has-post-thumbnail","6":"product_brand-themeforest","7":"product_cat-comercio-electronico-temas","8":"product_cat-creativo-comercio-electronico-temas","9":"product_cat-temas","10":"product_tag-themeforest","11":"member-discount","12":"discount-restricted","14":"first","15":"instock","16":"sale","17":"downloadable","18":"virtual","19":"sold-individually","20":"purchasable","21":"product-type-simple"},"_links":{"self":[{"href":"https:\/\/gpl-love.com\/es\/wp-json\/wp\/v2\/product\/112652","targetHints":{"allow":["GET"]}}],"collection":[{"href":"https:\/\/gpl-love.com\/es\/wp-json\/wp\/v2\/product"}],"about":[{"href":"https:\/\/gpl-love.com\/es\/wp-json\/wp\/v2\/types\/product"}],"replies":[{"embeddable":true,"href":"https:\/\/gpl-love.com\/es\/wp-json\/wp\/v2\/comments?post=112652"}],"wp:featuredmedia":[{"embeddable":true,"href":"https:\/\/gpl-love.com\/es\/wp-json\/wp\/v2\/media\/166091"}],"wp:attachment":[{"href":"https:\/\/gpl-love.com\/es\/wp-json\/wp\/v2\/media?parent=112652"}],"wp:term":[{"taxonomy":"product_brand","embeddable":true,"href":"https:\/\/gpl-love.com\/es\/wp-json\/wp\/v2\/product_brand?post=112652"},{"taxonomy":"product_cat","embeddable":true,"href":"https:\/\/gpl-love.com\/es\/wp-json\/wp\/v2\/product_cat?post=112652"},{"taxonomy":"product_tag","embeddable":true,"href":"https:\/\/gpl-love.com\/es\/wp-json\/wp\/v2\/product_tag?post=112652"}],"curies":[{"name":"wp","href":"https:\/\/api.w.org\/{rel}","templated":true}]}}