{"id":112650,"date":"2025-09-11T00:00:00","date_gmt":"2025-09-11T05:00:00","guid":{"rendered":"http:\/\/gpl-love.com\/es\/producto\/digitax-seo-y-digital-marketing-agency-wordpress-tema\/"},"modified":"2026-03-13T17:19:14","modified_gmt":"2026-03-13T22:19:14","slug":"digitax-seo-y-digital-marketing-agency-wordpress-tema","status":"publish","type":"product","link":"https:\/\/gpl-love.com\/es\/producto\/digitax-seo-y-digital-marketing-agency-wordpress-tema\/","title":{"rendered":"Digitax SEO y Digital Marketing Agency WordPress Theme 1.2.1"},"content":{"rendered":"<h3>Digitax SEO y Digital Marketing Agency WordPress Theme Caracteristicas<\/h3>\n<p>Digitax es un tema excepcional de SEO y marketing digital WordPress que ha sido meticulosamente elaborado para ayudar a las empresas a establecer una presencia en l\u00ednea formidable e influyente. Con un nivel incomparable de personalizaci\u00f3n y capacidad de respuesta, este tema ofrece una amplia gama de caracter\u00edsticas y opciones, lo que permite a las empresas mostrar efectivamente sus servicios y demostrar sus capacidades. Adem\u00e1s, este tema ha sido astutamente optimizado para los motores de b\u00fasqueda, asegurando as\u00ed que las empresas puedan ascender sin esfuerzo en las b\u00fasquedas en l\u00ednea. En particular, Digitax tambi\u00e9n abarca una amplia gama de herramientas de marketing digital, que abarca funcionalidades invaluables, como la integraci\u00f3n de marketing por correo electr\u00f3nico sin problemas y el intercambio de redes sociales perfectas, facilitando as\u00ed a las empresas para forjar conexiones significativas con su codiciado p\u00fablico objetivo. En general, Digitax personifica un tema integral y formidable que permite a las empresas construir y ejecutar una estrategia de marketing en l\u00ednea rotunda con la mayor eficacia.<\/p>\n<ul>\n<li>Digitax es un tema de WordPress altamente profesional y totalmente receptivo dise\u00f1ado espec\u00edficamente para las agencias de marketing digital y SEO.<\/li>\n<li>Con su dise\u00f1o moderno y limpio, Digitax es f\u00e1cil de personalizar y proporciona una gran experiencia de usuario tanto para clientes como para visitantes.<\/li>\n<li>El tema est\u00e1 lleno de caracter\u00edsticas que lo hacen perfecto para cualquier agencia de marketing digital, incluida una secci\u00f3n de cartera, p\u00e1gina de miembros del equipo y secci\u00f3n de testimonios.<\/li>\n<li>Digitax tambi\u00e9n incluye potentes herramientas de SEO que ayudan a su agencia a clasificarse m\u00e1s alto en los motores de b\u00fasqueda y atraer m\u00e1s tr\u00e1fico a su sitio.<\/li>\n<li>La instalaci\u00f3n de demostraci\u00f3n de un solo clic asegura que pueda ponerse en funcionamiento r\u00e1pidamente, mientras que la documentaci\u00f3n extensa y la atenci\u00f3n al cliente se aseguran de tener la ayuda que necesita.<\/li>\n<li>El tema est\u00e1 dise\u00f1ado para funcionar a la perfecci\u00f3n con complementos populares de WordPress como Yoast SEO y Contact Form 7, lo que facilita la integraci\u00f3n con sus flujos de trabajo existentes.<\/li>\n<li>Digitax incluye una gama de complementos premium, que incluyen Slider Revolution y Visual Composer, lo que le permite crear contenido muy atractivo que impulse las conversiones.<\/li>\n<li>Ya sea que sea una agencia establecida o que simplemente comience, Digitax es el tema perfecto de WordPress para llevar su presencia en l\u00ednea al siguiente nivel.<\/li>\n<\/ul>\n","protected":false},"excerpt":{"rendered":"<p>Experimente el poder del tema Digitax SEO y la agencia de marketing digital WordPress, dise\u00f1ado para ayudar a su negocio a alcanzar nuevas alturas. Este tema moderno y profesional es perfecto para agencias de SEO, compa\u00f1\u00edas de marketing digital, vendedores de redes sociales y cualquier otro negocio relacionado. Digitax no solo es visualmente atractivo, sino que tambi\u00e9n est\u00e1 lleno de caracter\u00edsticas avanzadas como dise\u00f1o amigable con SEO, dise\u00f1o receptivo, velocidad de carga r\u00e1pida y f\u00e1cil personalizaci\u00f3n.<\/p>\n<p>Este tema de WordPress tambi\u00e9n viene con demostraciones prefabricadas, ahorr\u00e1ndole tiempo y esfuerzo en la construcci\u00f3n de su sitio web. Su interfaz intuitiva y f\u00e1cil de usar garantiza una navegaci\u00f3n perfecta, mejorando la experiencia del usuario. Adem\u00e1s, nuestro equipo de servicio al cliente dedicado siempre est\u00e1 listo para ayudarlo cuando necesite ayuda. Digitax es una soluci\u00f3n confiable, eficiente y efectiva para sus necesidades de marketing digital. Con Digitax, puede llevar su presencia en l\u00ednea al siguiente nivel.<\/p>\n","protected":false},"featured_media":165770,"comment_status":"open","ping_status":"open","template":"","meta":[],"product_brand":[2337],"product_cat":[1267,1237,1238],"product_tag":[1391],"class_list":{"0":"post-112650","1":"product","2":"type-product","3":"status-publish","4":"has-post-thumbnail","6":"product_brand-themeforest","7":"product_cat-creativo","8":"product_cat-temas","9":"product_cat-wordpress-temas","10":"product_tag-themeforest","11":"member-discount","12":"discount-restricted","14":"first","15":"instock","16":"sale","17":"downloadable","18":"virtual","19":"sold-individually","20":"purchasable","21":"product-type-simple"},"_links":{"self":[{"href":"https:\/\/gpl-love.com\/es\/wp-json\/wp\/v2\/product\/112650","targetHints":{"allow":["GET"]}}],"collection":[{"href":"https:\/\/gpl-love.com\/es\/wp-json\/wp\/v2\/product"}],"about":[{"href":"https:\/\/gpl-love.com\/es\/wp-json\/wp\/v2\/types\/product"}],"replies":[{"embeddable":true,"href":"https:\/\/gpl-love.com\/es\/wp-json\/wp\/v2\/comments?post=112650"}],"wp:featuredmedia":[{"embeddable":true,"href":"https:\/\/gpl-love.com\/es\/wp-json\/wp\/v2\/media\/165770"}],"wp:attachment":[{"href":"https:\/\/gpl-love.com\/es\/wp-json\/wp\/v2\/media?parent=112650"}],"wp:term":[{"taxonomy":"product_brand","embeddable":true,"href":"https:\/\/gpl-love.com\/es\/wp-json\/wp\/v2\/product_brand?post=112650"},{"taxonomy":"product_cat","embeddable":true,"href":"https:\/\/gpl-love.com\/es\/wp-json\/wp\/v2\/product_cat?post=112650"},{"taxonomy":"product_tag","embeddable":true,"href":"https:\/\/gpl-love.com\/es\/wp-json\/wp\/v2\/product_tag?post=112650"}],"curies":[{"name":"wp","href":"https:\/\/api.w.org\/{rel}","templated":true}]}}