{"id":112648,"date":"2021-05-12T00:00:00","date_gmt":"2021-05-12T05:00:00","guid":{"rendered":"http:\/\/gpl-love.com\/es\/producto\/driving-school-wordpress-tema\/"},"modified":"2026-03-13T17:19:29","modified_gmt":"2026-03-13T22:19:29","slug":"driving-school-wordpress-tema","status":"publish","type":"product","link":"https:\/\/gpl-love.com\/es\/producto\/driving-school-wordpress-tema\/","title":{"rendered":"Driving School WordPress Theme 1.4.9"},"content":{"rendered":"<h3>Driving School WordPress Theme Caracteristicas<\/h3>\n<p>El tema de WordPress de la escuela de manejo cuenta con un dise\u00f1o de vanguardia y receptivo que est\u00e1 hecho a medida para las escuelas de manejo, los instructores de manejo y las academias de conducci\u00f3n por igual. Este tema exuda sofisticaci\u00f3n y profesionalismo, equipado con todas las caracter\u00edsticas y funcionalidades esenciales necesarias para elaborar un sitio web extraordinario e impactante. Con una p\u00e1gina de inicio totalmente personalizable, numerosas opciones de encabezado y pie de p\u00e1gina, y p\u00e1ginas convenientemente preconstruidas que incluyen sobre nosotros, servicios, precios y cont\u00e1ctenos, este tema garantiza la m\u00e1xima flexibilidad y conveniencia. Sin mencionar que la instalaci\u00f3n y la personalizaci\u00f3n son muy f\u00e1ciles, con una mir\u00edada de opciones de personalizaci\u00f3n a su disposici\u00f3n, como esquemas de color, fuentes y fondos. Asegurando una adaptabilidad perfecta en todos los dispositivos, este tema es totalmente receptivo, lo que garantiza un sitio web est\u00e9ticamente agradable, independientemente del dispositivo en el que se acceda. Adem\u00e1s, est\u00e1 optimizado por expertos para los motores de b\u00fasqueda, lo que le permite mejorar la visibilidad de su sitio web y extender su alcance. Con sus caracter\u00edsticas y funcionalidades inigualables, el tema de WordPress de la escuela de manejo se considera el ep\u00edtome de la excelencia, sirviendo como la mejor opci\u00f3n para aquellos que buscan crear un sitio web pulido e impactante para su estimada escuela de manejo o academia de manejo estimada.<\/p>\n<ul>\n<li>Dise\u00f1o receptivo y moderno adecuado para escuelas de manejo y otras empresas relacionadas<\/li>\n<li>P\u00e1gina de inicio personalizable con funcionalidad de arrastrar y soltar<\/li>\n<li>Sistema de reserva incorporado para programar f\u00e1cilmente las lecciones y citas de conducci\u00f3n<\/li>\n<li>M\u00faltiples plantillas de p\u00e1gina incluidas (sobre, servicios, testimonios, blog y m\u00e1s)<\/li>\n<li>Widgets personalizados para mostrar horarios comerciales, informaci\u00f3n de contacto y enlaces de redes sociales<\/li>\n<li>Dise\u00f1o y codificaci\u00f3n amigable para SEO para una mejor visibilidad del motor de b\u00fasqueda<\/li>\n<li>Traducci\u00f3n lista para sitios web multiling\u00fces<\/li>\n<li>Compatible con complementos populares de WordPress, como yoast SEO y el formulario de contacto 7<\/li>\n<li>Panel de opciones de temas f\u00e1ciles de usar para personalizar colores, fuentes y m\u00e1s<\/li>\n<li>Soporte dedicado y documentaci\u00f3n extensa incluida.<\/li>\n<\/ul>\n","protected":false},"excerpt":{"rendered":"<p>Nuestro tema de WordPress de la escuela de manejo es una soluci\u00f3n integral para escuelas de conducci\u00f3n y tr\u00e1fico, institutos de capacitaci\u00f3n para autom\u00f3viles y cursos de manejo en l\u00ednea. Viene con un dise\u00f1o totalmente receptivo, asegurando que su sitio se vea perfecto en todos los dispositivos. El tema ofrece un panel de administraci\u00f3n f\u00e1cil de usar, tipos de publicaciones personalizadas y muchos widgets para agregar funcionalidad. Con su naturaleza amigable para SEO, su sitio web se ubicar\u00e1 m\u00e1s alto en los motores de b\u00fasqueda. Tambi\u00e9n es compatible con WooCommerce, lo que le permite vender accesorios para autom\u00f3viles o paquetes de cursos de conducci\u00f3n directamente desde su sitio. Adem\u00e1s, con el soporte de varios idiomas de nuestro tema, puede llegar a un p\u00fablico m\u00e1s amplio. Nuestro tema de WordPress de la escuela de manejo no solo es visualmente atractivo sino tambi\u00e9n altamente eficiente y f\u00e1cil de usar. Ayuda a crear una presencia en l\u00ednea impactante, atraer a m\u00e1s estudiantes e impulsar el crecimiento de su negocio.<\/p>\n","protected":false},"featured_media":165824,"comment_status":"open","ping_status":"open","template":"","meta":[],"product_brand":[2337],"product_cat":[1307,1237,1238],"product_tag":[1391],"class_list":{"0":"post-112648","1":"product","2":"type-product","3":"status-publish","4":"has-post-thumbnail","6":"product_brand-themeforest","7":"product_cat-negocio-wordpress-temas","8":"product_cat-temas","9":"product_cat-wordpress-temas","10":"product_tag-themeforest","11":"member-discount","12":"discount-restricted","14":"first","15":"instock","16":"sale","17":"downloadable","18":"virtual","19":"sold-individually","20":"purchasable","21":"product-type-simple"},"_links":{"self":[{"href":"https:\/\/gpl-love.com\/es\/wp-json\/wp\/v2\/product\/112648","targetHints":{"allow":["GET"]}}],"collection":[{"href":"https:\/\/gpl-love.com\/es\/wp-json\/wp\/v2\/product"}],"about":[{"href":"https:\/\/gpl-love.com\/es\/wp-json\/wp\/v2\/types\/product"}],"replies":[{"embeddable":true,"href":"https:\/\/gpl-love.com\/es\/wp-json\/wp\/v2\/comments?post=112648"}],"wp:featuredmedia":[{"embeddable":true,"href":"https:\/\/gpl-love.com\/es\/wp-json\/wp\/v2\/media\/165824"}],"wp:attachment":[{"href":"https:\/\/gpl-love.com\/es\/wp-json\/wp\/v2\/media?parent=112648"}],"wp:term":[{"taxonomy":"product_brand","embeddable":true,"href":"https:\/\/gpl-love.com\/es\/wp-json\/wp\/v2\/product_brand?post=112648"},{"taxonomy":"product_cat","embeddable":true,"href":"https:\/\/gpl-love.com\/es\/wp-json\/wp\/v2\/product_cat?post=112648"},{"taxonomy":"product_tag","embeddable":true,"href":"https:\/\/gpl-love.com\/es\/wp-json\/wp\/v2\/product_tag?post=112648"}],"curies":[{"name":"wp","href":"https:\/\/api.w.org\/{rel}","templated":true}]}}