{"id":112646,"date":"2025-09-19T00:00:00","date_gmt":"2025-09-19T05:00:00","guid":{"rendered":"http:\/\/gpl-love.com\/es\/producto\/wp-membership\/"},"modified":"2026-03-09T08:28:59","modified_gmt":"2026-03-09T13:28:59","slug":"wp-membership","status":"publish","type":"product","link":"https:\/\/gpl-love.com\/es\/producto\/wp-membership\/","title":{"rendered":"WP Membership 1.6.4"},"content":{"rendered":"<h3>WP Membership Caracteristicas<\/h3>\n<p>La membres\u00eda de WP es una herramienta incre\u00edblemente robusta y sofisticada que permite a los usuarios establecer y supervisar los sitios de membres\u00eda en la popular plataforma de WordPress. Esta herramienta innovadora cuenta con una interfaz notablemente intuitiva, lo que permite a las personas configurar r\u00e1pidamente varios niveles de membres\u00eda, restringir efectivamente el acceso a contenido espec\u00edfico basado en los privilegios asociados con cada nivel de membres\u00eda y automatizar sin problemas los procedimientos de registro y pago de miembros. Adem\u00e1s, la membres\u00eda de WP ofrece una amplia gama de opciones de personalizaci\u00f3n que ofrecen a los usuarios la capacidad incomparable de adaptar sus sitios de membres\u00eda precisamente a sus especificaciones \u00fanicas e individualizadas. Ya sea que est\u00e9 buscando monetizar su valioso contenido o cultivar un sitio web pr\u00f3spero e interactivo orientado a la comunidad, la membres\u00eda de WP indudablemente representa la soluci\u00f3n por excelencia que optimiza sin problemas todo el proceso de gesti\u00f3n de membres\u00eda, todo al tiempo que aumenta la experiencia general del usuario para ambos propietarios del sitio y sus propietarios de sitios y su sitio. Miembros apreciados en igual medida.<\/p>\n<ul>\n<li>Opciones de membres\u00eda de varios niveles para clientes<\/li>\n<li>F\u00e1cil gesti\u00f3n de cuentas y privilegios de acceso para miembros<\/li>\n<li>Procesamiento de pagos simplificado con opciones de integraci\u00f3n para PayPal, Stripe y m\u00e1s<\/li>\n<li>Formularios de registro e inicio de sesi\u00f3n personalizables<\/li>\n<li>Informes y an\u00e1lisis integrales para la actividad miembro<\/li>\n<li>Notificaciones de correo electr\u00f3nico automatizadas y recordatorios para el vencimiento y renovaci\u00f3n de la cuenta<\/li>\n<li>Opciones de restricci\u00f3n de contenido flexible para \u00e1reas solo para miembros<\/li>\n<li>Integraci\u00f3n perfecta con complementos y temas populares de WordPress<\/li>\n<li>Actualizaciones regulares y atenci\u00f3n al cliente para un rendimiento \u00f3ptimo y satisfacci\u00f3n del usuario<\/li>\n<\/ul>\n","protected":false},"excerpt":{"rendered":"<p>Si est\u00e1 buscando una soluci\u00f3n robusta para administrar efectivamente un sitio web basado en la membres\u00eda, el complemento de membres\u00eda de WP demuestra ser una herramienta excepcional. Este complemento faculta a los usuarios crear niveles de membres\u00eda personalizados sin esfuerzo, controlar eficientemente el acceso al contenido y manejar sin problemas las cuentas miembros, todas dentro de una interfaz f\u00e1cil de usar. Independientemente de si su objetivo es vender productos digitales o proporcionar cursos en l\u00ednea, la membres\u00eda de WP presenta una soluci\u00f3n ideal para transformar su sitio web de WordPress en una plataforma de membres\u00eda integral y totalmente operativa. Por lo tanto, \u00bfpor qu\u00e9 postergar por m\u00e1s tiempo? \u00a1Tome la iniciativa de cultivar y expandir su comunidad en l\u00ednea adoptando las capacidades incomparables de la membres\u00eda de WP sin demora!<\/p>\n","protected":false},"featured_media":168417,"comment_status":"open","ping_status":"open","template":"","meta":[],"product_brand":[2339],"product_cat":[1325,1206,1211],"product_tag":[1256],"class_list":{"0":"post-112646","1":"product","2":"type-product","3":"status-publish","4":"has-post-thumbnail","6":"product_brand-codecanyon","7":"product_cat-afiliacion","8":"product_cat-plugins","9":"product_cat-wordpress-plugins","10":"product_tag-codecanyon","11":"member-discount","12":"discount-restricted","14":"first","15":"instock","16":"sale","17":"downloadable","18":"virtual","19":"sold-individually","20":"purchasable","21":"product-type-simple"},"_links":{"self":[{"href":"https:\/\/gpl-love.com\/es\/wp-json\/wp\/v2\/product\/112646","targetHints":{"allow":["GET"]}}],"collection":[{"href":"https:\/\/gpl-love.com\/es\/wp-json\/wp\/v2\/product"}],"about":[{"href":"https:\/\/gpl-love.com\/es\/wp-json\/wp\/v2\/types\/product"}],"replies":[{"embeddable":true,"href":"https:\/\/gpl-love.com\/es\/wp-json\/wp\/v2\/comments?post=112646"}],"wp:featuredmedia":[{"embeddable":true,"href":"https:\/\/gpl-love.com\/es\/wp-json\/wp\/v2\/media\/168417"}],"wp:attachment":[{"href":"https:\/\/gpl-love.com\/es\/wp-json\/wp\/v2\/media?parent=112646"}],"wp:term":[{"taxonomy":"product_brand","embeddable":true,"href":"https:\/\/gpl-love.com\/es\/wp-json\/wp\/v2\/product_brand?post=112646"},{"taxonomy":"product_cat","embeddable":true,"href":"https:\/\/gpl-love.com\/es\/wp-json\/wp\/v2\/product_cat?post=112646"},{"taxonomy":"product_tag","embeddable":true,"href":"https:\/\/gpl-love.com\/es\/wp-json\/wp\/v2\/product_tag?post=112646"}],"curies":[{"name":"wp","href":"https:\/\/api.w.org\/{rel}","templated":true}]}}