{"id":112641,"date":"2022-02-20T00:00:00","date_gmt":"2022-02-20T05:00:00","guid":{"rendered":"http:\/\/gpl-love.com\/es\/producto\/woocommerce-product-filter\/"},"modified":"2026-04-10T11:33:19","modified_gmt":"2026-04-10T16:33:19","slug":"woocommerce-product-filter","status":"publish","type":"product","link":"https:\/\/gpl-love.com\/es\/producto\/woocommerce-product-filter\/","title":{"rendered":"WooCommerce Product Filter 8.3.0"},"content":{"rendered":"<h3>WooCommerce Product Filter Caracteristicas<\/h3>\n<p>La utilizaci\u00f3n del filtro de productos de WooCommerce demuestra ser absolutamente indispensable para cualquier persona que opera una tienda en l\u00ednea y desee optimizar su funcionalidad de b\u00fasqueda de productos. Al emplear este notable complemento, los clientes est\u00e1n dotados de la capacidad de ubicar r\u00e1pidamente y sin esfuerzo el producto preciso que buscan mediante una amplia variedad de filtros que abarcan el precio, la categor\u00eda, el color y una variedad de otros criterios. En consecuencia, esto facilita una experiencia de compra m\u00e1s perfecta para el estimado cliente al tiempo que refuerza simult\u00e1neamente las tasas de conversi\u00f3n para el venerable propietario de la tienda. Adem\u00e1s, el complemento ofrece un grado excepcional de personalizaci\u00f3n, lo que brinda a los propietarios de tiendas la prerrogativa para seleccionar qu\u00e9 filtros se exhiben y d\u00f3nde se manifiestan en las p\u00e1ginas de su estimada tienda. En esencia, es un imperativo innegable para cualquier tienda de WooCommerce que aspira a mantener una ventaja competitiva y proporcionar a sus clientes apreciados una experiencia de compra incomparable para incorporar integralmente el inimitable filtro de productos de WooCommerce.<\/p>\n<ul>\n<li>Filtro de manera eficiente los productos en su tienda WooCommerce<\/li>\n<li>Elija entre una gama de opciones de filtro como atributos del producto, rango de precios y categor\u00edas<\/li>\n<li>Simplifique la experiencia de compra para los clientes permiti\u00e9ndoles encontrar r\u00e1pidamente los productos que necesitan<\/li>\n<li>Mejorar la navegaci\u00f3n del sitio web y aumentar la satisfacci\u00f3n del cliente<\/li>\n<li>Compatible con m\u00faltiples temas y complementos de WooCommerce<\/li>\n<li>F\u00e1cil de instalar y usar, con una interfaz f\u00e1cil de usar<\/li>\n<li>Impulse las ventas mostrando productos relevantes a los clientes en funci\u00f3n de sus criterios de b\u00fasqueda<\/li>\n<li>Personalice el dise\u00f1o y el dise\u00f1o del filtro para que se ajuste al estilo de su tienda<\/li>\n<li>Tenga la seguridad de un soporte t\u00e9cnico confiable para cualquier problema o pregunta.<\/li>\n<\/ul>\n","protected":false},"excerpt":{"rendered":"<p>El filtro de productos de WooCommerce sirve como una herramienta incre\u00edblemente robusta y eficaz, instrumental en facilitar el descubrimiento sin esfuerzo y expedito de los art\u00edculos deseados por la estimada clientela en su estimado y estimado emporio virtual basado en WooCommerce. Al emplear este mecanismo de filtrado notablemente vers\u00e1til y mejor personalizable, los clientes est\u00e1n facultados para refinar y reducir juiciosamente sus resultados de b\u00fasqueda de acuerdo con una variedad de criterios meticulosamente seleccionados y meticulosamente delineados, que abarcan pero no limitados al rango de precios, la categor\u00eda de producto, la categor\u00eda de productos, y una mir\u00edada de otros atributos deseables, dot\u00e1ndolos con un nivel incomparable de conveniencia y facilitando su b\u00fasqueda de la mayor satisfacci\u00f3n y gratificaci\u00f3n en el \u00e1mbito de las compras en l\u00ednea. La naturaleza de uso incomparable y la naturaleza intuitiva de este extraordinario sistema de filtrado sin duda culminar\u00e1n en una experiencia de compra amplificada y amplificada, lo que genera en consecuencia un aumento perceptible tanto en ventas como en la satisfacci\u00f3n del cliente. En consecuencia, se hace irrefutablemente evidente que el filtro de productos de WooCommerce representa un activo indispensable e impecable para cualquier empresa en l\u00ednea que alberga un deseo genuino e inquebrantable de aumentar y elevar la experiencia de compra de su querida y exigente clientele.<\/p>\n","protected":false},"featured_media":168224,"comment_status":"open","ping_status":"open","template":"","meta":[],"product_brand":[2339],"product_cat":[1207,1248,1206],"product_tag":[1256],"class_list":{"0":"post-112641","1":"product","2":"type-product","3":"status-publish","4":"has-post-thumbnail","6":"product_brand-codecanyon","7":"product_cat-comercio-electronico-plugins","8":"product_cat-personalizacion-comercio-electronico-plugins","9":"product_cat-plugins","10":"product_tag-codecanyon","11":"member-discount","12":"discount-restricted","14":"first","15":"instock","16":"sale","17":"downloadable","18":"virtual","19":"sold-individually","20":"purchasable","21":"product-type-simple"},"_links":{"self":[{"href":"https:\/\/gpl-love.com\/es\/wp-json\/wp\/v2\/product\/112641","targetHints":{"allow":["GET"]}}],"collection":[{"href":"https:\/\/gpl-love.com\/es\/wp-json\/wp\/v2\/product"}],"about":[{"href":"https:\/\/gpl-love.com\/es\/wp-json\/wp\/v2\/types\/product"}],"replies":[{"embeddable":true,"href":"https:\/\/gpl-love.com\/es\/wp-json\/wp\/v2\/comments?post=112641"}],"wp:featuredmedia":[{"embeddable":true,"href":"https:\/\/gpl-love.com\/es\/wp-json\/wp\/v2\/media\/168224"}],"wp:attachment":[{"href":"https:\/\/gpl-love.com\/es\/wp-json\/wp\/v2\/media?parent=112641"}],"wp:term":[{"taxonomy":"product_brand","embeddable":true,"href":"https:\/\/gpl-love.com\/es\/wp-json\/wp\/v2\/product_brand?post=112641"},{"taxonomy":"product_cat","embeddable":true,"href":"https:\/\/gpl-love.com\/es\/wp-json\/wp\/v2\/product_cat?post=112641"},{"taxonomy":"product_tag","embeddable":true,"href":"https:\/\/gpl-love.com\/es\/wp-json\/wp\/v2\/product_tag?post=112641"}],"curies":[{"name":"wp","href":"https:\/\/api.w.org\/{rel}","templated":true}]}}