{"id":112639,"date":"2025-11-10T00:00:00","date_gmt":"2025-11-10T05:00:00","guid":{"rendered":"http:\/\/gpl-love.com\/es\/producto\/woocommerce-photography\/"},"modified":"2026-03-09T08:24:04","modified_gmt":"2026-03-09T13:24:04","slug":"woocommerce-photography","status":"publish","type":"product","link":"https:\/\/gpl-love.com\/es\/producto\/woocommerce-photography\/","title":{"rendered":"WooCommerce Photography 1.3.0"},"content":{"rendered":"<h3>WooCommerce Photography Caracteristicas<\/h3>\n<p>La fotograf\u00eda de WooCommerce demuestra ser una herramienta excepcionalmente ventajosa que atiende a los fot\u00f3grafos que aspiran a comercializar sus creaciones art\u00edsticas en el vasto reino del panorama digital. Este complemento se integra sin problemas con la plataforma WooCommerce, otorgando a los fot\u00f3grafos con la invaluable capacidad de presentar y vender efectivamente sus impresionantes instant\u00e1neas directamente en su sitio web personal. Con una interfaz notablemente f\u00e1cil de usar, los fot\u00f3grafos est\u00e1n permitidos sin esfuerzo para cargar, organizar y administrar competitivamente su abundante colecci\u00f3n de fotograf\u00edas fascinantes. A su vez, los posibles clientes reciben la inigualable oportunidad de exuberio en la cautivadora belleza de las galer\u00edas cautivadoras, examinan y seleccionan meticulosamente sus im\u00e1genes m\u00e1s apreciadas, y procuran sin problemas en una gran cantidad de formatos vers\u00e1tiles, que van desde las convenientes descargas digitales hasta El encanto atemporal de impresiones tangibles. Quiz\u00e1s una de las facetas m\u00e1s atractivas de este complemento se encuentra dentro de su extenso repertorio de opciones de personalizaci\u00f3n, capacitando a los fot\u00f3grafos para manipular y perfeccionar expertos su visi\u00f3n art\u00edstica, incluido, entre otros, el establecimiento sin problemas de los precios, la formulaci\u00f3n de c\u00f3digos de descuento tentadoras e incluso La meticulosa creaci\u00f3n de marcas de agua distintivas. En conclusi\u00f3n, la fotograf\u00eda de WooCommerce indudablemente demuestra ser una soluci\u00f3n altamente potente e inmensamente ventajosa, adaptada meticulosamente a la medida de satisfacer las necesidades exigentes de los fot\u00f3grafos que anhelan aumentar sus ventas en l\u00ednea y racionalizar su flujo de trabajo creativo a alturas sin igual de eficiencia y \u00e9xito.<\/p>\n<ul>\n<li>Soluci\u00f3n de comercio electr\u00f3nico dise\u00f1ada espec\u00edficamente para negocios de fotograf\u00eda utilizando WooCommerce<\/li>\n<li>Integrado con las bajas de pago de pago para transacciones seguras en l\u00ednea<\/li>\n<li>Ofrece plantillas personalizables de escaparate para mostrar sus fotos y productos<\/li>\n<li>Incluye opciones para descargas digitales, impresiones y productos fotogr\u00e1ficos como lienzos y libros de fotos.<\/li>\n<li>Reliminar la gesti\u00f3n y el cumplimiento de los pedidos con correos electr\u00f3nicos automatizados y n\u00fameros de seguimiento<\/li>\n<li>Interfaz f\u00e1cil de usar para una experiencia perfecta al cliente<\/li>\n<li>Compatible con constructores de sitios web de fotograf\u00eda popular como WordPress<\/li>\n<li>Proporciona informes y an\u00e1lisis s\u00f3lidos para rastrear las ventas, el comportamiento del cliente e inventario<\/li>\n<li>F\u00e1cilmente manejable desde un tablero centralizado para la gesti\u00f3n de tiendas sin esfuerzo<\/li>\n<li>Ofrece apoyo 24\/7 de profesionales expertos.<\/li>\n<\/ul>\n","protected":false},"excerpt":{"rendered":"<p>El complemento de fotograf\u00eda WooCommerce es una herramienta incre\u00edblemente robusta y din\u00e1mica que facilita la venta perfecta de su amplia gama de productos y servicios fotogr\u00e1ficos. Con una integraci\u00f3n perfecta con su tienda WooCommerce existente, este complemento lo capacita equipando con la capacidad de cargar, vender y vender eficientemente su impresionante gama de productos digitales, incluidas, entre otros, impresionantes fotograf\u00edas, impresiones, creaciones de lona exquisitas y exquisitas. mucho m\u00e1s. Armado con un conjunto integral de herramientas esenciales convenientemente a su disposici\u00f3n, posee los medios para construir expertos en una tienda de fotograf\u00eda en l\u00ednea visualmente cautivadora y completamente f\u00e1cil de usar, asegurando que su estimada clientela pueda leer y comprar sus ofertas notables sin esfuerzo. Al aprovechar las capacidades notables de la fotograf\u00eda de WooCommerce, usted tiene la clave para impulsar su estimado negocio de fotograf\u00eda a alturas sin precedentes, superando sin esfuerzo todas las limitaciones anteriores y lograr el \u00e9xito y la satisfacci\u00f3n reci\u00e9n descubiertos.<\/p>\n","protected":false},"featured_media":168208,"comment_status":"open","ping_status":"open","template":"","meta":[],"product_brand":[2344],"product_cat":[1208,1207,1206],"product_tag":[1423],"class_list":{"0":"post-112639","1":"product","2":"type-product","3":"status-publish","4":"has-post-thumbnail","6":"product_brand-woocommerce","7":"product_cat-administracion","8":"product_cat-comercio-electronico-plugins","9":"product_cat-plugins","10":"product_tag-woocommerce","11":"member-discount","12":"discount-restricted","14":"first","15":"instock","16":"sale","17":"downloadable","18":"virtual","19":"sold-individually","20":"purchasable","21":"product-type-simple"},"_links":{"self":[{"href":"https:\/\/gpl-love.com\/es\/wp-json\/wp\/v2\/product\/112639","targetHints":{"allow":["GET"]}}],"collection":[{"href":"https:\/\/gpl-love.com\/es\/wp-json\/wp\/v2\/product"}],"about":[{"href":"https:\/\/gpl-love.com\/es\/wp-json\/wp\/v2\/types\/product"}],"replies":[{"embeddable":true,"href":"https:\/\/gpl-love.com\/es\/wp-json\/wp\/v2\/comments?post=112639"}],"wp:featuredmedia":[{"embeddable":true,"href":"https:\/\/gpl-love.com\/es\/wp-json\/wp\/v2\/media\/168208"}],"wp:attachment":[{"href":"https:\/\/gpl-love.com\/es\/wp-json\/wp\/v2\/media?parent=112639"}],"wp:term":[{"taxonomy":"product_brand","embeddable":true,"href":"https:\/\/gpl-love.com\/es\/wp-json\/wp\/v2\/product_brand?post=112639"},{"taxonomy":"product_cat","embeddable":true,"href":"https:\/\/gpl-love.com\/es\/wp-json\/wp\/v2\/product_cat?post=112639"},{"taxonomy":"product_tag","embeddable":true,"href":"https:\/\/gpl-love.com\/es\/wp-json\/wp\/v2\/product_tag?post=112639"}],"curies":[{"name":"wp","href":"https:\/\/api.w.org\/{rel}","templated":true}]}}