{"id":112633,"date":"2021-07-25T00:00:00","date_gmt":"2021-07-25T05:00:00","guid":{"rendered":"http:\/\/gpl-love.com\/es\/producto\/premmerce-woocommerce-product-filter\/"},"modified":"2026-03-09T08:01:47","modified_gmt":"2026-03-09T13:01:47","slug":"premmerce-woocommerce-product-filter","status":"publish","type":"product","link":"https:\/\/gpl-love.com\/es\/producto\/premmerce-woocommerce-product-filter\/","title":{"rendered":"Premmerce WooCommerce Product Filter 3.5.5"},"content":{"rendered":"<h3>Premmerce WooCommerce Product Filter Caracteristicas<\/h3>\n<p>Premmerce WooCommerce Product Filter es una herramienta incre\u00edblemente robusta y eficiente que sirve como una ayuda invaluable para los clientes en la ubicaci\u00f3n r\u00e1pida y sin esfuerzo de los productos exactos que desean. El complemento cuenta con una extensa variedad de alternativas de filtrado, que abarca, pero no se limita al precio, la categor\u00eda, la etiqueta y varios otros criterios. Adem\u00e1s, los clientes poseen la capacidad de organizar y organizar convenientemente los resultados de b\u00fasqueda de acuerdo con una variedad de par\u00e1metros, asegurando que descubran sin esfuerzo los productos que se alinean de manera \u00f3ptima con sus preferencias y necesidades individuales. La notable flexibilidad y adaptabilidad del complemento brinda a las empresas la oportunidad de adaptar meticulosamente el sistema de filtrado de acuerdo con su propia gama \u00fanica de productos y los requisitos espec\u00edficos de su valiosa clientela. En virtud de integrar las capacidades incomparables del filtro de productos Premmerce WooCommerce en sus operaciones, las empresas pueden mejorar efectivamente la experiencia general del cliente, reforzar sus ingresos por ventas y lograr una eficiencia operativa sin problemas.<\/p>\n<ul>\n<li>Permite a los clientes filtrar y encontrar f\u00e1cilmente productos en su sitio web de WooCommerce<\/li>\n<li>Se puede personalizar para adaptarse a sus categor\u00edas y atributos de productos espec\u00edficos<\/li>\n<li>Ofrece una interfaz f\u00e1cil de usar con m\u00faltiples opciones de filtro, como el rango de precios y los atributos del producto<\/li>\n<li>Mejora la experiencia de compra para los clientes al reducir el tiempo de b\u00fasqueda y aumentar la relevancia del producto.<\/li>\n<li>Compatible con todos los principales temas de WordPress y versiones de WooCommerce<\/li>\n<li>Admite la integraci\u00f3n de widget y de c\u00f3digo corto para una f\u00e1cil configuraci\u00f3n y personalizaci\u00f3n<\/li>\n<li>Incluye soporte y actualizaciones del equipo Premmerce para una experiencia perfecta tanto para usted como para sus clientes.<\/li>\n<\/ul>\n","protected":false},"excerpt":{"rendered":"<p>El filtro de productos de WooCommerce PremMerce se erige como una herramienta incre\u00edblemente potente y eficaz que permite a los clientes ajustar meticulosamente y mejorar sus b\u00fasquedas de productos, basado en una gran cantidad de atributos, que incluyen, entre otros, el color, el tama\u00f1o, el rango de precios y una serie de otros criterios. Esta herramienta invaluable no solo acelera y racionaliza el proceso de localizaci\u00f3n y adquisici\u00f3n de los productos deseados, sino que tambi\u00e9n garantiza una satisfacci\u00f3n elevada del usuario, lo que da lugar a una mayor experiencia del usuario y, a su vez, cataliza un aumento significativo en las cifras de ventas para su estimada tienda de WooCommerce. En virtud de sus funcionalidades innovadoras e innovadoras, como la b\u00fasqueda y el filtro basado en AJAX, los widgets totalmente personalizables, as\u00ed como las actualizaciones r\u00e1pidas en tiempo real, el filtro de productos de WooCommerce Premmerce emerge inequ\u00edvocamente como un activo indispensable para cualquier almac\u00e9n en l\u00ednea que aspira a una tienda en l\u00ednea que aspira a Aspires a Aspires a Aspires a Aspires a Aspires a Aspires a Aspires a Aspires a Aspires a Aspires a Aspires a Aspires a Aspires a Aspires a Aspires a Aspires a Aspires a Aspires a Aspires a Aspires a Aspires a Aspires a Aspires a Aspires a Aspires a Aspires a Aspires a Aspires a Aspires a Aspires a Aspires a Aspires a Aspires a Aspires a Aspires que aspira a Decreting. Aumentar y embellecer la experiencia general del cliente al tiempo que fomenta simult\u00e1neamente un aumento sustancial en el rendimiento de las ventas.<\/p>\n","protected":false},"featured_media":167252,"comment_status":"open","ping_status":"open","template":"","meta":[],"product_brand":[2534],"product_cat":[1207,1248,1206],"product_tag":[2106],"class_list":{"0":"post-112633","1":"product","2":"type-product","3":"status-publish","4":"has-post-thumbnail","6":"product_brand-premmerce","7":"product_cat-comercio-electronico-plugins","8":"product_cat-personalizacion-comercio-electronico-plugins","9":"product_cat-plugins","10":"product_tag-premmerce","11":"member-discount","12":"discount-restricted","14":"first","15":"instock","16":"sale","17":"downloadable","18":"virtual","19":"sold-individually","20":"purchasable","21":"product-type-simple"},"_links":{"self":[{"href":"https:\/\/gpl-love.com\/es\/wp-json\/wp\/v2\/product\/112633","targetHints":{"allow":["GET"]}}],"collection":[{"href":"https:\/\/gpl-love.com\/es\/wp-json\/wp\/v2\/product"}],"about":[{"href":"https:\/\/gpl-love.com\/es\/wp-json\/wp\/v2\/types\/product"}],"replies":[{"embeddable":true,"href":"https:\/\/gpl-love.com\/es\/wp-json\/wp\/v2\/comments?post=112633"}],"wp:featuredmedia":[{"embeddable":true,"href":"https:\/\/gpl-love.com\/es\/wp-json\/wp\/v2\/media\/167252"}],"wp:attachment":[{"href":"https:\/\/gpl-love.com\/es\/wp-json\/wp\/v2\/media?parent=112633"}],"wp:term":[{"taxonomy":"product_brand","embeddable":true,"href":"https:\/\/gpl-love.com\/es\/wp-json\/wp\/v2\/product_brand?post=112633"},{"taxonomy":"product_cat","embeddable":true,"href":"https:\/\/gpl-love.com\/es\/wp-json\/wp\/v2\/product_cat?post=112633"},{"taxonomy":"product_tag","embeddable":true,"href":"https:\/\/gpl-love.com\/es\/wp-json\/wp\/v2\/product_tag?post=112633"}],"curies":[{"name":"wp","href":"https:\/\/api.w.org\/{rel}","templated":true}]}}